{"id":7358,"date":"2023-11-09T14:45:42","date_gmt":"2023-11-09T14:45:42","guid":{"rendered":"http:\/\/obeneficio.com\/?post_type=product&#038;p=7358"},"modified":"2025-05-06T11:22:07","modified_gmt":"2025-05-06T11:22:07","slug":"castanha","status":"publish","type":"product","link":"https:\/\/obeneficio.com\/en\/store\/castanha\/","title":{"rendered":"Gin Benef\u00edcio \u2013 Castanha DOP de Marv\u00e3o"},"content":{"rendered":"<h3>Test results<\/h3>\n<p><strong>No nariz<\/strong>: Nas profundezas do copo, repousa um gin que evoca os sussurros de uma serra quente e distante, abra\u00e7ado por um suave aceno da castanha assada que paira no ar. \u00c9 um convite ao olfato, uma promessa de uma viagem atrav\u00e9s dos sentidos, onde os segredos do bosque encontram-se com o alambique na destilaria.<\/p>\n<p><strong>Na boca<\/strong>: E, quando finalmente os l\u00e1bios tocam o l\u00edquido, \u00e9 como se uma hist\u00f3ria acontecesse. O gin surpreende, como uma reviravolta num conto, contrastando a sua promessa olfativa com a realidade gustativa. Na boca, revela-se o calor invernal da serra, aquecendo o cora\u00e7\u00e3o como uma lareira num dia de neve. Uma do\u00e7ura floral, delicada e aparente, envolve o paladar, como p\u00e9talas de flores na primavera.<\/p>\n<h3>Details<\/h3>\n<p>Produzimos as garrafas de Benef\u00edcio Gin tendo em conta os seguintes vectores:<\/p>\n<ul>\n<li><strong>Sustentabilidade:<\/strong> n\u00e3o cont\u00eam pl\u00e1stico;<\/li>\n<li><strong>Reutiliza\u00e7\u00e3o e colecionismo:<\/strong> podem ser reutilizadas como recipientes para outros l\u00edquidos;<\/li>\n<li><strong>Materiais nobres e aut\u00f3ctones<\/strong> cada garrafa tem duas rolhas em corti\u00e7a, sendo uma de substitui\u00e7\u00e3o, o que lhe confere outra nobreza e usabilidade, ao mesmo tempo que apoia a economia nacional.<\/li>\n<\/ul>\n<p>+ Produced and bottled in Portugal<br \/>\n+ Clear transparent colour<br \/>\n+ Garrafa fechada com rolha t\u00e9cnica<br \/>\n+ Replacement stopper<br \/>\n+ Teor Alco\u00f3lico: 43.0% Vol<br \/>\n+ Capacity: 500 ml<\/p>","protected":false},"excerpt":{"rendered":"<p class=\"\">As notas de prova no nariz e na boca confirmam o Gin Benef\u00edcio de Castanha DOP de Marv\u00e3o como um gin de envolv\u00eancia plena de um cen\u00e1rio sensorial, no qual h\u00e1 um toque c\u00edtrico, como um raio de sol que rompe as nuvens de um dia chuvoso. \u00c9 a promessa cumprida, a jornada que se completa e o gin que se revela como uma obra de arte da natureza e da destilaria. \u00c9 uma dan\u00e7a de sabores e aromas, onde o paladar \u00e9 o espetador e o copo \u00e9 o palco.<\/p>\n<p class=\"\">Este gin \u00e9 macerado dentro do alambique de cobre, onde \u00e9 posteriormente destilado, e \u00e9 produzido pelo m\u00e9todo London Dry, pelo que \u00e9 produto de uma destila\u00e7\u00e3o \u00fanica.<\/p>","protected":false},"featured_media":7397,"comment_status":"open","ping_status":"closed","template":"","meta":[],"product_brand":[],"product_cat":[144],"product_tag":[],"class_list":{"0":"post-7358","1":"product","2":"type-product","3":"status-publish","4":"has-post-thumbnail","6":"product_cat-gin-castanha","8":"first","9":"instock","10":"taxable","11":"shipping-taxable","12":"product-type-external"},"bundled_by":[],"bundle_stock_status":"instock","bundle_stock_quantity":null,"bundle_virtual":false,"bundle_layout":"","bundle_add_to_cart_form_location":"","bundle_editable_in_cart":false,"bundle_sold_individually_context":"","bundle_item_grouping":"","bundle_min_size":"","bundle_max_size":"","bundle_price":[],"bundled_items":[],"bundle_sell_ids":[],"yoast_head":"<!-- This site is optimized with the Yoast SEO plugin v27.4 - https:\/\/yoast.com\/product\/yoast-seo-wordpress\/ -->\n<title>Gin Benef\u00edcio \u2013 Castanha DOP de Marv\u00e3o<\/title>\n<meta name=\"description\" content=\"Um gin de envolv\u00eancia plena de um cen\u00e1rio sensorial, no qual h\u00e1 um toque c\u00edtrico, como um raio de sol que rompe as nuvens de um dia chuvoso.\" \/>\n<meta name=\"robots\" content=\"index, follow, max-snippet:-1, max-image-preview:large, max-video-preview:-1\" \/>\n<link rel=\"canonical\" href=\"https:\/\/obeneficio.com\/en\/store\/castanha\/\" \/>\n<meta name=\"twitter:label1\" content=\"Estimated reading time\" \/>\n\t<meta name=\"twitter:data1\" content=\"2 minutes\" \/>\n<script type=\"application\/ld+json\" class=\"yoast-schema-graph\">{\"@context\":\"https:\\\/\\\/schema.org\",\"@graph\":[{\"@type\":\"WebPage\",\"@id\":\"https:\\\/\\\/obeneficio.com\\\/store\\\/castanha\\\/\",\"url\":\"https:\\\/\\\/obeneficio.com\\\/store\\\/castanha\\\/\",\"name\":\"Gin Benef\u00edcio \u2013 Castanha DOP de Marv\u00e3o\",\"isPartOf\":{\"@id\":\"https:\\\/\\\/obeneficio.com\\\/#website\"},\"primaryImageOfPage\":{\"@id\":\"https:\\\/\\\/obeneficio.com\\\/store\\\/castanha\\\/#primaryimage\"},\"image\":{\"@id\":\"https:\\\/\\\/obeneficio.com\\\/store\\\/castanha\\\/#primaryimage\"},\"thumbnailUrl\":\"https:\\\/\\\/obeneficio.com\\\/wp-content\\\/uploads\\\/2023\\\/11\\\/BEN_CASTANHA_Image.jpg\",\"datePublished\":\"2023-11-09T14:45:42+00:00\",\"dateModified\":\"2025-05-06T11:22:07+00:00\",\"description\":\"Um gin de envolv\u00eancia plena de um cen\u00e1rio sensorial, no qual h\u00e1 um toque c\u00edtrico, como um raio de sol que rompe as nuvens de um dia chuvoso.\",\"breadcrumb\":{\"@id\":\"https:\\\/\\\/obeneficio.com\\\/store\\\/castanha\\\/#breadcrumb\"},\"inLanguage\":\"en-GB\",\"potentialAction\":[{\"@type\":\"ReadAction\",\"target\":[\"https:\\\/\\\/obeneficio.com\\\/store\\\/castanha\\\/\"]}]},{\"@type\":\"ImageObject\",\"inLanguage\":\"en-GB\",\"@id\":\"https:\\\/\\\/obeneficio.com\\\/store\\\/castanha\\\/#primaryimage\",\"url\":\"https:\\\/\\\/obeneficio.com\\\/wp-content\\\/uploads\\\/2023\\\/11\\\/BEN_CASTANHA_Image.jpg\",\"contentUrl\":\"https:\\\/\\\/obeneficio.com\\\/wp-content\\\/uploads\\\/2023\\\/11\\\/BEN_CASTANHA_Image.jpg\",\"width\":2380,\"height\":2380},{\"@type\":\"BreadcrumbList\",\"@id\":\"https:\\\/\\\/obeneficio.com\\\/store\\\/castanha\\\/#breadcrumb\",\"itemListElement\":[{\"@type\":\"ListItem\",\"position\":1,\"name\":\"In\u00edcio\",\"item\":\"https:\\\/\\\/obeneficio.com\\\/en\\\/\"},{\"@type\":\"ListItem\",\"position\":2,\"name\":\"Loja\",\"item\":\"https:\\\/\\\/obeneficio.com\\\/en\\\/loja\\\/\"},{\"@type\":\"ListItem\",\"position\":3,\"name\":\"Gin Benef\u00edcio \u2013 Castanha DOP de Marv\u00e3o\"}]},{\"@type\":\"WebSite\",\"@id\":\"https:\\\/\\\/obeneficio.com\\\/#website\",\"url\":\"https:\\\/\\\/obeneficio.com\\\/\",\"name\":\"O Benef\u00edcio\",\"description\":\"Ningu\u00e9m sabe o que \u00e9, mas vai ser incr\u00edvel!\",\"potentialAction\":[{\"@type\":\"SearchAction\",\"target\":{\"@type\":\"EntryPoint\",\"urlTemplate\":\"https:\\\/\\\/obeneficio.com\\\/?s={search_term_string}\"},\"query-input\":{\"@type\":\"PropertyValueSpecification\",\"valueRequired\":true,\"valueName\":\"search_term_string\"}}],\"inLanguage\":\"en-GB\"}]}<\/script>\n<!-- \/ Yoast SEO plugin. -->","yoast_head_json":{"title":"Gin Benef\u00edcio \u2013 Castanha DOP de Marv\u00e3o","description":"Um gin de envolv\u00eancia plena de um cen\u00e1rio sensorial, no qual h\u00e1 um toque c\u00edtrico, como um raio de sol que rompe as nuvens de um dia chuvoso.","robots":{"index":"index","follow":"follow","max-snippet":"max-snippet:-1","max-image-preview":"max-image-preview:large","max-video-preview":"max-video-preview:-1"},"canonical":"https:\/\/obeneficio.com\/en\/store\/castanha\/","twitter_misc":{"Estimated reading time":"2 minutes"},"schema":{"@context":"https:\/\/schema.org","@graph":[{"@type":"WebPage","@id":"https:\/\/obeneficio.com\/store\/castanha\/","url":"https:\/\/obeneficio.com\/store\/castanha\/","name":"Gin Benef\u00edcio \u2013 Castanha DOP de Marv\u00e3o","isPartOf":{"@id":"https:\/\/obeneficio.com\/#website"},"primaryImageOfPage":{"@id":"https:\/\/obeneficio.com\/store\/castanha\/#primaryimage"},"image":{"@id":"https:\/\/obeneficio.com\/store\/castanha\/#primaryimage"},"thumbnailUrl":"https:\/\/obeneficio.com\/wp-content\/uploads\/2023\/11\/BEN_CASTANHA_Image.jpg","datePublished":"2023-11-09T14:45:42+00:00","dateModified":"2025-05-06T11:22:07+00:00","description":"Um gin de envolv\u00eancia plena de um cen\u00e1rio sensorial, no qual h\u00e1 um toque c\u00edtrico, como um raio de sol que rompe as nuvens de um dia chuvoso.","breadcrumb":{"@id":"https:\/\/obeneficio.com\/store\/castanha\/#breadcrumb"},"inLanguage":"en-GB","potentialAction":[{"@type":"ReadAction","target":["https:\/\/obeneficio.com\/store\/castanha\/"]}]},{"@type":"ImageObject","inLanguage":"en-GB","@id":"https:\/\/obeneficio.com\/store\/castanha\/#primaryimage","url":"https:\/\/obeneficio.com\/wp-content\/uploads\/2023\/11\/BEN_CASTANHA_Image.jpg","contentUrl":"https:\/\/obeneficio.com\/wp-content\/uploads\/2023\/11\/BEN_CASTANHA_Image.jpg","width":2380,"height":2380},{"@type":"BreadcrumbList","@id":"https:\/\/obeneficio.com\/store\/castanha\/#breadcrumb","itemListElement":[{"@type":"ListItem","position":1,"name":"In\u00edcio","item":"https:\/\/obeneficio.com\/en\/"},{"@type":"ListItem","position":2,"name":"Loja","item":"https:\/\/obeneficio.com\/en\/loja\/"},{"@type":"ListItem","position":3,"name":"Gin Benef\u00edcio \u2013 Castanha DOP de Marv\u00e3o"}]},{"@type":"WebSite","@id":"https:\/\/obeneficio.com\/#website","url":"https:\/\/obeneficio.com\/","name":"O Benef\u00edcio","description":"Nobody knows what it is, but it will be amazing!","potentialAction":[{"@type":"SearchAction","target":{"@type":"EntryPoint","urlTemplate":"https:\/\/obeneficio.com\/?s={search_term_string}"},"query-input":{"@type":"PropertyValueSpecification","valueRequired":true,"valueName":"search_term_string"}}],"inLanguage":"en-GB"}]}},"_links":{"self":[{"href":"https:\/\/obeneficio.com\/en\/wp-json\/wp\/v2\/product\/7358","targetHints":{"allow":["GET"]}}],"collection":[{"href":"https:\/\/obeneficio.com\/en\/wp-json\/wp\/v2\/product"}],"about":[{"href":"https:\/\/obeneficio.com\/en\/wp-json\/wp\/v2\/types\/product"}],"replies":[{"embeddable":true,"href":"https:\/\/obeneficio.com\/en\/wp-json\/wp\/v2\/comments?post=7358"}],"wp:featuredmedia":[{"embeddable":true,"href":"https:\/\/obeneficio.com\/en\/wp-json\/wp\/v2\/media\/7397"}],"wp:attachment":[{"href":"https:\/\/obeneficio.com\/en\/wp-json\/wp\/v2\/media?parent=7358"}],"wp:term":[{"taxonomy":"product_brand","embeddable":true,"href":"https:\/\/obeneficio.com\/en\/wp-json\/wp\/v2\/product_brand?post=7358"},{"taxonomy":"product_cat","embeddable":true,"href":"https:\/\/obeneficio.com\/en\/wp-json\/wp\/v2\/product_cat?post=7358"},{"taxonomy":"product_tag","embeddable":true,"href":"https:\/\/obeneficio.com\/en\/wp-json\/wp\/v2\/product_tag?post=7358"}],"curies":[{"name":"wp","href":"https:\/\/api.w.org\/{rel}","templated":true}]}}