{"id":7005,"date":"2021-04-18T10:49:51","date_gmt":"2021-04-18T10:49:51","guid":{"rendered":"http:\/\/obeneficio.com\/?post_type=product&#038;p=7005"},"modified":"2025-05-06T11:22:16","modified_gmt":"2025-05-06T11:22:16","slug":"familia-feliz","status":"publish","type":"product","link":"https:\/\/obeneficio.com\/en\/store\/familia-feliz\/","title":{"rendered":"Gin Benef\u00edcio \u2013 Happy Family"},"content":{"rendered":"<p>The tasting notes on the nose and mouth confirm the Hemp Flower Gin as a new age gin and with an intrinsic complexity so that connoisseurs and connoisseurs have a reason for conversation and challenges in their tasting.<\/p>\n<p>This gin is macerated inside the copper still where it is subsequently distilled and produced by the London Dry method, so it is the product of a unique distillation.<\/p>\n<p>In the development process of this Hemp Flower Gin, three variations were born, Herbal, Summery and Delicate, and as in a happy Family everyone is welcome, so there are three differentiated products with the same distillation base.<\/p>","protected":false},"excerpt":{"rendered":"<p>This Hemp Flower Gin is a gin-based on Juniper and an infusion of 11 botanists and whose magic is given by the Herb Prince, Cardamom and Ginger. The Hemp flower plays the vocalist role,  a plant with very herbaceous flavours, and we've compensated with freshness and sweetness.<\/p>","protected":false},"featured_media":7428,"comment_status":"open","ping_status":"closed","template":"","meta":[],"product_brand":[],"product_cat":[115,135,117],"product_tag":[122],"class_list":{"0":"post-7005","1":"product","2":"type-product","3":"status-publish","4":"has-post-thumbnail","6":"product_cat-6a-edicao","7":"product_cat-beneficio","8":"product_cat-gins","9":"product_tag-estival-e-delicado","11":"first","12":"instock","13":"taxable","14":"shipping-taxable","15":"product-type-external"},"bundled_by":[],"bundle_stock_status":"instock","bundle_stock_quantity":null,"bundle_virtual":false,"bundle_layout":"","bundle_add_to_cart_form_location":"","bundle_editable_in_cart":false,"bundle_sold_individually_context":"","bundle_item_grouping":"","bundle_min_size":"","bundle_max_size":"","bundle_price":[],"bundled_items":[],"bundle_sell_ids":[],"yoast_head":"<!-- This site is optimized with the Yoast SEO plugin v27.4 - https:\/\/yoast.com\/product\/yoast-seo-wordpress\/ -->\n<title>Gin Benef\u00edcio \u2013 Fam\u00edlia Feliz<\/title>\n<meta name=\"description\" content=\"O Gin Benef\u00edcio de Flor de C\u00e2nhamo \u00e9 macerado dentro do alambique de cobre onde \u00e9 posteriormente destilado e \u00e9 produzido pelo m\u00e9todo London Dry, pelo que \u00e9 produto de uma destila\u00e7\u00e3o \u00fanica. No processo de desenvolvimento do Gin Benef\u00edcio de Flor de C\u00e2nhamo, nasceram tr\u00eas varia\u00e7\u00f5es \u2013 Herbal, Estival e Delicado \u2013, e como nas fam\u00edlias felizes todos s\u00e3o bem-vindos, existem assim tr\u00eas produtos diferenciados e com a mesma base de destila\u00e7\u00e3o.\" \/>\n<meta name=\"robots\" content=\"index, follow, max-snippet:-1, max-image-preview:large, max-video-preview:-1\" \/>\n<link rel=\"canonical\" href=\"https:\/\/obeneficio.com\/en\/store\/familia-feliz\/\" \/>\n<meta name=\"twitter:label1\" content=\"Estimated reading time\" \/>\n\t<meta name=\"twitter:data1\" content=\"1 minute\" \/>\n<script type=\"application\/ld+json\" class=\"yoast-schema-graph\">{\"@context\":\"https:\\\/\\\/schema.org\",\"@graph\":[{\"@type\":\"WebPage\",\"@id\":\"https:\\\/\\\/obeneficio.com\\\/store\\\/familia-feliz\\\/\",\"url\":\"https:\\\/\\\/obeneficio.com\\\/store\\\/familia-feliz\\\/\",\"name\":\"Gin Benef\u00edcio \u2013 Fam\u00edlia Feliz\",\"isPartOf\":{\"@id\":\"https:\\\/\\\/obeneficio.com\\\/#website\"},\"primaryImageOfPage\":{\"@id\":\"https:\\\/\\\/obeneficio.com\\\/store\\\/familia-feliz\\\/#primaryimage\"},\"image\":{\"@id\":\"https:\\\/\\\/obeneficio.com\\\/store\\\/familia-feliz\\\/#primaryimage\"},\"thumbnailUrl\":\"https:\\\/\\\/obeneficio.com\\\/wp-content\\\/uploads\\\/2021\\\/04\\\/Familia_Feliz_Vidro.jpg\",\"datePublished\":\"2021-04-18T10:49:51+00:00\",\"dateModified\":\"2025-05-06T11:22:16+00:00\",\"description\":\"O Gin Benef\u00edcio de Flor de C\u00e2nhamo \u00e9 macerado dentro do alambique de cobre onde \u00e9 posteriormente destilado e \u00e9 produzido pelo m\u00e9todo London Dry, pelo que \u00e9 produto de uma destila\u00e7\u00e3o \u00fanica. No processo de desenvolvimento do Gin Benef\u00edcio de Flor de C\u00e2nhamo, nasceram tr\u00eas varia\u00e7\u00f5es \u2013 Herbal, Estival e Delicado \u2013, e como nas fam\u00edlias felizes todos s\u00e3o bem-vindos, existem assim tr\u00eas produtos diferenciados e com a mesma base de destila\u00e7\u00e3o.\",\"breadcrumb\":{\"@id\":\"https:\\\/\\\/obeneficio.com\\\/store\\\/familia-feliz\\\/#breadcrumb\"},\"inLanguage\":\"en-GB\",\"potentialAction\":[{\"@type\":\"ReadAction\",\"target\":[\"https:\\\/\\\/obeneficio.com\\\/store\\\/familia-feliz\\\/\"]}]},{\"@type\":\"ImageObject\",\"inLanguage\":\"en-GB\",\"@id\":\"https:\\\/\\\/obeneficio.com\\\/store\\\/familia-feliz\\\/#primaryimage\",\"url\":\"https:\\\/\\\/obeneficio.com\\\/wp-content\\\/uploads\\\/2021\\\/04\\\/Familia_Feliz_Vidro.jpg\",\"contentUrl\":\"https:\\\/\\\/obeneficio.com\\\/wp-content\\\/uploads\\\/2021\\\/04\\\/Familia_Feliz_Vidro.jpg\",\"width\":1500,\"height\":1500},{\"@type\":\"BreadcrumbList\",\"@id\":\"https:\\\/\\\/obeneficio.com\\\/store\\\/familia-feliz\\\/#breadcrumb\",\"itemListElement\":[{\"@type\":\"ListItem\",\"position\":1,\"name\":\"In\u00edcio\",\"item\":\"https:\\\/\\\/obeneficio.com\\\/\"},{\"@type\":\"ListItem\",\"position\":2,\"name\":\"Loja\",\"item\":\"https:\\\/\\\/obeneficio.com\\\/en\\\/loja\\\/\"},{\"@type\":\"ListItem\",\"position\":3,\"name\":\"Gin Benef\u00edcio \u2013 Fam\u00edlia Feliz\"}]},{\"@type\":\"WebSite\",\"@id\":\"https:\\\/\\\/obeneficio.com\\\/#website\",\"url\":\"https:\\\/\\\/obeneficio.com\\\/\",\"name\":\"O Benef\u00edcio\",\"description\":\"Ningu\u00e9m sabe o que \u00e9, mas vai ser incr\u00edvel!\",\"potentialAction\":[{\"@type\":\"SearchAction\",\"target\":{\"@type\":\"EntryPoint\",\"urlTemplate\":\"https:\\\/\\\/obeneficio.com\\\/?s={search_term_string}\"},\"query-input\":{\"@type\":\"PropertyValueSpecification\",\"valueRequired\":true,\"valueName\":\"search_term_string\"}}],\"inLanguage\":\"en-GB\"}]}<\/script>\n<!-- \/ Yoast SEO plugin. -->","yoast_head_json":{"title":"Gin Benef\u00edcio \u2013 Happy Family","description":"O Gin Benef\u00edcio de Flor de C\u00e2nhamo \u00e9 macerado dentro do alambique de cobre onde \u00e9 posteriormente destilado e \u00e9 produzido pelo m\u00e9todo London Dry, pelo que \u00e9 produto de uma destila\u00e7\u00e3o \u00fanica. No processo de desenvolvimento do Gin Benef\u00edcio de Flor de C\u00e2nhamo, nasceram tr\u00eas varia\u00e7\u00f5es \u2013 Herbal, Estival e Delicado \u2013, e como nas fam\u00edlias felizes todos s\u00e3o bem-vindos, existem assim tr\u00eas produtos diferenciados e com a mesma base de destila\u00e7\u00e3o.","robots":{"index":"index","follow":"follow","max-snippet":"max-snippet:-1","max-image-preview":"max-image-preview:large","max-video-preview":"max-video-preview:-1"},"canonical":"https:\/\/obeneficio.com\/en\/store\/familia-feliz\/","twitter_misc":{"Estimated reading time":"1 minute"},"schema":{"@context":"https:\/\/schema.org","@graph":[{"@type":"WebPage","@id":"https:\/\/obeneficio.com\/store\/familia-feliz\/","url":"https:\/\/obeneficio.com\/store\/familia-feliz\/","name":"Gin Benef\u00edcio \u2013 Happy Family","isPartOf":{"@id":"https:\/\/obeneficio.com\/#website"},"primaryImageOfPage":{"@id":"https:\/\/obeneficio.com\/store\/familia-feliz\/#primaryimage"},"image":{"@id":"https:\/\/obeneficio.com\/store\/familia-feliz\/#primaryimage"},"thumbnailUrl":"https:\/\/obeneficio.com\/wp-content\/uploads\/2021\/04\/Familia_Feliz_Vidro.jpg","datePublished":"2021-04-18T10:49:51+00:00","dateModified":"2025-05-06T11:22:16+00:00","description":"O Gin Benef\u00edcio de Flor de C\u00e2nhamo \u00e9 macerado dentro do alambique de cobre onde \u00e9 posteriormente destilado e \u00e9 produzido pelo m\u00e9todo London Dry, pelo que \u00e9 produto de uma destila\u00e7\u00e3o \u00fanica. No processo de desenvolvimento do Gin Benef\u00edcio de Flor de C\u00e2nhamo, nasceram tr\u00eas varia\u00e7\u00f5es \u2013 Herbal, Estival e Delicado \u2013, e como nas fam\u00edlias felizes todos s\u00e3o bem-vindos, existem assim tr\u00eas produtos diferenciados e com a mesma base de destila\u00e7\u00e3o.","breadcrumb":{"@id":"https:\/\/obeneficio.com\/store\/familia-feliz\/#breadcrumb"},"inLanguage":"en-GB","potentialAction":[{"@type":"ReadAction","target":["https:\/\/obeneficio.com\/store\/familia-feliz\/"]}]},{"@type":"ImageObject","inLanguage":"en-GB","@id":"https:\/\/obeneficio.com\/store\/familia-feliz\/#primaryimage","url":"https:\/\/obeneficio.com\/wp-content\/uploads\/2021\/04\/Familia_Feliz_Vidro.jpg","contentUrl":"https:\/\/obeneficio.com\/wp-content\/uploads\/2021\/04\/Familia_Feliz_Vidro.jpg","width":1500,"height":1500},{"@type":"BreadcrumbList","@id":"https:\/\/obeneficio.com\/store\/familia-feliz\/#breadcrumb","itemListElement":[{"@type":"ListItem","position":1,"name":"In\u00edcio","item":"https:\/\/obeneficio.com\/"},{"@type":"ListItem","position":2,"name":"Loja","item":"https:\/\/obeneficio.com\/en\/loja\/"},{"@type":"ListItem","position":3,"name":"Gin Benef\u00edcio \u2013 Fam\u00edlia Feliz"}]},{"@type":"WebSite","@id":"https:\/\/obeneficio.com\/#website","url":"https:\/\/obeneficio.com\/","name":"O Benef\u00edcio","description":"Nobody knows what it is, but it will be amazing!","potentialAction":[{"@type":"SearchAction","target":{"@type":"EntryPoint","urlTemplate":"https:\/\/obeneficio.com\/?s={search_term_string}"},"query-input":{"@type":"PropertyValueSpecification","valueRequired":true,"valueName":"search_term_string"}}],"inLanguage":"en-GB"}]}},"_links":{"self":[{"href":"https:\/\/obeneficio.com\/en\/wp-json\/wp\/v2\/product\/7005","targetHints":{"allow":["GET"]}}],"collection":[{"href":"https:\/\/obeneficio.com\/en\/wp-json\/wp\/v2\/product"}],"about":[{"href":"https:\/\/obeneficio.com\/en\/wp-json\/wp\/v2\/types\/product"}],"replies":[{"embeddable":true,"href":"https:\/\/obeneficio.com\/en\/wp-json\/wp\/v2\/comments?post=7005"}],"wp:featuredmedia":[{"embeddable":true,"href":"https:\/\/obeneficio.com\/en\/wp-json\/wp\/v2\/media\/7428"}],"wp:attachment":[{"href":"https:\/\/obeneficio.com\/en\/wp-json\/wp\/v2\/media?parent=7005"}],"wp:term":[{"taxonomy":"product_brand","embeddable":true,"href":"https:\/\/obeneficio.com\/en\/wp-json\/wp\/v2\/product_brand?post=7005"},{"taxonomy":"product_cat","embeddable":true,"href":"https:\/\/obeneficio.com\/en\/wp-json\/wp\/v2\/product_cat?post=7005"},{"taxonomy":"product_tag","embeddable":true,"href":"https:\/\/obeneficio.com\/en\/wp-json\/wp\/v2\/product_tag?post=7005"}],"curies":[{"name":"wp","href":"https:\/\/api.w.org\/{rel}","templated":true}]}}