{"id":7000,"date":"2021-04-18T10:43:16","date_gmt":"2021-04-18T10:43:16","guid":{"rendered":"http:\/\/obeneficio.com\/?post_type=product&#038;p=7000"},"modified":"2025-05-06T11:22:36","modified_gmt":"2025-05-06T11:22:36","slug":"delicado","status":"publish","type":"product","link":"https:\/\/obeneficio.com\/en\/store\/delicado\/","title":{"rendered":"Gin Benef\u00edcio \u2013 Delicate"},"content":{"rendered":"<h3>Test results<\/h3>\n<p><strong>On the nose:<\/strong> Apresenta uma do\u00e7ura inicial que, rapidamente, complementa-se com o herb\u00e1ceo do c\u00e2nhamo e do ch\u00e1 verde, sem conseguir separ\u00e1-los. Mais uma vez, um \u201csniff\u201d mais audaz vai picar no nariz, n\u00e3o confundir com o \u00e1lcool, \u00e9 o gengibre a desfilar!<\/p>\n<p><strong>In the mouth:<\/strong> Nota-se menos a base zimbrada e adstringente devido \u00e0 evidente do\u00e7ura da laranja, tornando o gin mais suave. As sensa\u00e7\u00f5es herb\u00e1ceas s\u00e3o mais t\u00edmidas, mas revelam-se no sabor latente ap\u00f3s a ingest\u00e3o do gin, ficando um sabor herb\u00e1ceo t\u00e9nue no momento de inspirar e expirar.<\/p>\n<h3>Details<\/h3>\n<p>Produzimos as garrafas de Gin Benef\u00edcio tendo em conta os seguintes vectores:<\/p>\n<ul>\n<li><strong>Sustentabilidade:<\/strong> n\u00e3o cont\u00eam pl\u00e1stico ou papel e t\u00eam o r\u00f3tulo impresso no vidro;<\/li>\n<li><strong>Reutiliza\u00e7\u00e3o e colecionismo:<\/strong> podem ser reutilizadas como recipientes para outros l\u00edquidos;<\/li>\n<li><strong>Materiais nobres e aut\u00f3ctones<\/strong> cada garrafa tem duas rolhas em corti\u00e7a, sendo uma de substitui\u00e7\u00e3o, o que lhe confere outra nobreza e usabilidade, ao mesmo tempo que apoia a economia nacional.<\/li>\n<\/ul>\n<p><strong>+<\/strong> Produzido e engarrafado em Portugal<br \/>\n<strong>+<\/strong> Incolor<br \/>\n<strong>+<\/strong> Garrafa fechada com rolha t\u00e9cnica<br \/>\n<strong>+<\/strong> Rolha de substitui\u00e7\u00e3o<br \/>\n<strong>+<\/strong> Teor Alco\u00f3lico: 43.0% Vol<br \/>\n<strong>+<\/strong> Capacidade: 500 ml<\/p>","protected":false},"excerpt":{"rendered":"<p>This Hemp Flower Gin recipe contains a wide selection of nine botanicals that make this gin extremely delicate.<\/p>\n<p><strong>Intensity:<\/strong> Smooth<\/p>","protected":false},"featured_media":7424,"comment_status":"open","ping_status":"closed","template":"","meta":[],"product_brand":[],"product_cat":[135,117],"product_tag":[],"class_list":{"0":"post-7000","1":"product","2":"type-product","3":"status-publish","4":"has-post-thumbnail","6":"product_cat-beneficio","7":"product_cat-gins","9":"first","10":"instock","11":"taxable","12":"shipping-taxable","13":"product-type-external"},"bundled_by":["7005"],"bundle_stock_status":"instock","bundle_stock_quantity":null,"bundle_virtual":false,"bundle_layout":"","bundle_add_to_cart_form_location":"","bundle_editable_in_cart":false,"bundle_sold_individually_context":"","bundle_item_grouping":"","bundle_min_size":"","bundle_max_size":"","bundle_price":[],"bundled_items":[],"bundle_sell_ids":[],"yoast_head":"<!-- This site is optimized with the Yoast SEO plugin v27.4 - https:\/\/yoast.com\/product\/yoast-seo-wordpress\/ -->\n<title>Gin Benef\u00edcio \u2013 Delicado &#8211; O Benef\u00edcio<\/title>\n<meta name=\"description\" content=\"Esta receita do Gin de Benef\u00edcio cont\u00e9m uma sele\u00e7\u00e3o de nove Bot\u00e2nicos que a tornam numa abordagem mais delicada.\" \/>\n<meta name=\"robots\" content=\"index, follow, max-snippet:-1, max-image-preview:large, max-video-preview:-1\" \/>\n<link rel=\"canonical\" href=\"https:\/\/obeneficio.com\/en\/store\/delicado\/\" \/>\n<meta name=\"twitter:label1\" content=\"Estimated reading time\" \/>\n\t<meta name=\"twitter:data1\" content=\"2 minutes\" \/>\n<script type=\"application\/ld+json\" class=\"yoast-schema-graph\">{\"@context\":\"https:\\\/\\\/schema.org\",\"@graph\":[{\"@type\":\"WebPage\",\"@id\":\"https:\\\/\\\/obeneficio.com\\\/store\\\/delicado\\\/\",\"url\":\"https:\\\/\\\/obeneficio.com\\\/store\\\/delicado\\\/\",\"name\":\"Gin Benef\u00edcio \u2013 Delicado &#8211; O Benef\u00edcio\",\"isPartOf\":{\"@id\":\"https:\\\/\\\/obeneficio.com\\\/#website\"},\"primaryImageOfPage\":{\"@id\":\"https:\\\/\\\/obeneficio.com\\\/store\\\/delicado\\\/#primaryimage\"},\"image\":{\"@id\":\"https:\\\/\\\/obeneficio.com\\\/store\\\/delicado\\\/#primaryimage\"},\"thumbnailUrl\":\"https:\\\/\\\/obeneficio.com\\\/wp-content\\\/uploads\\\/2021\\\/04\\\/Delicado_Vidro.jpg\",\"datePublished\":\"2021-04-18T10:43:16+00:00\",\"dateModified\":\"2025-05-06T11:22:36+00:00\",\"description\":\"Esta receita do Gin de Benef\u00edcio cont\u00e9m uma sele\u00e7\u00e3o de nove Bot\u00e2nicos que a tornam numa abordagem mais delicada.\",\"breadcrumb\":{\"@id\":\"https:\\\/\\\/obeneficio.com\\\/store\\\/delicado\\\/#breadcrumb\"},\"inLanguage\":\"en-GB\",\"potentialAction\":[{\"@type\":\"ReadAction\",\"target\":[\"https:\\\/\\\/obeneficio.com\\\/store\\\/delicado\\\/\"]}]},{\"@type\":\"ImageObject\",\"inLanguage\":\"en-GB\",\"@id\":\"https:\\\/\\\/obeneficio.com\\\/store\\\/delicado\\\/#primaryimage\",\"url\":\"https:\\\/\\\/obeneficio.com\\\/wp-content\\\/uploads\\\/2021\\\/04\\\/Delicado_Vidro.jpg\",\"contentUrl\":\"https:\\\/\\\/obeneficio.com\\\/wp-content\\\/uploads\\\/2021\\\/04\\\/Delicado_Vidro.jpg\",\"width\":1500,\"height\":1500},{\"@type\":\"BreadcrumbList\",\"@id\":\"https:\\\/\\\/obeneficio.com\\\/store\\\/delicado\\\/#breadcrumb\",\"itemListElement\":[{\"@type\":\"ListItem\",\"position\":1,\"name\":\"In\u00edcio\",\"item\":\"https:\\\/\\\/obeneficio.com\\\/\"},{\"@type\":\"ListItem\",\"position\":2,\"name\":\"Loja\",\"item\":\"https:\\\/\\\/obeneficio.com\\\/en\\\/loja\\\/\"},{\"@type\":\"ListItem\",\"position\":3,\"name\":\"Gin Benef\u00edcio \u2013 Delicado\"}]},{\"@type\":\"WebSite\",\"@id\":\"https:\\\/\\\/obeneficio.com\\\/#website\",\"url\":\"https:\\\/\\\/obeneficio.com\\\/\",\"name\":\"O Benef\u00edcio\",\"description\":\"Ningu\u00e9m sabe o que \u00e9, mas vai ser incr\u00edvel!\",\"potentialAction\":[{\"@type\":\"SearchAction\",\"target\":{\"@type\":\"EntryPoint\",\"urlTemplate\":\"https:\\\/\\\/obeneficio.com\\\/?s={search_term_string}\"},\"query-input\":{\"@type\":\"PropertyValueSpecification\",\"valueRequired\":true,\"valueName\":\"search_term_string\"}}],\"inLanguage\":\"en-GB\"}]}<\/script>\n<!-- \/ Yoast SEO plugin. -->","yoast_head_json":{"title":"Gin Benef\u00edcio \u2013 Delicado &#8211; O Benef\u00edcio","description":"Esta receita do Gin de Benef\u00edcio cont\u00e9m uma sele\u00e7\u00e3o de nove Bot\u00e2nicos que a tornam numa abordagem mais delicada.","robots":{"index":"index","follow":"follow","max-snippet":"max-snippet:-1","max-image-preview":"max-image-preview:large","max-video-preview":"max-video-preview:-1"},"canonical":"https:\/\/obeneficio.com\/en\/store\/delicado\/","twitter_misc":{"Estimated reading time":"2 minutes"},"schema":{"@context":"https:\/\/schema.org","@graph":[{"@type":"WebPage","@id":"https:\/\/obeneficio.com\/store\/delicado\/","url":"https:\/\/obeneficio.com\/store\/delicado\/","name":"Gin Benef\u00edcio \u2013 Delicado &#8211; O Benef\u00edcio","isPartOf":{"@id":"https:\/\/obeneficio.com\/#website"},"primaryImageOfPage":{"@id":"https:\/\/obeneficio.com\/store\/delicado\/#primaryimage"},"image":{"@id":"https:\/\/obeneficio.com\/store\/delicado\/#primaryimage"},"thumbnailUrl":"https:\/\/obeneficio.com\/wp-content\/uploads\/2021\/04\/Delicado_Vidro.jpg","datePublished":"2021-04-18T10:43:16+00:00","dateModified":"2025-05-06T11:22:36+00:00","description":"Esta receita do Gin de Benef\u00edcio cont\u00e9m uma sele\u00e7\u00e3o de nove Bot\u00e2nicos que a tornam numa abordagem mais delicada.","breadcrumb":{"@id":"https:\/\/obeneficio.com\/store\/delicado\/#breadcrumb"},"inLanguage":"en-GB","potentialAction":[{"@type":"ReadAction","target":["https:\/\/obeneficio.com\/store\/delicado\/"]}]},{"@type":"ImageObject","inLanguage":"en-GB","@id":"https:\/\/obeneficio.com\/store\/delicado\/#primaryimage","url":"https:\/\/obeneficio.com\/wp-content\/uploads\/2021\/04\/Delicado_Vidro.jpg","contentUrl":"https:\/\/obeneficio.com\/wp-content\/uploads\/2021\/04\/Delicado_Vidro.jpg","width":1500,"height":1500},{"@type":"BreadcrumbList","@id":"https:\/\/obeneficio.com\/store\/delicado\/#breadcrumb","itemListElement":[{"@type":"ListItem","position":1,"name":"In\u00edcio","item":"https:\/\/obeneficio.com\/"},{"@type":"ListItem","position":2,"name":"Loja","item":"https:\/\/obeneficio.com\/en\/loja\/"},{"@type":"ListItem","position":3,"name":"Gin Benef\u00edcio \u2013 Delicado"}]},{"@type":"WebSite","@id":"https:\/\/obeneficio.com\/#website","url":"https:\/\/obeneficio.com\/","name":"O Benef\u00edcio","description":"Nobody knows what it is, but it will be amazing!","potentialAction":[{"@type":"SearchAction","target":{"@type":"EntryPoint","urlTemplate":"https:\/\/obeneficio.com\/?s={search_term_string}"},"query-input":{"@type":"PropertyValueSpecification","valueRequired":true,"valueName":"search_term_string"}}],"inLanguage":"en-GB"}]}},"_links":{"self":[{"href":"https:\/\/obeneficio.com\/en\/wp-json\/wp\/v2\/product\/7000","targetHints":{"allow":["GET"]}}],"collection":[{"href":"https:\/\/obeneficio.com\/en\/wp-json\/wp\/v2\/product"}],"about":[{"href":"https:\/\/obeneficio.com\/en\/wp-json\/wp\/v2\/types\/product"}],"replies":[{"embeddable":true,"href":"https:\/\/obeneficio.com\/en\/wp-json\/wp\/v2\/comments?post=7000"}],"wp:featuredmedia":[{"embeddable":true,"href":"https:\/\/obeneficio.com\/en\/wp-json\/wp\/v2\/media\/7424"}],"wp:attachment":[{"href":"https:\/\/obeneficio.com\/en\/wp-json\/wp\/v2\/media?parent=7000"}],"wp:term":[{"taxonomy":"product_brand","embeddable":true,"href":"https:\/\/obeneficio.com\/en\/wp-json\/wp\/v2\/product_brand?post=7000"},{"taxonomy":"product_cat","embeddable":true,"href":"https:\/\/obeneficio.com\/en\/wp-json\/wp\/v2\/product_cat?post=7000"},{"taxonomy":"product_tag","embeddable":true,"href":"https:\/\/obeneficio.com\/en\/wp-json\/wp\/v2\/product_tag?post=7000"}],"curies":[{"name":"wp","href":"https:\/\/api.w.org\/{rel}","templated":true}]}}