{"id":6995,"date":"2021-04-18T10:39:44","date_gmt":"2021-04-18T10:39:44","guid":{"rendered":"http:\/\/obeneficio.com\/?post_type=product&#038;p=6995"},"modified":"2025-05-06T11:22:25","modified_gmt":"2025-05-06T11:22:25","slug":"herbal","status":"publish","type":"product","link":"https:\/\/obeneficio.com\/en\/store\/herbal\/","title":{"rendered":"Gin Benef\u00edcio \u2013 Herbal"},"content":{"rendered":"<h3>Test results<\/h3>\n<p><strong>No nariz<\/strong>: Apresenta-se sem d\u00favida como um gin da nova era \u2013 zimbro, inconfund\u00edvel, mas sem abafar a sua identidade propositada do c\u00e2nhamo. Inalando prolongadamente e suavemente o c\u00e2nhamo, d\u00e1 lugar um aroma mais doce revelando a erva pr\u00edncipe e ligeiro mentolado do cardamomo. Um \u201csniff\u201d mais audaz vai picar no nariz, n\u00e3o confundir com o \u00e1lcool, \u00e9 o gengibre a desfilar!<\/p>\n<p><strong>Na boca<\/strong>: Mais uma vez temos um gin a s\u00e9rio com o zimbro a liderar. O c\u00e2nhamo vinca a sua identidade sendo em tudo id\u00eantico \u00e0s sensa\u00e7\u00f5es nasais que se materializam na boca. Importante de notar que h\u00e1 um preencher de boca cremoso e duradouro, esta sensa\u00e7\u00e3o disfar\u00e7a os seus 43% de grau. Tal como no nariz, a sensa\u00e7\u00e3o do picante \u00e9 o gengibre e n\u00e3o o \u00e1lcool.<\/p>\n<h3>Details<\/h3>\n<p>Produzimos as garrafas de Gin Benef\u00edcio tendo em conta os seguintes vectores:<\/p>\n<ul>\n<li><strong>Sustentabilidade:<\/strong> n\u00e3o cont\u00eam pl\u00e1stico ou papel e t\u00eam o r\u00f3tulo impresso no vidro;<\/li>\n<li><strong>Reutiliza\u00e7\u00e3o e colecionismo:<\/strong> podem ser reutilizadas como recipientes para outros l\u00edquidos;<\/li>\n<li><strong>Materiais nobres e aut\u00f3ctones<\/strong> cada garrafa tem duas rolhas em corti\u00e7a, sendo uma de substitui\u00e7\u00e3o, o que lhe confere outra nobreza e usabilidade, ao mesmo tempo que apoia a economia nacional.<\/li>\n<\/ul>\n<p><strong>+<\/strong> Produzido e engarrafado em Portugal<br \/>\n<strong>+<\/strong> Incolor<br \/>\n<strong>+<\/strong> Garrafa fechada com rolha t\u00e9cnica<br \/>\n<strong>+<\/strong> Rolha de substitui\u00e7\u00e3o<br \/>\n<strong>+<\/strong> Teor Alco\u00f3lico: 43.0% Vol<br \/>\n<strong>+<\/strong> Capacidade: 500 ml<\/p>\n<p>&nbsp;<\/p>","protected":false},"excerpt":{"rendered":"<p>Esta receita do Gin de Flor de C\u00e2nhamo Benef\u00edcio cont\u00e9m uma sele\u00e7\u00e3o de onze bot\u00e2nicos que a tornam extremamente floral e fresca.<\/p>\n<p><strong>Intensity: <\/strong>Intense<\/p>","protected":false},"featured_media":7426,"comment_status":"open","ping_status":"closed","template":"","meta":[],"product_brand":[],"product_cat":[135,117],"product_tag":[],"class_list":{"0":"post-6995","1":"product","2":"type-product","3":"status-publish","4":"has-post-thumbnail","6":"product_cat-beneficio","7":"product_cat-gins","9":"first","10":"instock","11":"taxable","12":"shipping-taxable","13":"product-type-external"},"bundled_by":["7005"],"bundle_stock_status":"instock","bundle_stock_quantity":null,"bundle_virtual":false,"bundle_layout":"","bundle_add_to_cart_form_location":"","bundle_editable_in_cart":false,"bundle_sold_individually_context":"","bundle_item_grouping":"","bundle_min_size":"","bundle_max_size":"","bundle_price":[],"bundled_items":[],"bundle_sell_ids":[],"yoast_head":"<!-- This site is optimized with the Yoast SEO plugin v27.3 - https:\/\/yoast.com\/product\/yoast-seo-wordpress\/ -->\n<title>Gin Benef\u00edcio \u2013 Herbal<\/title>\n<meta name=\"description\" content=\"Esta receita do Gin Benef\u00edcio cont\u00e9m uma sele\u00e7\u00e3o de onze Bot\u00e2nicos que a tornam extremamente floral e fresca.\" \/>\n<meta name=\"robots\" content=\"index, follow, max-snippet:-1, max-image-preview:large, max-video-preview:-1\" \/>\n<link rel=\"canonical\" href=\"https:\/\/obeneficio.com\/en\/store\/herbal\/\" \/>\n<meta name=\"twitter:label1\" content=\"Estimated reading time\" \/>\n\t<meta name=\"twitter:data1\" content=\"2 minutes\" \/>\n<script type=\"application\/ld+json\" class=\"yoast-schema-graph\">{\"@context\":\"https:\\\/\\\/schema.org\",\"@graph\":[{\"@type\":\"WebPage\",\"@id\":\"https:\\\/\\\/obeneficio.com\\\/store\\\/herbal\\\/\",\"url\":\"https:\\\/\\\/obeneficio.com\\\/store\\\/herbal\\\/\",\"name\":\"Gin Benef\u00edcio \u2013 Herbal\",\"isPartOf\":{\"@id\":\"https:\\\/\\\/obeneficio.com\\\/#website\"},\"primaryImageOfPage\":{\"@id\":\"https:\\\/\\\/obeneficio.com\\\/store\\\/herbal\\\/#primaryimage\"},\"image\":{\"@id\":\"https:\\\/\\\/obeneficio.com\\\/store\\\/herbal\\\/#primaryimage\"},\"thumbnailUrl\":\"https:\\\/\\\/obeneficio.com\\\/wp-content\\\/uploads\\\/2021\\\/04\\\/Herbal_Vidro.jpg\",\"datePublished\":\"2021-04-18T10:39:44+00:00\",\"dateModified\":\"2025-05-06T11:22:25+00:00\",\"description\":\"Esta receita do Gin Benef\u00edcio cont\u00e9m uma sele\u00e7\u00e3o de onze Bot\u00e2nicos que a tornam extremamente floral e fresca.\",\"breadcrumb\":{\"@id\":\"https:\\\/\\\/obeneficio.com\\\/store\\\/herbal\\\/#breadcrumb\"},\"inLanguage\":\"en-GB\",\"potentialAction\":[{\"@type\":\"ReadAction\",\"target\":[\"https:\\\/\\\/obeneficio.com\\\/store\\\/herbal\\\/\"]}]},{\"@type\":\"ImageObject\",\"inLanguage\":\"en-GB\",\"@id\":\"https:\\\/\\\/obeneficio.com\\\/store\\\/herbal\\\/#primaryimage\",\"url\":\"https:\\\/\\\/obeneficio.com\\\/wp-content\\\/uploads\\\/2021\\\/04\\\/Herbal_Vidro.jpg\",\"contentUrl\":\"https:\\\/\\\/obeneficio.com\\\/wp-content\\\/uploads\\\/2021\\\/04\\\/Herbal_Vidro.jpg\",\"width\":1500,\"height\":1500},{\"@type\":\"BreadcrumbList\",\"@id\":\"https:\\\/\\\/obeneficio.com\\\/store\\\/herbal\\\/#breadcrumb\",\"itemListElement\":[{\"@type\":\"ListItem\",\"position\":1,\"name\":\"In\u00edcio\",\"item\":\"https:\\\/\\\/obeneficio.com\\\/en\\\/\"},{\"@type\":\"ListItem\",\"position\":2,\"name\":\"Loja\",\"item\":\"https:\\\/\\\/obeneficio.com\\\/en\\\/loja\\\/\"},{\"@type\":\"ListItem\",\"position\":3,\"name\":\"Gin Benef\u00edcio \u2013 Herbal\"}]},{\"@type\":\"WebSite\",\"@id\":\"https:\\\/\\\/obeneficio.com\\\/#website\",\"url\":\"https:\\\/\\\/obeneficio.com\\\/\",\"name\":\"O Benef\u00edcio\",\"description\":\"Ningu\u00e9m sabe o que \u00e9, mas vai ser incr\u00edvel!\",\"potentialAction\":[{\"@type\":\"SearchAction\",\"target\":{\"@type\":\"EntryPoint\",\"urlTemplate\":\"https:\\\/\\\/obeneficio.com\\\/?s={search_term_string}\"},\"query-input\":{\"@type\":\"PropertyValueSpecification\",\"valueRequired\":true,\"valueName\":\"search_term_string\"}}],\"inLanguage\":\"en-GB\"}]}<\/script>\n<!-- \/ Yoast SEO plugin. -->","yoast_head_json":{"title":"Gin Benef\u00edcio \u2013 Herbal","description":"Esta receita do Gin Benef\u00edcio cont\u00e9m uma sele\u00e7\u00e3o de onze Bot\u00e2nicos que a tornam extremamente floral e fresca.","robots":{"index":"index","follow":"follow","max-snippet":"max-snippet:-1","max-image-preview":"max-image-preview:large","max-video-preview":"max-video-preview:-1"},"canonical":"https:\/\/obeneficio.com\/en\/store\/herbal\/","twitter_misc":{"Estimated reading time":"2 minutes"},"schema":{"@context":"https:\/\/schema.org","@graph":[{"@type":"WebPage","@id":"https:\/\/obeneficio.com\/store\/herbal\/","url":"https:\/\/obeneficio.com\/store\/herbal\/","name":"Gin Benef\u00edcio \u2013 Herbal","isPartOf":{"@id":"https:\/\/obeneficio.com\/#website"},"primaryImageOfPage":{"@id":"https:\/\/obeneficio.com\/store\/herbal\/#primaryimage"},"image":{"@id":"https:\/\/obeneficio.com\/store\/herbal\/#primaryimage"},"thumbnailUrl":"https:\/\/obeneficio.com\/wp-content\/uploads\/2021\/04\/Herbal_Vidro.jpg","datePublished":"2021-04-18T10:39:44+00:00","dateModified":"2025-05-06T11:22:25+00:00","description":"Esta receita do Gin Benef\u00edcio cont\u00e9m uma sele\u00e7\u00e3o de onze Bot\u00e2nicos que a tornam extremamente floral e fresca.","breadcrumb":{"@id":"https:\/\/obeneficio.com\/store\/herbal\/#breadcrumb"},"inLanguage":"en-GB","potentialAction":[{"@type":"ReadAction","target":["https:\/\/obeneficio.com\/store\/herbal\/"]}]},{"@type":"ImageObject","inLanguage":"en-GB","@id":"https:\/\/obeneficio.com\/store\/herbal\/#primaryimage","url":"https:\/\/obeneficio.com\/wp-content\/uploads\/2021\/04\/Herbal_Vidro.jpg","contentUrl":"https:\/\/obeneficio.com\/wp-content\/uploads\/2021\/04\/Herbal_Vidro.jpg","width":1500,"height":1500},{"@type":"BreadcrumbList","@id":"https:\/\/obeneficio.com\/store\/herbal\/#breadcrumb","itemListElement":[{"@type":"ListItem","position":1,"name":"In\u00edcio","item":"https:\/\/obeneficio.com\/en\/"},{"@type":"ListItem","position":2,"name":"Loja","item":"https:\/\/obeneficio.com\/en\/loja\/"},{"@type":"ListItem","position":3,"name":"Gin Benef\u00edcio \u2013 Herbal"}]},{"@type":"WebSite","@id":"https:\/\/obeneficio.com\/#website","url":"https:\/\/obeneficio.com\/","name":"O Benef\u00edcio","description":"Nobody knows what it is, but it will be amazing!","potentialAction":[{"@type":"SearchAction","target":{"@type":"EntryPoint","urlTemplate":"https:\/\/obeneficio.com\/?s={search_term_string}"},"query-input":{"@type":"PropertyValueSpecification","valueRequired":true,"valueName":"search_term_string"}}],"inLanguage":"en-GB"}]}},"_links":{"self":[{"href":"https:\/\/obeneficio.com\/en\/wp-json\/wp\/v2\/product\/6995","targetHints":{"allow":["GET"]}}],"collection":[{"href":"https:\/\/obeneficio.com\/en\/wp-json\/wp\/v2\/product"}],"about":[{"href":"https:\/\/obeneficio.com\/en\/wp-json\/wp\/v2\/types\/product"}],"replies":[{"embeddable":true,"href":"https:\/\/obeneficio.com\/en\/wp-json\/wp\/v2\/comments?post=6995"}],"wp:featuredmedia":[{"embeddable":true,"href":"https:\/\/obeneficio.com\/en\/wp-json\/wp\/v2\/media\/7426"}],"wp:attachment":[{"href":"https:\/\/obeneficio.com\/en\/wp-json\/wp\/v2\/media?parent=6995"}],"wp:term":[{"taxonomy":"product_brand","embeddable":true,"href":"https:\/\/obeneficio.com\/en\/wp-json\/wp\/v2\/product_brand?post=6995"},{"taxonomy":"product_cat","embeddable":true,"href":"https:\/\/obeneficio.com\/en\/wp-json\/wp\/v2\/product_cat?post=6995"},{"taxonomy":"product_tag","embeddable":true,"href":"https:\/\/obeneficio.com\/en\/wp-json\/wp\/v2\/product_tag?post=6995"}],"curies":[{"name":"wp","href":"https:\/\/api.w.org\/{rel}","templated":true}]}}