{"id":6990,"date":"2021-04-07T21:08:37","date_gmt":"2021-04-07T21:08:37","guid":{"rendered":"http:\/\/obeneficio.com\/?post_type=product&#038;p=6990"},"modified":"2025-05-06T11:16:37","modified_gmt":"2025-05-06T11:16:37","slug":"medronho","status":"publish","type":"product","link":"https:\/\/obeneficio.com\/en\/store\/medronho\/","title":{"rendered":"Berry Brandy Benef\u00edcio"},"content":{"rendered":"<p>+ Produced and bottled in Portugal<\/p>\n<p>+ Clear amber colour<\/p>\n<p>+ Limited series of 100 units and numbered<\/p>\n<p>+ Alcohol Content: 42.0% Vol<\/p>\n<p>+ Capacity: 500 ml<\/p>","protected":false},"excerpt":{"rendered":"<p>Our Berry Brandy comes from the south of Portugal and ages in oak barrels. Much appreciated for its unique flavour and colour, it is an icon of the mountain area.<\/p>\n<p>The seventh Benef\u00edcio launch pays homage to this unique product, to the tradition and flavours characteristic of the region.<\/p>","protected":false},"featured_media":7411,"comment_status":"open","ping_status":"closed","template":"","meta":[],"product_brand":[],"product_cat":[115,135],"product_tag":[],"class_list":{"0":"post-6990","1":"product","2":"type-product","3":"status-publish","4":"has-post-thumbnail","6":"product_cat-6a-edicao","7":"product_cat-beneficio","9":"first","10":"outofstock","11":"taxable","12":"shipping-taxable","13":"purchasable","14":"product-type-simple"},"bundled_by":[],"bundle_stock_status":"outofstock","bundle_stock_quantity":0,"bundle_virtual":false,"bundle_layout":"","bundle_add_to_cart_form_location":"","bundle_editable_in_cart":false,"bundle_sold_individually_context":"","bundle_item_grouping":"","bundle_min_size":"","bundle_max_size":"","bundle_price":[],"bundled_items":[],"bundle_sell_ids":[],"yoast_head":"<!-- This site is optimized with the Yoast SEO plugin v27.5 - https:\/\/yoast.com\/product\/yoast-seo-wordpress\/ -->\n<title>Aguardente de Medronho Benef\u00edcio<\/title>\n<meta name=\"description\" content=\"A Aguardente de Medronho Benef\u00edcio \u00e9 proveniente do sul de Portugal e estagia em barrica. Muito apreciada pelo seu sabor e cor \u00fanicos, \u00e9 um \u00edcone da zona serrana.\" \/>\n<meta name=\"robots\" content=\"index, follow, max-snippet:-1, max-image-preview:large, max-video-preview:-1\" \/>\n<link rel=\"canonical\" href=\"https:\/\/obeneficio.com\/en\/store\/medronho\/\" \/>\n<meta name=\"twitter:label1\" content=\"Estimated reading time\" \/>\n\t<meta name=\"twitter:data1\" content=\"1 minute\" \/>\n<script type=\"application\/ld+json\" class=\"yoast-schema-graph\">{\"@context\":\"https:\\\/\\\/schema.org\",\"@graph\":[{\"@type\":\"WebPage\",\"@id\":\"https:\\\/\\\/obeneficio.com\\\/store\\\/medronho\\\/\",\"url\":\"https:\\\/\\\/obeneficio.com\\\/store\\\/medronho\\\/\",\"name\":\"Aguardente de Medronho Benef\u00edcio\",\"isPartOf\":{\"@id\":\"https:\\\/\\\/obeneficio.com\\\/#website\"},\"primaryImageOfPage\":{\"@id\":\"https:\\\/\\\/obeneficio.com\\\/store\\\/medronho\\\/#primaryimage\"},\"image\":{\"@id\":\"https:\\\/\\\/obeneficio.com\\\/store\\\/medronho\\\/#primaryimage\"},\"thumbnailUrl\":\"https:\\\/\\\/obeneficio.com\\\/wp-content\\\/uploads\\\/2021\\\/04\\\/Beneficio_Medronho.jpg\",\"datePublished\":\"2021-04-07T21:08:37+00:00\",\"dateModified\":\"2025-05-06T11:16:37+00:00\",\"description\":\"A Aguardente de Medronho Benef\u00edcio \u00e9 proveniente do sul de Portugal e estagia em barrica. Muito apreciada pelo seu sabor e cor \u00fanicos, \u00e9 um \u00edcone da zona serrana.\",\"breadcrumb\":{\"@id\":\"https:\\\/\\\/obeneficio.com\\\/store\\\/medronho\\\/#breadcrumb\"},\"inLanguage\":\"en-GB\",\"potentialAction\":[{\"@type\":\"ReadAction\",\"target\":[\"https:\\\/\\\/obeneficio.com\\\/store\\\/medronho\\\/\"]}]},{\"@type\":\"ImageObject\",\"inLanguage\":\"en-GB\",\"@id\":\"https:\\\/\\\/obeneficio.com\\\/store\\\/medronho\\\/#primaryimage\",\"url\":\"https:\\\/\\\/obeneficio.com\\\/wp-content\\\/uploads\\\/2021\\\/04\\\/Beneficio_Medronho.jpg\",\"contentUrl\":\"https:\\\/\\\/obeneficio.com\\\/wp-content\\\/uploads\\\/2021\\\/04\\\/Beneficio_Medronho.jpg\",\"width\":1500,\"height\":1500},{\"@type\":\"BreadcrumbList\",\"@id\":\"https:\\\/\\\/obeneficio.com\\\/store\\\/medronho\\\/#breadcrumb\",\"itemListElement\":[{\"@type\":\"ListItem\",\"position\":1,\"name\":\"In\u00edcio\",\"item\":\"https:\\\/\\\/obeneficio.com\\\/\"},{\"@type\":\"ListItem\",\"position\":2,\"name\":\"Loja\",\"item\":\"https:\\\/\\\/obeneficio.com\\\/en\\\/loja\\\/\"},{\"@type\":\"ListItem\",\"position\":3,\"name\":\"Aguardente de Medronho Benef\u00edcio\"}]},{\"@type\":\"WebSite\",\"@id\":\"https:\\\/\\\/obeneficio.com\\\/#website\",\"url\":\"https:\\\/\\\/obeneficio.com\\\/\",\"name\":\"O Benef\u00edcio\",\"description\":\"Ningu\u00e9m sabe o que \u00e9, mas vai ser incr\u00edvel!\",\"potentialAction\":[{\"@type\":\"SearchAction\",\"target\":{\"@type\":\"EntryPoint\",\"urlTemplate\":\"https:\\\/\\\/obeneficio.com\\\/?s={search_term_string}\"},\"query-input\":{\"@type\":\"PropertyValueSpecification\",\"valueRequired\":true,\"valueName\":\"search_term_string\"}}],\"inLanguage\":\"en-GB\"}]}<\/script>\n<!-- \/ Yoast SEO plugin. -->","yoast_head_json":{"title":"Berry Brandy Benef\u00edcio","description":"A Aguardente de Medronho Benef\u00edcio \u00e9 proveniente do sul de Portugal e estagia em barrica. Muito apreciada pelo seu sabor e cor \u00fanicos, \u00e9 um \u00edcone da zona serrana.","robots":{"index":"index","follow":"follow","max-snippet":"max-snippet:-1","max-image-preview":"max-image-preview:large","max-video-preview":"max-video-preview:-1"},"canonical":"https:\/\/obeneficio.com\/en\/store\/medronho\/","twitter_misc":{"Estimated reading time":"1 minute"},"schema":{"@context":"https:\/\/schema.org","@graph":[{"@type":"WebPage","@id":"https:\/\/obeneficio.com\/store\/medronho\/","url":"https:\/\/obeneficio.com\/store\/medronho\/","name":"Berry Brandy Benef\u00edcio","isPartOf":{"@id":"https:\/\/obeneficio.com\/#website"},"primaryImageOfPage":{"@id":"https:\/\/obeneficio.com\/store\/medronho\/#primaryimage"},"image":{"@id":"https:\/\/obeneficio.com\/store\/medronho\/#primaryimage"},"thumbnailUrl":"https:\/\/obeneficio.com\/wp-content\/uploads\/2021\/04\/Beneficio_Medronho.jpg","datePublished":"2021-04-07T21:08:37+00:00","dateModified":"2025-05-06T11:16:37+00:00","description":"A Aguardente de Medronho Benef\u00edcio \u00e9 proveniente do sul de Portugal e estagia em barrica. Muito apreciada pelo seu sabor e cor \u00fanicos, \u00e9 um \u00edcone da zona serrana.","breadcrumb":{"@id":"https:\/\/obeneficio.com\/store\/medronho\/#breadcrumb"},"inLanguage":"en-GB","potentialAction":[{"@type":"ReadAction","target":["https:\/\/obeneficio.com\/store\/medronho\/"]}]},{"@type":"ImageObject","inLanguage":"en-GB","@id":"https:\/\/obeneficio.com\/store\/medronho\/#primaryimage","url":"https:\/\/obeneficio.com\/wp-content\/uploads\/2021\/04\/Beneficio_Medronho.jpg","contentUrl":"https:\/\/obeneficio.com\/wp-content\/uploads\/2021\/04\/Beneficio_Medronho.jpg","width":1500,"height":1500},{"@type":"BreadcrumbList","@id":"https:\/\/obeneficio.com\/store\/medronho\/#breadcrumb","itemListElement":[{"@type":"ListItem","position":1,"name":"In\u00edcio","item":"https:\/\/obeneficio.com\/"},{"@type":"ListItem","position":2,"name":"Loja","item":"https:\/\/obeneficio.com\/en\/loja\/"},{"@type":"ListItem","position":3,"name":"Aguardente de Medronho Benef\u00edcio"}]},{"@type":"WebSite","@id":"https:\/\/obeneficio.com\/#website","url":"https:\/\/obeneficio.com\/","name":"O Benef\u00edcio","description":"Nobody knows what it is, but it will be amazing!","potentialAction":[{"@type":"SearchAction","target":{"@type":"EntryPoint","urlTemplate":"https:\/\/obeneficio.com\/?s={search_term_string}"},"query-input":{"@type":"PropertyValueSpecification","valueRequired":true,"valueName":"search_term_string"}}],"inLanguage":"en-GB"}]}},"_links":{"self":[{"href":"https:\/\/obeneficio.com\/en\/wp-json\/wp\/v2\/product\/6990","targetHints":{"allow":["GET"]}}],"collection":[{"href":"https:\/\/obeneficio.com\/en\/wp-json\/wp\/v2\/product"}],"about":[{"href":"https:\/\/obeneficio.com\/en\/wp-json\/wp\/v2\/types\/product"}],"replies":[{"embeddable":true,"href":"https:\/\/obeneficio.com\/en\/wp-json\/wp\/v2\/comments?post=6990"}],"wp:featuredmedia":[{"embeddable":true,"href":"https:\/\/obeneficio.com\/en\/wp-json\/wp\/v2\/media\/7411"}],"wp:attachment":[{"href":"https:\/\/obeneficio.com\/en\/wp-json\/wp\/v2\/media?parent=6990"}],"wp:term":[{"taxonomy":"product_brand","embeddable":true,"href":"https:\/\/obeneficio.com\/en\/wp-json\/wp\/v2\/product_brand?post=6990"},{"taxonomy":"product_cat","embeddable":true,"href":"https:\/\/obeneficio.com\/en\/wp-json\/wp\/v2\/product_cat?post=6990"},{"taxonomy":"product_tag","embeddable":true,"href":"https:\/\/obeneficio.com\/en\/wp-json\/wp\/v2\/product_tag?post=6990"}],"curies":[{"name":"wp","href":"https:\/\/api.w.org\/{rel}","templated":true}]}}