{"id":6399,"date":"2019-12-18T13:07:01","date_gmt":"2019-12-18T13:07:01","guid":{"rendered":"http:\/\/staging.obeneficio.com\/?post_type=product&#038;p=6399"},"modified":"2025-05-06T11:21:46","modified_gmt":"2025-05-06T11:21:46","slug":"mochila","status":"publish","type":"product","link":"https:\/\/obeneficio.com\/en\/store\/mochila\/","title":{"rendered":"Backpack Benef\u00edcio"},"content":{"rendered":"<p>+ Manually produced;<\/p>\n<p>+ Produced with recycled seat belts;<\/p>\n<p>+ Indoor volumetry 20 L;<\/p>\n<p>+ Ideal for 15-inch computers;<\/p>\n<p>+ Padded and safety protection for the laptop;<\/p>\n<p>+ Inside pouch and inside pocket for a pen;<\/p>\n<p>+ Easy-access exterior bag camouflaged in the backpack design.<\/p>","protected":false},"excerpt":{"rendered":"<p>Backpack Benef\u00edcio is made of seat belts, thus increasing the useful life of a material the raw material that is not recyclable and that otherwise it would end up being burned.<\/p>\n<p>From fleeting fuel to a backpack for life, the Benef\u00edcio Backpack combines style, fashion and sustainability.<\/p>\n<p>Marking a commitment to a healthier future our product comes with the premise of rethinking our environmental impact.<\/p>","protected":false},"featured_media":7410,"comment_status":"open","ping_status":"closed","template":"","meta":[],"product_brand":[],"product_cat":[113],"product_tag":[128,129,127,134,131,132,130,133],"class_list":{"0":"post-6399","1":"product","2":"type-product","3":"status-publish","4":"has-post-thumbnail","6":"product_cat-5a-edicao","7":"product_tag-backpack","8":"product_tag-cintos-de-seguranca","9":"product_tag-mochila","10":"product_tag-mochila-beneficio","11":"product_tag-reciclagem","12":"product_tag-recycling","13":"product_tag-seat-belts","14":"product_tag-upcycling","16":"first","17":"outofstock","18":"taxable","19":"shipping-taxable","20":"purchasable","21":"product-type-simple"},"bundled_by":[],"bundle_stock_status":"outofstock","bundle_stock_quantity":0,"bundle_virtual":false,"bundle_layout":"","bundle_add_to_cart_form_location":"","bundle_editable_in_cart":false,"bundle_sold_individually_context":"","bundle_item_grouping":"","bundle_min_size":"","bundle_max_size":"","bundle_price":[],"bundled_items":[],"bundle_sell_ids":[],"yoast_head":"<!-- This site is optimized with the Yoast SEO plugin v27.3 - https:\/\/yoast.com\/product\/yoast-seo-wordpress\/ -->\n<title>Mochila Benef\u00edcio &#8211; O Benef\u00edcio<\/title>\n<meta name=\"description\" content=\"A Mochila Benef\u00edcio \u00e9 feita de cintos de seguran\u00e7a, aumentando assim o tempo de vida \u00fatil de uma mat\u00e9ria-prima que n\u00e3o \u00e9 recicl\u00e1vel e que de outra forma acabaria por ser queimada. De mat\u00e9ria combust\u00edvel fugaz a uma mochila para a vida, a Mochila Benef\u00edcio combina estilo, moda e sustentabilidade.Assumimos o compromisso com um futuro mais saud\u00e1vel. O nosso produto nasce da premissa de repensar o nosso impacto ambiental.\" \/>\n<meta name=\"robots\" content=\"index, follow, max-snippet:-1, max-image-preview:large, max-video-preview:-1\" \/>\n<link rel=\"canonical\" href=\"https:\/\/obeneficio.com\/en\/store\/mochila\/\" \/>\n<meta name=\"twitter:label1\" content=\"Estimated reading time\" \/>\n\t<meta name=\"twitter:data1\" content=\"1 minute\" \/>\n<script type=\"application\/ld+json\" class=\"yoast-schema-graph\">{\"@context\":\"https:\\\/\\\/schema.org\",\"@graph\":[{\"@type\":\"WebPage\",\"@id\":\"https:\\\/\\\/obeneficio.com\\\/store\\\/mochila\\\/\",\"url\":\"https:\\\/\\\/obeneficio.com\\\/store\\\/mochila\\\/\",\"name\":\"Mochila Benef\u00edcio &#8211; O Benef\u00edcio\",\"isPartOf\":{\"@id\":\"https:\\\/\\\/obeneficio.com\\\/#website\"},\"primaryImageOfPage\":{\"@id\":\"https:\\\/\\\/obeneficio.com\\\/store\\\/mochila\\\/#primaryimage\"},\"image\":{\"@id\":\"https:\\\/\\\/obeneficio.com\\\/store\\\/mochila\\\/#primaryimage\"},\"thumbnailUrl\":\"https:\\\/\\\/obeneficio.com\\\/wp-content\\\/uploads\\\/2019\\\/12\\\/Mochila_01.jpg\",\"datePublished\":\"2019-12-18T13:07:01+00:00\",\"dateModified\":\"2025-05-06T11:21:46+00:00\",\"description\":\"A Mochila Benef\u00edcio \u00e9 feita de cintos de seguran\u00e7a, aumentando assim o tempo de vida \u00fatil de uma mat\u00e9ria-prima que n\u00e3o \u00e9 recicl\u00e1vel e que de outra forma acabaria por ser queimada. De mat\u00e9ria combust\u00edvel fugaz a uma mochila para a vida, a Mochila Benef\u00edcio combina estilo, moda e sustentabilidade.Assumimos o compromisso com um futuro mais saud\u00e1vel. O nosso produto nasce da premissa de repensar o nosso impacto ambiental.\",\"breadcrumb\":{\"@id\":\"https:\\\/\\\/obeneficio.com\\\/store\\\/mochila\\\/#breadcrumb\"},\"inLanguage\":\"en-GB\",\"potentialAction\":[{\"@type\":\"ReadAction\",\"target\":[\"https:\\\/\\\/obeneficio.com\\\/store\\\/mochila\\\/\"]}]},{\"@type\":\"ImageObject\",\"inLanguage\":\"en-GB\",\"@id\":\"https:\\\/\\\/obeneficio.com\\\/store\\\/mochila\\\/#primaryimage\",\"url\":\"https:\\\/\\\/obeneficio.com\\\/wp-content\\\/uploads\\\/2019\\\/12\\\/Mochila_01.jpg\",\"contentUrl\":\"https:\\\/\\\/obeneficio.com\\\/wp-content\\\/uploads\\\/2019\\\/12\\\/Mochila_01.jpg\",\"width\":1365,\"height\":1364},{\"@type\":\"BreadcrumbList\",\"@id\":\"https:\\\/\\\/obeneficio.com\\\/store\\\/mochila\\\/#breadcrumb\",\"itemListElement\":[{\"@type\":\"ListItem\",\"position\":1,\"name\":\"In\u00edcio\",\"item\":\"https:\\\/\\\/obeneficio.com\\\/en\\\/\"},{\"@type\":\"ListItem\",\"position\":2,\"name\":\"Loja\",\"item\":\"https:\\\/\\\/obeneficio.com\\\/en\\\/loja\\\/\"},{\"@type\":\"ListItem\",\"position\":3,\"name\":\"Mochila Benef\u00edcio\"}]},{\"@type\":\"WebSite\",\"@id\":\"https:\\\/\\\/obeneficio.com\\\/#website\",\"url\":\"https:\\\/\\\/obeneficio.com\\\/\",\"name\":\"O Benef\u00edcio\",\"description\":\"Ningu\u00e9m sabe o que \u00e9, mas vai ser incr\u00edvel!\",\"potentialAction\":[{\"@type\":\"SearchAction\",\"target\":{\"@type\":\"EntryPoint\",\"urlTemplate\":\"https:\\\/\\\/obeneficio.com\\\/?s={search_term_string}\"},\"query-input\":{\"@type\":\"PropertyValueSpecification\",\"valueRequired\":true,\"valueName\":\"search_term_string\"}}],\"inLanguage\":\"en-GB\"}]}<\/script>\n<!-- \/ Yoast SEO plugin. -->","yoast_head_json":{"title":"Mochila Benef\u00edcio &#8211; O Benef\u00edcio","description":"A Mochila Benef\u00edcio \u00e9 feita de cintos de seguran\u00e7a, aumentando assim o tempo de vida \u00fatil de uma mat\u00e9ria-prima que n\u00e3o \u00e9 recicl\u00e1vel e que de outra forma acabaria por ser queimada. De mat\u00e9ria combust\u00edvel fugaz a uma mochila para a vida, a Mochila Benef\u00edcio combina estilo, moda e sustentabilidade.Assumimos o compromisso com um futuro mais saud\u00e1vel. O nosso produto nasce da premissa de repensar o nosso impacto ambiental.","robots":{"index":"index","follow":"follow","max-snippet":"max-snippet:-1","max-image-preview":"max-image-preview:large","max-video-preview":"max-video-preview:-1"},"canonical":"https:\/\/obeneficio.com\/en\/store\/mochila\/","twitter_misc":{"Estimated reading time":"1 minute"},"schema":{"@context":"https:\/\/schema.org","@graph":[{"@type":"WebPage","@id":"https:\/\/obeneficio.com\/store\/mochila\/","url":"https:\/\/obeneficio.com\/store\/mochila\/","name":"Mochila Benef\u00edcio &#8211; O Benef\u00edcio","isPartOf":{"@id":"https:\/\/obeneficio.com\/#website"},"primaryImageOfPage":{"@id":"https:\/\/obeneficio.com\/store\/mochila\/#primaryimage"},"image":{"@id":"https:\/\/obeneficio.com\/store\/mochila\/#primaryimage"},"thumbnailUrl":"https:\/\/obeneficio.com\/wp-content\/uploads\/2019\/12\/Mochila_01.jpg","datePublished":"2019-12-18T13:07:01+00:00","dateModified":"2025-05-06T11:21:46+00:00","description":"A Mochila Benef\u00edcio \u00e9 feita de cintos de seguran\u00e7a, aumentando assim o tempo de vida \u00fatil de uma mat\u00e9ria-prima que n\u00e3o \u00e9 recicl\u00e1vel e que de outra forma acabaria por ser queimada. De mat\u00e9ria combust\u00edvel fugaz a uma mochila para a vida, a Mochila Benef\u00edcio combina estilo, moda e sustentabilidade.Assumimos o compromisso com um futuro mais saud\u00e1vel. O nosso produto nasce da premissa de repensar o nosso impacto ambiental.","breadcrumb":{"@id":"https:\/\/obeneficio.com\/store\/mochila\/#breadcrumb"},"inLanguage":"en-GB","potentialAction":[{"@type":"ReadAction","target":["https:\/\/obeneficio.com\/store\/mochila\/"]}]},{"@type":"ImageObject","inLanguage":"en-GB","@id":"https:\/\/obeneficio.com\/store\/mochila\/#primaryimage","url":"https:\/\/obeneficio.com\/wp-content\/uploads\/2019\/12\/Mochila_01.jpg","contentUrl":"https:\/\/obeneficio.com\/wp-content\/uploads\/2019\/12\/Mochila_01.jpg","width":1365,"height":1364},{"@type":"BreadcrumbList","@id":"https:\/\/obeneficio.com\/store\/mochila\/#breadcrumb","itemListElement":[{"@type":"ListItem","position":1,"name":"In\u00edcio","item":"https:\/\/obeneficio.com\/en\/"},{"@type":"ListItem","position":2,"name":"Loja","item":"https:\/\/obeneficio.com\/en\/loja\/"},{"@type":"ListItem","position":3,"name":"Mochila Benef\u00edcio"}]},{"@type":"WebSite","@id":"https:\/\/obeneficio.com\/#website","url":"https:\/\/obeneficio.com\/","name":"O Benef\u00edcio","description":"Nobody knows what it is, but it will be amazing!","potentialAction":[{"@type":"SearchAction","target":{"@type":"EntryPoint","urlTemplate":"https:\/\/obeneficio.com\/?s={search_term_string}"},"query-input":{"@type":"PropertyValueSpecification","valueRequired":true,"valueName":"search_term_string"}}],"inLanguage":"en-GB"}]}},"_links":{"self":[{"href":"https:\/\/obeneficio.com\/en\/wp-json\/wp\/v2\/product\/6399","targetHints":{"allow":["GET"]}}],"collection":[{"href":"https:\/\/obeneficio.com\/en\/wp-json\/wp\/v2\/product"}],"about":[{"href":"https:\/\/obeneficio.com\/en\/wp-json\/wp\/v2\/types\/product"}],"replies":[{"embeddable":true,"href":"https:\/\/obeneficio.com\/en\/wp-json\/wp\/v2\/comments?post=6399"}],"wp:featuredmedia":[{"embeddable":true,"href":"https:\/\/obeneficio.com\/en\/wp-json\/wp\/v2\/media\/7410"}],"wp:attachment":[{"href":"https:\/\/obeneficio.com\/en\/wp-json\/wp\/v2\/media?parent=6399"}],"wp:term":[{"taxonomy":"product_brand","embeddable":true,"href":"https:\/\/obeneficio.com\/en\/wp-json\/wp\/v2\/product_brand?post=6399"},{"taxonomy":"product_cat","embeddable":true,"href":"https:\/\/obeneficio.com\/en\/wp-json\/wp\/v2\/product_cat?post=6399"},{"taxonomy":"product_tag","embeddable":true,"href":"https:\/\/obeneficio.com\/en\/wp-json\/wp\/v2\/product_tag?post=6399"}],"curies":[{"name":"wp","href":"https:\/\/api.w.org\/{rel}","templated":true}]}}