{"id":5850,"date":"2019-11-29T14:22:07","date_gmt":"2019-11-29T14:22:07","guid":{"rendered":"http:\/\/staging.obeneficio.com\/product\/licor-de-ginja-3a-edicao-edicao-obidos\/"},"modified":"2025-05-06T11:17:42","modified_gmt":"2025-05-06T11:17:42","slug":"ginja","status":"publish","type":"product","link":"https:\/\/obeneficio.com\/en\/store\/ginja\/","title":{"rendered":"Sour Cherry Liqueur Benef\u00edcio"},"content":{"rendered":"<p>+ Traditional production<\/p>\n<p>+ Exclusive Revenue Benefit<\/p>\n<p>+ Intense ruby colour<\/p>\n<p>+ Limited series of 100 units and numbered<\/p>\n<p>+ Alcohol content: 23.5% Vol<\/p>\n<p>+ Capacity: 500 ml<\/p>","protected":false},"excerpt":{"rendered":"<p>An exclusive Benef\u00edcio recipe developed in partnership with Oppidum, whose traditional knowledge guarantees the originality of sensations - vision, touch, smell and the palate -, which makes this Sour Cherry Liqueur an unique and original piece, for a tasting full of emotion.<\/p>","protected":false},"featured_media":7420,"comment_status":"open","ping_status":"closed","template":"","meta":[],"product_brand":[],"product_cat":[103,135,118],"product_tag":[],"class_list":{"0":"post-5850","1":"product","2":"type-product","3":"status-publish","4":"has-post-thumbnail","6":"product_cat-edicao-4","7":"product_cat-beneficio","8":"product_cat-familia-portuguesa","10":"first","11":"outofstock","12":"taxable","13":"shipping-taxable","14":"purchasable","15":"product-type-simple"},"bundled_by":["7135"],"bundle_stock_status":"outofstock","bundle_stock_quantity":0,"bundle_virtual":false,"bundle_layout":"","bundle_add_to_cart_form_location":"","bundle_editable_in_cart":false,"bundle_sold_individually_context":"","bundle_item_grouping":"","bundle_min_size":"","bundle_max_size":"","bundle_price":[],"bundled_items":[],"bundle_sell_ids":[],"yoast_head":"<!-- This site is optimized with the Yoast SEO plugin v27.4 - https:\/\/yoast.com\/product\/yoast-seo-wordpress\/ -->\n<title>Licor de Ginja Benef\u00edcio &#8211; O Benef\u00edcio<\/title>\n<meta name=\"description\" content=\"Esta \u00e9 uma receita exclusiva Benef\u00edcio desenvolvida em parceria com a Oppidum, cujo saber tradicional garante a originalidade das sensa\u00e7\u00f5es \u2013 a vis\u00e3o, o tacto, o olfacto e o paladar \u2013, que fazem deste Licor de Ginja uma pe\u00e7a \u00fanica e original, para uma degusta\u00e7\u00e3o cheia de emotividade.\" \/>\n<meta name=\"robots\" content=\"index, follow, max-snippet:-1, max-image-preview:large, max-video-preview:-1\" \/>\n<link rel=\"canonical\" href=\"https:\/\/obeneficio.com\/en\/store\/ginja\/\" \/>\n<meta name=\"twitter:label1\" content=\"Estimated reading time\" \/>\n\t<meta name=\"twitter:data1\" content=\"1 minute\" \/>\n<script type=\"application\/ld+json\" class=\"yoast-schema-graph\">{\"@context\":\"https:\\\/\\\/schema.org\",\"@graph\":[{\"@type\":\"WebPage\",\"@id\":\"https:\\\/\\\/obeneficio.com\\\/store\\\/ginja\\\/\",\"url\":\"https:\\\/\\\/obeneficio.com\\\/store\\\/ginja\\\/\",\"name\":\"Licor de Ginja Benef\u00edcio &#8211; O Benef\u00edcio\",\"isPartOf\":{\"@id\":\"https:\\\/\\\/obeneficio.com\\\/#website\"},\"primaryImageOfPage\":{\"@id\":\"https:\\\/\\\/obeneficio.com\\\/store\\\/ginja\\\/#primaryimage\"},\"image\":{\"@id\":\"https:\\\/\\\/obeneficio.com\\\/store\\\/ginja\\\/#primaryimage\"},\"thumbnailUrl\":\"https:\\\/\\\/obeneficio.com\\\/wp-content\\\/uploads\\\/2019\\\/11\\\/Beneficio_Ginja.jpg\",\"datePublished\":\"2019-11-29T14:22:07+00:00\",\"dateModified\":\"2025-05-06T11:17:42+00:00\",\"description\":\"Esta \u00e9 uma receita exclusiva Benef\u00edcio desenvolvida em parceria com a Oppidum, cujo saber tradicional garante a originalidade das sensa\u00e7\u00f5es \u2013 a vis\u00e3o, o tacto, o olfacto e o paladar \u2013, que fazem deste Licor de Ginja uma pe\u00e7a \u00fanica e original, para uma degusta\u00e7\u00e3o cheia de emotividade.\",\"breadcrumb\":{\"@id\":\"https:\\\/\\\/obeneficio.com\\\/store\\\/ginja\\\/#breadcrumb\"},\"inLanguage\":\"en-GB\",\"potentialAction\":[{\"@type\":\"ReadAction\",\"target\":[\"https:\\\/\\\/obeneficio.com\\\/store\\\/ginja\\\/\"]}]},{\"@type\":\"ImageObject\",\"inLanguage\":\"en-GB\",\"@id\":\"https:\\\/\\\/obeneficio.com\\\/store\\\/ginja\\\/#primaryimage\",\"url\":\"https:\\\/\\\/obeneficio.com\\\/wp-content\\\/uploads\\\/2019\\\/11\\\/Beneficio_Ginja.jpg\",\"contentUrl\":\"https:\\\/\\\/obeneficio.com\\\/wp-content\\\/uploads\\\/2019\\\/11\\\/Beneficio_Ginja.jpg\",\"width\":1500,\"height\":1500},{\"@type\":\"BreadcrumbList\",\"@id\":\"https:\\\/\\\/obeneficio.com\\\/store\\\/ginja\\\/#breadcrumb\",\"itemListElement\":[{\"@type\":\"ListItem\",\"position\":1,\"name\":\"In\u00edcio\",\"item\":\"https:\\\/\\\/obeneficio.com\\\/\"},{\"@type\":\"ListItem\",\"position\":2,\"name\":\"Loja\",\"item\":\"https:\\\/\\\/obeneficio.com\\\/en\\\/loja\\\/\"},{\"@type\":\"ListItem\",\"position\":3,\"name\":\"Licor de Ginja Benef\u00edcio\"}]},{\"@type\":\"WebSite\",\"@id\":\"https:\\\/\\\/obeneficio.com\\\/#website\",\"url\":\"https:\\\/\\\/obeneficio.com\\\/\",\"name\":\"O Benef\u00edcio\",\"description\":\"Ningu\u00e9m sabe o que \u00e9, mas vai ser incr\u00edvel!\",\"potentialAction\":[{\"@type\":\"SearchAction\",\"target\":{\"@type\":\"EntryPoint\",\"urlTemplate\":\"https:\\\/\\\/obeneficio.com\\\/?s={search_term_string}\"},\"query-input\":{\"@type\":\"PropertyValueSpecification\",\"valueRequired\":true,\"valueName\":\"search_term_string\"}}],\"inLanguage\":\"en-GB\"}]}<\/script>\n<!-- \/ Yoast SEO plugin. -->","yoast_head_json":{"title":"Licor de Ginja Benef\u00edcio &#8211; O Benef\u00edcio","description":"Esta \u00e9 uma receita exclusiva Benef\u00edcio desenvolvida em parceria com a Oppidum, cujo saber tradicional garante a originalidade das sensa\u00e7\u00f5es \u2013 a vis\u00e3o, o tacto, o olfacto e o paladar \u2013, que fazem deste Licor de Ginja uma pe\u00e7a \u00fanica e original, para uma degusta\u00e7\u00e3o cheia de emotividade.","robots":{"index":"index","follow":"follow","max-snippet":"max-snippet:-1","max-image-preview":"max-image-preview:large","max-video-preview":"max-video-preview:-1"},"canonical":"https:\/\/obeneficio.com\/en\/store\/ginja\/","twitter_misc":{"Estimated reading time":"1 minute"},"schema":{"@context":"https:\/\/schema.org","@graph":[{"@type":"WebPage","@id":"https:\/\/obeneficio.com\/store\/ginja\/","url":"https:\/\/obeneficio.com\/store\/ginja\/","name":"Licor de Ginja Benef\u00edcio &#8211; O Benef\u00edcio","isPartOf":{"@id":"https:\/\/obeneficio.com\/#website"},"primaryImageOfPage":{"@id":"https:\/\/obeneficio.com\/store\/ginja\/#primaryimage"},"image":{"@id":"https:\/\/obeneficio.com\/store\/ginja\/#primaryimage"},"thumbnailUrl":"https:\/\/obeneficio.com\/wp-content\/uploads\/2019\/11\/Beneficio_Ginja.jpg","datePublished":"2019-11-29T14:22:07+00:00","dateModified":"2025-05-06T11:17:42+00:00","description":"Esta \u00e9 uma receita exclusiva Benef\u00edcio desenvolvida em parceria com a Oppidum, cujo saber tradicional garante a originalidade das sensa\u00e7\u00f5es \u2013 a vis\u00e3o, o tacto, o olfacto e o paladar \u2013, que fazem deste Licor de Ginja uma pe\u00e7a \u00fanica e original, para uma degusta\u00e7\u00e3o cheia de emotividade.","breadcrumb":{"@id":"https:\/\/obeneficio.com\/store\/ginja\/#breadcrumb"},"inLanguage":"en-GB","potentialAction":[{"@type":"ReadAction","target":["https:\/\/obeneficio.com\/store\/ginja\/"]}]},{"@type":"ImageObject","inLanguage":"en-GB","@id":"https:\/\/obeneficio.com\/store\/ginja\/#primaryimage","url":"https:\/\/obeneficio.com\/wp-content\/uploads\/2019\/11\/Beneficio_Ginja.jpg","contentUrl":"https:\/\/obeneficio.com\/wp-content\/uploads\/2019\/11\/Beneficio_Ginja.jpg","width":1500,"height":1500},{"@type":"BreadcrumbList","@id":"https:\/\/obeneficio.com\/store\/ginja\/#breadcrumb","itemListElement":[{"@type":"ListItem","position":1,"name":"In\u00edcio","item":"https:\/\/obeneficio.com\/"},{"@type":"ListItem","position":2,"name":"Loja","item":"https:\/\/obeneficio.com\/en\/loja\/"},{"@type":"ListItem","position":3,"name":"Licor de Ginja Benef\u00edcio"}]},{"@type":"WebSite","@id":"https:\/\/obeneficio.com\/#website","url":"https:\/\/obeneficio.com\/","name":"O Benef\u00edcio","description":"Nobody knows what it is, but it will be amazing!","potentialAction":[{"@type":"SearchAction","target":{"@type":"EntryPoint","urlTemplate":"https:\/\/obeneficio.com\/?s={search_term_string}"},"query-input":{"@type":"PropertyValueSpecification","valueRequired":true,"valueName":"search_term_string"}}],"inLanguage":"en-GB"}]}},"_links":{"self":[{"href":"https:\/\/obeneficio.com\/en\/wp-json\/wp\/v2\/product\/5850","targetHints":{"allow":["GET"]}}],"collection":[{"href":"https:\/\/obeneficio.com\/en\/wp-json\/wp\/v2\/product"}],"about":[{"href":"https:\/\/obeneficio.com\/en\/wp-json\/wp\/v2\/types\/product"}],"replies":[{"embeddable":true,"href":"https:\/\/obeneficio.com\/en\/wp-json\/wp\/v2\/comments?post=5850"}],"wp:featuredmedia":[{"embeddable":true,"href":"https:\/\/obeneficio.com\/en\/wp-json\/wp\/v2\/media\/7420"}],"wp:attachment":[{"href":"https:\/\/obeneficio.com\/en\/wp-json\/wp\/v2\/media?parent=5850"}],"wp:term":[{"taxonomy":"product_brand","embeddable":true,"href":"https:\/\/obeneficio.com\/en\/wp-json\/wp\/v2\/product_brand?post=5850"},{"taxonomy":"product_cat","embeddable":true,"href":"https:\/\/obeneficio.com\/en\/wp-json\/wp\/v2\/product_cat?post=5850"},{"taxonomy":"product_tag","embeddable":true,"href":"https:\/\/obeneficio.com\/en\/wp-json\/wp\/v2\/product_tag?post=5850"}],"curies":[{"name":"wp","href":"https:\/\/api.w.org\/{rel}","templated":true}]}}