{"id":7504,"date":"2025-05-13T11:37:08","date_gmt":"2025-05-13T11:37:08","guid":{"rendered":"https:\/\/obeneficio.com\/?page_id=7504"},"modified":"2025-05-13T11:37:08","modified_gmt":"2025-05-13T11:37:08","slug":"direito-de-livre-resolucao","status":"publish","type":"page","link":"https:\/\/obeneficio.com\/en\/termos-condicoes\/direito-de-livre-resolucao\/","title":{"rendered":"Direito de Livre Resolu\u00e7\u00e3o"},"content":{"rendered":"<div id=\"fws_69d9cb84915d3\"  data-column-margin=\"default\" data-midnight=\"dark\"  data-bg-mobile-hidden=\"\" class=\"wpb_row vc_row-fluid vc_row standard_section\"  style=\"padding-top: 0px; padding-bottom: 0px; \"><div class=\"row-bg-wrap\" data-bg-animation=\"none\" data-bg-overlay=\"false\"><div class=\"inner-wrap\"><div class=\"row-bg\"  style=\"\"><\/div><\/div><div class=\"row-bg-overlay\" ><\/div><\/div><div class=\"col span_12 dark left\">\n\t<div  class=\"vc_col-sm-2 wpb_column column_container vc_column_container col no-extra-padding\"  data-t-w-inherits=\"default\" data-border-radius=\"none\" data-shadow=\"none\" data-border-animation=\"\" data-border-animation-delay=\"\" data-border-width=\"none\" data-border-style=\"solid\" data-border-color=\"\" data-bg-cover=\"\" data-padding-pos=\"all\" data-has-bg-color=\"false\" data-bg-color=\"\" data-bg-opacity=\"1\" data-hover-bg=\"\" data-hover-bg-opacity=\"1\" data-animation=\"\" data-delay=\"0\" >\n\t\t<div class=\"vc_column-inner\" ><div class=\"column-bg-overlay-wrap\" data-bg-animation=\"none\"><div class=\"column-bg-overlay\"><\/div><\/div>\n\t\t\t<div class=\"wpb_wrapper\">\n\t\t\t\t\n\t\t\t<\/div> \n\t\t<\/div>\n\t<\/div> \n\n\t<div  class=\"vc_col-sm-8 wpb_column column_container vc_column_container col no-extra-padding\"  data-t-w-inherits=\"default\" data-border-radius=\"none\" data-shadow=\"none\" data-border-animation=\"\" data-border-animation-delay=\"\" data-border-width=\"none\" data-border-style=\"solid\" data-border-color=\"\" data-bg-cover=\"\" data-padding-pos=\"all\" data-has-bg-color=\"false\" data-bg-color=\"\" data-bg-opacity=\"1\" data-hover-bg=\"\" data-hover-bg-opacity=\"1\" data-animation=\"\" data-delay=\"0\" >\n\t\t<div class=\"vc_column-inner\" ><div class=\"column-bg-overlay-wrap\" data-bg-animation=\"none\"><div class=\"column-bg-overlay\"><\/div><\/div>\n\t\t\t<div class=\"wpb_wrapper\">\n\t\t\t\t<div class=\"col span_12 section-title text-align-center extra-padding\"><h2>\n<h4 style=\"text-align: center\"><strong class=\"bootstrapScopedWS\">Direito de livre resolu\u00e7\u00e3o<\/strong><\/h4>\n<\/h2><\/div><div class=\"clear\"><\/div><div class=\"divider-wrap\" data-alignment=\"default\"><div style=\"height: 30px;\" class=\"divider\"><\/div><\/div>\r\n<div class=\"wpb_text_column wpb_content_element\" >\r\n\t<div class=\"wpb_wrapper\">\r\n\t\t<h6><strong><span style=\"font-weight: 400;\">Se achar que o produto n\u00e3o corresponde ao que estava \u00e0 espera ou por outro motivo quer efetuar a devolu\u00e7\u00e3o ou troca do mesmo, tem catorze (14) dias corridos para o fazer a partir da rece\u00e7\u00e3o da sua compra. Se for o caso, por favor, entre em contacto o quanto antes para podermos efetuar a recolha e\/ou a nova entrega, atrav\u00e9s do email\u00a0 <\/span><a href=\"mailto:edetodos@obeneficio.com\"><span style=\"font-weight: 400;\">edetodos@obeneficio.com<\/span><\/a><span style=\"font-weight: 400;\">, incluindo o n\u00famero da encomenda e fotos do artigo com o problema.<\/span><\/strong><\/h6>\n\t<\/div>\r\n<\/div>\r\n\r\n\r\n\r\n\n\t\t\t<\/div> \n\t\t<\/div>\n\t<\/div> \n\n\t<div  class=\"vc_col-sm-2 wpb_column column_container vc_column_container col no-extra-padding\"  data-t-w-inherits=\"default\" data-border-radius=\"none\" data-shadow=\"none\" data-border-animation=\"\" data-border-animation-delay=\"\" data-border-width=\"none\" data-border-style=\"solid\" data-border-color=\"\" data-bg-cover=\"\" data-padding-pos=\"all\" data-has-bg-color=\"false\" data-bg-color=\"\" data-bg-opacity=\"1\" data-hover-bg=\"\" data-hover-bg-opacity=\"1\" data-animation=\"\" data-delay=\"0\" >\n\t\t<div class=\"vc_column-inner\" ><div class=\"column-bg-overlay-wrap\" data-bg-animation=\"none\"><div class=\"column-bg-overlay\"><\/div><\/div>\n\t\t\t<div class=\"wpb_wrapper\">\n\t\t\t\t\n\t\t\t<\/div> \n\t\t<\/div>\n\t<\/div> \n<\/div><\/div>","protected":false},"excerpt":{"rendered":"Direito de livre resolu\u00e7\u00e3o Se achar que o produto n\u00e3o corresponde ao que estava \u00e0 espera ou por outro motivo quer efetuar a devolu\u00e7\u00e3o ou troca do mesmo, tem catorze...","protected":false},"author":3,"featured_media":0,"parent":5893,"menu_order":0,"comment_status":"closed","ping_status":"closed","template":"","meta":{"footnotes":""},"class_list":["post-7504","page","type-page","status-publish"],"yoast_head":"<!-- This site is optimized with the Yoast SEO plugin v27.3 - https:\/\/yoast.com\/product\/yoast-seo-wordpress\/ -->\n<title>Pol\u00edtica de Privacidade \u2013 O Benef\u00edcio<\/title>\n<meta name=\"description\" content=\"Ningu\u00e9m sabe o que \u00e9, mas vai ser incr\u00edvel.\" \/>\n<meta name=\"robots\" content=\"index, follow, max-snippet:-1, max-image-preview:large, max-video-preview:-1\" \/>\n<link rel=\"canonical\" href=\"https:\/\/obeneficio.com\/en\/termos-condicoes\/direito-de-livre-resolucao\/\" \/>\n<meta name=\"twitter:label1\" content=\"Estimated reading time\" \/>\n\t<meta name=\"twitter:data1\" content=\"2 minutes\" \/>\n<script type=\"application\/ld+json\" class=\"yoast-schema-graph\">{\"@context\":\"https:\\\/\\\/schema.org\",\"@graph\":[{\"@type\":\"WebPage\",\"@id\":\"https:\\\/\\\/obeneficio.com\\\/termos-condicoes\\\/direito-de-livre-resolucao\\\/\",\"url\":\"https:\\\/\\\/obeneficio.com\\\/termos-condicoes\\\/direito-de-livre-resolucao\\\/\",\"name\":\"Pol\u00edtica de Privacidade \u2013 O Benef\u00edcio\",\"isPartOf\":{\"@id\":\"https:\\\/\\\/obeneficio.com\\\/#website\"},\"datePublished\":\"2025-05-13T11:37:08+00:00\",\"description\":\"Ningu\u00e9m sabe o que \u00e9, mas vai ser incr\u00edvel.\",\"breadcrumb\":{\"@id\":\"https:\\\/\\\/obeneficio.com\\\/termos-condicoes\\\/direito-de-livre-resolucao\\\/#breadcrumb\"},\"inLanguage\":\"en-GB\",\"potentialAction\":[{\"@type\":\"ReadAction\",\"target\":[\"https:\\\/\\\/obeneficio.com\\\/termos-condicoes\\\/direito-de-livre-resolucao\\\/\"]}]},{\"@type\":\"BreadcrumbList\",\"@id\":\"https:\\\/\\\/obeneficio.com\\\/termos-condicoes\\\/direito-de-livre-resolucao\\\/#breadcrumb\",\"itemListElement\":[{\"@type\":\"ListItem\",\"position\":1,\"name\":\"In\u00edcio\",\"item\":\"https:\\\/\\\/obeneficio.com\\\/en\\\/\"},{\"@type\":\"ListItem\",\"position\":2,\"name\":\"Termos e Condi\u00e7\u00f5es\",\"item\":\"https:\\\/\\\/obeneficio.com\\\/termos-condicoes\\\/\"},{\"@type\":\"ListItem\",\"position\":3,\"name\":\"Direito de Livre Resolu\u00e7\u00e3o\"}]},{\"@type\":\"WebSite\",\"@id\":\"https:\\\/\\\/obeneficio.com\\\/#website\",\"url\":\"https:\\\/\\\/obeneficio.com\\\/\",\"name\":\"O Benef\u00edcio\",\"description\":\"Ningu\u00e9m sabe o que \u00e9, mas vai ser incr\u00edvel!\",\"potentialAction\":[{\"@type\":\"SearchAction\",\"target\":{\"@type\":\"EntryPoint\",\"urlTemplate\":\"https:\\\/\\\/obeneficio.com\\\/?s={search_term_string}\"},\"query-input\":{\"@type\":\"PropertyValueSpecification\",\"valueRequired\":true,\"valueName\":\"search_term_string\"}}],\"inLanguage\":\"en-GB\"}]}<\/script>\n<!-- \/ Yoast SEO plugin. -->","yoast_head_json":{"title":"Pol\u00edtica de Privacidade \u2013 O Benef\u00edcio","description":"Ningu\u00e9m sabe o que \u00e9, mas vai ser incr\u00edvel.","robots":{"index":"index","follow":"follow","max-snippet":"max-snippet:-1","max-image-preview":"max-image-preview:large","max-video-preview":"max-video-preview:-1"},"canonical":"https:\/\/obeneficio.com\/en\/termos-condicoes\/direito-de-livre-resolucao\/","twitter_misc":{"Estimated reading time":"2 minutes"},"schema":{"@context":"https:\/\/schema.org","@graph":[{"@type":"WebPage","@id":"https:\/\/obeneficio.com\/termos-condicoes\/direito-de-livre-resolucao\/","url":"https:\/\/obeneficio.com\/termos-condicoes\/direito-de-livre-resolucao\/","name":"Pol\u00edtica de Privacidade \u2013 O Benef\u00edcio","isPartOf":{"@id":"https:\/\/obeneficio.com\/#website"},"datePublished":"2025-05-13T11:37:08+00:00","description":"Ningu\u00e9m sabe o que \u00e9, mas vai ser incr\u00edvel.","breadcrumb":{"@id":"https:\/\/obeneficio.com\/termos-condicoes\/direito-de-livre-resolucao\/#breadcrumb"},"inLanguage":"en-GB","potentialAction":[{"@type":"ReadAction","target":["https:\/\/obeneficio.com\/termos-condicoes\/direito-de-livre-resolucao\/"]}]},{"@type":"BreadcrumbList","@id":"https:\/\/obeneficio.com\/termos-condicoes\/direito-de-livre-resolucao\/#breadcrumb","itemListElement":[{"@type":"ListItem","position":1,"name":"In\u00edcio","item":"https:\/\/obeneficio.com\/en\/"},{"@type":"ListItem","position":2,"name":"Termos e Condi\u00e7\u00f5es","item":"https:\/\/obeneficio.com\/termos-condicoes\/"},{"@type":"ListItem","position":3,"name":"Direito de Livre Resolu\u00e7\u00e3o"}]},{"@type":"WebSite","@id":"https:\/\/obeneficio.com\/#website","url":"https:\/\/obeneficio.com\/","name":"O Benef\u00edcio","description":"Nobody knows what it is, but it will be amazing!","potentialAction":[{"@type":"SearchAction","target":{"@type":"EntryPoint","urlTemplate":"https:\/\/obeneficio.com\/?s={search_term_string}"},"query-input":{"@type":"PropertyValueSpecification","valueRequired":true,"valueName":"search_term_string"}}],"inLanguage":"en-GB"}]}},"_links":{"self":[{"href":"https:\/\/obeneficio.com\/en\/wp-json\/wp\/v2\/pages\/7504","targetHints":{"allow":["GET"]}}],"collection":[{"href":"https:\/\/obeneficio.com\/en\/wp-json\/wp\/v2\/pages"}],"about":[{"href":"https:\/\/obeneficio.com\/en\/wp-json\/wp\/v2\/types\/page"}],"author":[{"embeddable":true,"href":"https:\/\/obeneficio.com\/en\/wp-json\/wp\/v2\/users\/3"}],"replies":[{"embeddable":true,"href":"https:\/\/obeneficio.com\/en\/wp-json\/wp\/v2\/comments?post=7504"}],"version-history":[{"count":2,"href":"https:\/\/obeneficio.com\/en\/wp-json\/wp\/v2\/pages\/7504\/revisions"}],"predecessor-version":[{"id":7506,"href":"https:\/\/obeneficio.com\/en\/wp-json\/wp\/v2\/pages\/7504\/revisions\/7506"}],"up":[{"embeddable":true,"href":"https:\/\/obeneficio.com\/en\/wp-json\/wp\/v2\/pages\/5893"}],"wp:attachment":[{"href":"https:\/\/obeneficio.com\/en\/wp-json\/wp\/v2\/media?parent=7504"}],"curies":[{"name":"wp","href":"https:\/\/api.w.org\/{rel}","templated":true}]}}