{"id":7011,"date":"2021-04-18T11:32:48","date_gmt":"2021-04-18T11:32:48","guid":{"rendered":"http:\/\/obeneficio.com\/?page_id=7011"},"modified":"2025-05-14T13:49:21","modified_gmt":"2025-05-14T13:49:21","slug":"new","status":"publish","type":"page","link":"https:\/\/obeneficio.com\/en\/new\/","title":{"rendered":"What's New"},"content":{"rendered":"<div id=\"fws_69e51711c7a37\"  data-column-margin=\"default\" data-midnight=\"dark\"  data-bg-mobile-hidden=\"\" class=\"wpb_row vc_row-fluid vc_row full-width-section standard_section\"  style=\"padding-top: 0px; padding-bottom: 0px; \"><div class=\"row-bg-wrap\" data-bg-animation=\"none\" data-bg-overlay=\"false\"><div class=\"inner-wrap\"><div class=\"row-bg\"  style=\"\"><\/div><\/div><div class=\"row-bg-overlay\" ><\/div><\/div><div class=\"col span_12 dark left\">\n\t<div  class=\"vc_col-sm-2 wpb_column column_container vc_column_container col centered-text no-extra-padding\"  data-t-w-inherits=\"default\" data-border-radius=\"none\" data-shadow=\"none\" data-border-animation=\"\" data-border-animation-delay=\"\" data-border-width=\"none\" data-border-style=\"solid\" data-border-color=\"\" data-bg-cover=\"\" data-padding-pos=\"all\" data-has-bg-color=\"false\" data-bg-color=\"\" data-bg-opacity=\"1\" data-hover-bg=\"\" data-hover-bg-opacity=\"1\" data-animation=\"\" data-delay=\"0\" >\n\t\t<div class=\"vc_column-inner\" ><div class=\"column-bg-overlay-wrap\" data-bg-animation=\"none\"><div class=\"column-bg-overlay\"><\/div><\/div>\n\t\t\t<div class=\"wpb_wrapper\">\n\t\t\t\t\n\t\t\t<\/div> \n\t\t<\/div>\n\t<\/div> \n\n\t<div style=\"margin-top: 5%; margin-bottom: 5%!important; \" class=\"vc_col-sm-8 wpb_column column_container vc_column_container col no-extra-padding\"  data-t-w-inherits=\"default\" data-border-radius=\"none\" data-shadow=\"none\" data-border-animation=\"\" data-border-animation-delay=\"\" data-border-width=\"none\" data-border-style=\"solid\" data-border-color=\"\" data-bg-cover=\"\" data-padding-pos=\"all\" data-has-bg-color=\"false\" data-bg-color=\"\" data-bg-opacity=\"1\" data-hover-bg=\"\" data-hover-bg-opacity=\"1\" data-animation=\"\" data-delay=\"0\" >\n\t\t<div class=\"vc_column-inner\" ><div class=\"column-bg-overlay-wrap\" data-bg-animation=\"none\"><div class=\"column-bg-overlay\"><\/div><\/div>\n\t\t\t<div class=\"wpb_wrapper\">\n\t\t\t\t<div class=\"nectar-highlighted-text\" data-style=\"full_text\" data-using-custom-color=\"true\" data-animation-delay=\"false\" data-color=\"#e1d1ae\" data-color-gradient=\"\" style=\"\">\n<h2 style=\"text-align: center;\">What's New<\/h2>\n<\/div><div id=\"fws_69e51711c8198\" data-midnight=\"\" data-column-margin=\"default\" data-bg-mobile-hidden=\"\" class=\"wpb_row vc_row-fluid vc_row inner_row standard_section\"  style=\"padding-top: 0px; padding-bottom: 0px; \"><div class=\"row-bg-wrap\"> <div class=\"row-bg\"  style=\"\"><\/div> <\/div><div class=\"col span_12  left\">\n\t<div  class=\"vc_col-sm-12 wpb_column column_container vc_column_container col child_column centered-text no-extra-padding\"   data-t-w-inherits=\"default\" data-shadow=\"none\" data-border-radius=\"none\" data-border-animation=\"\" data-border-animation-delay=\"\" data-border-width=\"none\" data-border-style=\"solid\" data-border-color=\"\" data-bg-cover=\"\" data-padding-pos=\"all\" data-has-bg-color=\"false\" data-bg-color=\"\" data-bg-opacity=\"1\" data-hover-bg=\"\" data-hover-bg-opacity=\"1\" data-animation=\"\" data-delay=\"0\">\n\t\t<div class=\"vc_column-inner\" ><div class=\"column-bg-overlay-wrap\" data-bg-animation=\"none\"><div class=\"column-bg-overlay\"><\/div><\/div>\n\t\t<div class=\"wpb_wrapper\">\n\t\t\t<div class=\"img-with-aniamtion-wrap center\" data-max-width=\"100%\" data-max-width-mobile=\"default\" data-border-radius=\"none\" data-shadow=\"none\" data-animation=\"fade-in\" >\r\n      <div class=\"inner\">\r\n        <div class=\"hover-wrap\" data-hover-animation=\"none\"> \r\n          <div class=\"hover-wrap-inner\">\r\n            <img loading=\"lazy\" decoding=\"async\" class=\"img-with-animation skip-lazy\" data-delay=\"0\" height=\"1462\" width=\"2560\" data-animation=\"fade-in\" src=\"https:\/\/obeneficio.com\/wp-content\/uploads\/2023\/11\/gincastanha2-scaled.jpg\" alt=\"\" srcset=\"https:\/\/obeneficio.com\/wp-content\/uploads\/2023\/11\/gincastanha2-scaled.jpg 2560w, https:\/\/obeneficio.com\/wp-content\/uploads\/2023\/11\/gincastanha2-300x171.jpg 300w, https:\/\/obeneficio.com\/wp-content\/uploads\/2023\/11\/gincastanha2-1024x585.jpg 1024w, https:\/\/obeneficio.com\/wp-content\/uploads\/2023\/11\/gincastanha2-768x439.jpg 768w, https:\/\/obeneficio.com\/wp-content\/uploads\/2023\/11\/gincastanha2-1536x877.jpg 1536w, https:\/\/obeneficio.com\/wp-content\/uploads\/2023\/11\/gincastanha2-2048x1169.jpg 2048w, https:\/\/obeneficio.com\/wp-content\/uploads\/2023\/11\/gincastanha2-18x10.jpg 18w, https:\/\/obeneficio.com\/wp-content\/uploads\/2023\/11\/gincastanha2-600x343.jpg 600w, https:\/\/obeneficio.com\/wp-content\/uploads\/2023\/11\/gincastanha2-105x60.jpg 105w, https:\/\/obeneficio.com\/wp-content\/uploads\/2023\/11\/gincastanha2-158x90.jpg 158w\" sizes=\"auto, (min-width: 1450px) 75vw, (min-width: 1000px) 85vw, 100vw\" \/>\r\n          <\/div>\r\n        <\/div>\r\n      <\/div>\r\n    <\/div><h2 style=\"text-align: center;font-family:Abril Fatface;font-weight:400;font-style:normal\" class=\"vc_custom_heading\" >Gin de Castanha DOP Marv\u00e3o<\/h2><div class=\"divider-wrap\" data-alignment=\"default\"><div style=\"height: 20px;\" class=\"divider\"><\/div><\/div><h3 style=\"font-size: 28px;line-height: 1.2;text-align: center;font-family:Abril Fatface;font-weight:400;font-style:normal\" class=\"vc_custom_heading\" >O Gin de Castanha DOP de Marv\u00e3o \u00e9 o nosso novo produto, no qual concretizamos uma vez mais o princ\u00edpio criativo \"Ningu\u00e9m Sabe o que \u00e9, mas vai ser incr\u00edvel!\", seguindo um modelo de produ\u00e7\u00e3o assente em m\u00e9todos e mat\u00e9rias-primas artesanais.<\/h3><div class=\"divider-wrap\" data-alignment=\"default\"><div style=\"height: 20px;\" class=\"divider\"><\/div><\/div>\r\n<div class=\"wpb_text_column wpb_content_element\" style=\" max-width: 690px; display: inline-block;\">\r\n\t<div class=\"wpb_wrapper\">\r\n\t\t<p class=\"\" style=\"text-align: center;\">A explora\u00e7\u00e3o de mat\u00e9rias-primas diferenciadoras, e com impacto ambiental positivo, faz parte da nossa filosofia e a Castanha DOP Marv\u00e3o cumpre todas essas premissas. Rainha neste concelho do Alto Alentejo, a castanha do novo gin Benef\u00edcio \u00e9 proveniente de castanheiros centen\u00e1rios da variedade Marta\u00ednha.<\/p>\n<p class=\"\" style=\"text-align: center;\">Foi num contexto de descoberta e de inova\u00e7\u00e3o, e na sequ\u00eancia da filosofia de parcerias e cocria\u00e7\u00e3o que nos caracteriza, que em conjunto com a Marv\u00e3o Sustent\u00e1vel e v\u00e1rias empresas do concelho, nos lan\u00e7\u00e1mos na aventura de destilar o primeiro gin de castanha.<\/p>\n<p class=\"\" style=\"text-align: center;\">O mote para o desenvolvimento deste gin foram as viagens por Marv\u00e3o e pelas suas belezas culturais e naturais. No inverno, na rua, sente-se o frio e a humidade, e v\u00ea-se o fumo a sair das chamin\u00e9s das casas brancas no alto de Marv\u00e3o, bem como a atmosfera das nuvens carregadas. No ver\u00e3o, sentimos o calor profundo, quebrado pela frescura do gin que nos leva numa viagem de aromas e sabores da vila ao final do dia, junto ao castelo, e um sorriso acontece ao assistirmos ao p\u00f4r do sol.<\/p>\n<p class=\"\" style=\"text-align: center;\">A concretiza\u00e7\u00e3o dos universos de Marv\u00e3o neste gin premium tornou-se poss\u00edvel porque a comunidade local acreditou e disponibilizou o que de melhor tinha para oferecer. A partir de partilhas, de hist\u00f3rias e das provas, surgiu esta bebida transparente que capta os aromas e os sabores da castanha de Marv\u00e3o, algo que nos enche de muito orgulho.<\/p>\n\t<\/div>\r\n<\/div>\r\n\r\n\r\n\r\n<div class=\"divider-wrap\" data-alignment=\"default\"><div style=\"height: 20px;\" class=\"divider\"><\/div><\/div><a class=\"nectar-button large regular accent-color  regular-button\"  style=\"margin-top: 10px; margin-right: 10px; margin-bottom: 10px; margin-left: 10px;\"  href=\"https:\/\/obeneficio.com\/loja-em-manutencao\/\" data-color-override=\"false\" data-hover-color-override=\"false\" data-hover-text-color-override=\"#fff\"><span>Buy Now<\/span><\/a>\n\t\t<\/div> \n\t<\/div>\n\t<\/div> \n<\/div><\/div><div class=\"divider-wrap\" data-alignment=\"default\"><div style=\"margin-top: 60px; height: 1px; margin-bottom: 60px;\" data-width=\"100%\" data-animate=\"\" data-animation-delay=\"\" data-color=\"default\" class=\"divider-border\"><\/div><\/div><div id=\"fws_69e51711c9468\" data-midnight=\"\" data-column-margin=\"default\" data-bg-mobile-hidden=\"\" class=\"wpb_row vc_row-fluid vc_row inner_row standard_section\"  style=\"padding-top: 0px; padding-bottom: 0px; \"><div class=\"row-bg-wrap\"> <div class=\"row-bg\"  style=\"\"><\/div> <\/div><div class=\"col span_12  left\">\n\t<div  class=\"vc_col-sm-12 wpb_column column_container vc_column_container col child_column centered-text no-extra-padding\"   data-t-w-inherits=\"default\" data-shadow=\"none\" data-border-radius=\"none\" data-border-animation=\"\" data-border-animation-delay=\"\" data-border-width=\"none\" data-border-style=\"solid\" data-border-color=\"\" data-bg-cover=\"\" data-padding-pos=\"all\" data-has-bg-color=\"false\" data-bg-color=\"\" data-bg-opacity=\"1\" data-hover-bg=\"\" data-hover-bg-opacity=\"1\" data-animation=\"\" data-delay=\"0\">\n\t\t<div class=\"vc_column-inner\" ><div class=\"column-bg-overlay-wrap\" data-bg-animation=\"none\"><div class=\"column-bg-overlay\"><\/div><\/div>\n\t\t<div class=\"wpb_wrapper\">\n\t\t\t<div class=\"img-with-aniamtion-wrap center\" data-max-width=\"100%\" data-max-width-mobile=\"default\" data-border-radius=\"none\" data-shadow=\"none\" data-animation=\"fade-in\" >\r\n      <div class=\"inner\">\r\n        <div class=\"hover-wrap\" data-hover-animation=\"none\"> \r\n          <div class=\"hover-wrap-inner\">\r\n            <img loading=\"lazy\" decoding=\"async\" class=\"img-with-animation skip-lazy\" data-delay=\"0\" height=\"1152\" width=\"2048\" data-animation=\"fade-in\" src=\"https:\/\/obeneficio.com\/wp-content\/uploads\/2021\/04\/inicio3.jpg\" alt=\"\" srcset=\"https:\/\/obeneficio.com\/wp-content\/uploads\/2021\/04\/inicio3.jpg 2048w, https:\/\/obeneficio.com\/wp-content\/uploads\/2021\/04\/inicio3-300x169.jpg 300w, https:\/\/obeneficio.com\/wp-content\/uploads\/2021\/04\/inicio3-1024x576.jpg 1024w, https:\/\/obeneficio.com\/wp-content\/uploads\/2021\/04\/inicio3-768x432.jpg 768w, https:\/\/obeneficio.com\/wp-content\/uploads\/2021\/04\/inicio3-1536x864.jpg 1536w, https:\/\/obeneficio.com\/wp-content\/uploads\/2021\/04\/inicio3-16x9.jpg 16w, https:\/\/obeneficio.com\/wp-content\/uploads\/2021\/04\/inicio3-600x338.jpg 600w\" sizes=\"auto, (min-width: 1450px) 75vw, (min-width: 1000px) 85vw, 100vw\" \/>\r\n          <\/div>\r\n        <\/div>\r\n      <\/div>\r\n    <\/div><h2 style=\"text-align: center;font-family:Abril Fatface;font-weight:400;font-style:normal\" class=\"vc_custom_heading\" >Gins Benef\u00edcio<\/h2><div class=\"divider-wrap\" data-alignment=\"default\"><div style=\"height: 20px;\" class=\"divider\"><\/div><\/div><h3 style=\"font-size: 28px;line-height: 1.2;text-align: center;font-family:Abril Fatface;font-weight:400;font-style:normal\" class=\"vc_custom_heading\" >O Gin Benef\u00edcio de Flor de C\u00e2nhamo tem como base o zimbro e uma infus\u00e3o de 11 bot\u00e2nicos, cuja magia \u00e9 dada pela erva pr\u00edncipe, cardamomo e gengibre. Este \u00e9 um gin no qual o c\u00e2nhamo desempenha o papel de vocalista, uma planta com sabores muito herb\u00e1ceos, aqui compensada com frescura e do\u00e7ura.<\/h3><div class=\"divider-wrap\" data-alignment=\"default\"><div style=\"height: 20px;\" class=\"divider\"><\/div><\/div>\r\n<div class=\"wpb_text_column wpb_content_element\" style=\" max-width: 690px; display: inline-block;\">\r\n\t<div class=\"wpb_wrapper\">\r\n\t\t<p style=\"text-align: center;\">The tasting notes on the nose and mouth confirm the Hemp Flower Gin as a new age gin and with an intrinsic complexity so that connoisseurs and connoisseurs have a reason for conversation and challenges in their tasting.<\/p>\n<p style=\"text-align: center;\">Este gin \u00e9 macerado dentro do alambique de cobre onde \u00e9 posteriormente destilado e \u00e9 produzido pelo m\u00e9todo London Dry, pelo que \u00e9 produto de uma destila\u00e7\u00e3o \u00fanica.\u00a0No processo de desenvolvimento do Gin Benef\u00edcio\u00a0de Flor de C\u00e2nhamo, nasceram tr\u00eas varia\u00e7\u00f5es \u2013 Herbal, Estival e Delicado \u2013, e como nas fam\u00edlias felizes todos s\u00e3o bem-vindos, existem assim\u00a0 tr\u00eas produtos diferenciados e com a mesma base de destila\u00e7\u00e3o.<\/p>\n\t<\/div>\r\n<\/div>\r\n\r\n\r\n\r\n<div class=\"divider-wrap\" data-alignment=\"default\"><div style=\"height: 20px;\" class=\"divider\"><\/div><\/div><a class=\"nectar-button large regular accent-color  regular-button\"  style=\"margin-top: 10px; margin-right: 10px; margin-bottom: 10px; margin-left: 10px;\"  href=\"https:\/\/obeneficio.com\/loja-em-manutencao\/\" data-color-override=\"false\" data-hover-color-override=\"false\" data-hover-text-color-override=\"#fff\"><span>Buy Now<\/span><\/a>\n\t\t<\/div> \n\t<\/div>\n\t<\/div> \n<\/div><\/div>\n\t\t\t<\/div> \n\t\t<\/div>\n\t<\/div> \n\n\t<div  class=\"vc_col-sm-2 wpb_column column_container vc_column_container col no-extra-padding\"  data-t-w-inherits=\"default\" data-border-radius=\"none\" data-shadow=\"none\" data-border-animation=\"\" data-border-animation-delay=\"\" data-border-width=\"none\" data-border-style=\"solid\" data-border-color=\"\" data-bg-cover=\"\" data-padding-pos=\"all\" data-has-bg-color=\"false\" data-bg-color=\"\" data-bg-opacity=\"1\" data-hover-bg=\"\" data-hover-bg-opacity=\"1\" data-animation=\"\" data-delay=\"0\" >\n\t\t<div class=\"vc_column-inner\" ><div class=\"column-bg-overlay-wrap\" data-bg-animation=\"none\"><div class=\"column-bg-overlay\"><\/div><\/div>\n\t\t\t<div class=\"wpb_wrapper\">\n\t\t\t\t\n\t\t\t<\/div> \n\t\t<\/div>\n\t<\/div> \n<\/div><\/div>\n\t\t<div id=\"fws_69e51711c9986\"  data-column-margin=\"default\" data-midnight=\"dark\"  data-bg-mobile-hidden=\"\" class=\"wpb_row vc_row-fluid vc_row standard_section\"  style=\"padding-top: 0px; padding-bottom: 0px; \"><div class=\"row-bg-wrap\" data-bg-animation=\"none\" data-bg-overlay=\"false\"><div class=\"inner-wrap\"><div class=\"row-bg\"  style=\"\"><\/div><\/div><div class=\"row-bg-overlay\" ><\/div><\/div><div class=\"col span_12 dark left\">\n\t<div  class=\"vc_col-sm-12 wpb_column column_container vc_column_container col no-extra-padding\"  data-t-w-inherits=\"default\" data-border-radius=\"none\" data-shadow=\"none\" data-border-animation=\"\" data-border-animation-delay=\"\" data-border-width=\"none\" data-border-style=\"solid\" data-border-color=\"\" data-bg-cover=\"\" data-padding-pos=\"all\" data-has-bg-color=\"false\" data-bg-color=\"\" data-bg-opacity=\"1\" data-hover-bg=\"\" data-hover-bg-opacity=\"1\" data-animation=\"\" data-delay=\"0\" >\n\t\t<div class=\"vc_column-inner\" ><div class=\"column-bg-overlay-wrap\" data-bg-animation=\"none\"><div class=\"column-bg-overlay\"><\/div><\/div>\n\t\t\t<div class=\"wpb_wrapper\">\n\t\t\t\t\n\t\t\t<\/div> \n\t\t<\/div>\n\t<\/div> \n<\/div><\/div>","protected":false},"excerpt":{"rendered":"Novidades Gin de Castanha DOP Marv\u00e3oO Gin de Castanha DOP de Marv\u00e3o \u00e9 o nosso novo produto, no qual concretizamos uma vez mais o princ\u00edpio criativo \"Ningu\u00e9m Sabe o que...","protected":false},"author":1,"featured_media":0,"parent":0,"menu_order":0,"comment_status":"closed","ping_status":"closed","template":"","meta":{"footnotes":""},"class_list":["post-7011","page","type-page","status-publish"],"yoast_head":"<!-- This site is optimized with the Yoast SEO plugin v27.4 - https:\/\/yoast.com\/product\/yoast-seo-wordpress\/ -->\n<title>Novidades \u2013 O Benef\u00edcio<\/title>\n<meta name=\"description\" content=\"Ningu\u00e9m sabe o que \u00e9, mas vai ser incr\u00edvel.\" \/>\n<meta name=\"robots\" content=\"index, follow, max-snippet:-1, max-image-preview:large, max-video-preview:-1\" \/>\n<link rel=\"canonical\" href=\"https:\/\/obeneficio.com\/en\/new\/\" \/>\n<meta name=\"twitter:label1\" content=\"Estimated reading time\" \/>\n\t<meta name=\"twitter:data1\" content=\"2 minutes\" \/>\n<script type=\"application\/ld+json\" class=\"yoast-schema-graph\">{\"@context\":\"https:\\\/\\\/schema.org\",\"@graph\":[{\"@type\":\"WebPage\",\"@id\":\"https:\\\/\\\/obeneficio.com\\\/new\\\/\",\"url\":\"https:\\\/\\\/obeneficio.com\\\/new\\\/\",\"name\":\"Novidades \u2013 O Benef\u00edcio\",\"isPartOf\":{\"@id\":\"https:\\\/\\\/obeneficio.com\\\/#website\"},\"datePublished\":\"2021-04-18T11:32:48+00:00\",\"dateModified\":\"2025-05-14T13:49:21+00:00\",\"description\":\"Ningu\u00e9m sabe o que \u00e9, mas vai ser incr\u00edvel.\",\"breadcrumb\":{\"@id\":\"https:\\\/\\\/obeneficio.com\\\/new\\\/#breadcrumb\"},\"inLanguage\":\"en-GB\",\"potentialAction\":[{\"@type\":\"ReadAction\",\"target\":[\"https:\\\/\\\/obeneficio.com\\\/new\\\/\"]}]},{\"@type\":\"BreadcrumbList\",\"@id\":\"https:\\\/\\\/obeneficio.com\\\/new\\\/#breadcrumb\",\"itemListElement\":[{\"@type\":\"ListItem\",\"position\":1,\"name\":\"In\u00edcio\",\"item\":\"https:\\\/\\\/obeneficio.com\\\/en\\\/\"},{\"@type\":\"ListItem\",\"position\":2,\"name\":\"Novidades\"}]},{\"@type\":\"WebSite\",\"@id\":\"https:\\\/\\\/obeneficio.com\\\/#website\",\"url\":\"https:\\\/\\\/obeneficio.com\\\/\",\"name\":\"O Benef\u00edcio\",\"description\":\"Ningu\u00e9m sabe o que \u00e9, mas vai ser incr\u00edvel!\",\"potentialAction\":[{\"@type\":\"SearchAction\",\"target\":{\"@type\":\"EntryPoint\",\"urlTemplate\":\"https:\\\/\\\/obeneficio.com\\\/?s={search_term_string}\"},\"query-input\":{\"@type\":\"PropertyValueSpecification\",\"valueRequired\":true,\"valueName\":\"search_term_string\"}}],\"inLanguage\":\"en-GB\"}]}<\/script>\n<!-- \/ Yoast SEO plugin. -->","yoast_head_json":{"title":"Novidades \u2013 O Benef\u00edcio","description":"Ningu\u00e9m sabe o que \u00e9, mas vai ser incr\u00edvel.","robots":{"index":"index","follow":"follow","max-snippet":"max-snippet:-1","max-image-preview":"max-image-preview:large","max-video-preview":"max-video-preview:-1"},"canonical":"https:\/\/obeneficio.com\/en\/new\/","twitter_misc":{"Estimated reading time":"2 minutes"},"schema":{"@context":"https:\/\/schema.org","@graph":[{"@type":"WebPage","@id":"https:\/\/obeneficio.com\/new\/","url":"https:\/\/obeneficio.com\/new\/","name":"Novidades \u2013 O Benef\u00edcio","isPartOf":{"@id":"https:\/\/obeneficio.com\/#website"},"datePublished":"2021-04-18T11:32:48+00:00","dateModified":"2025-05-14T13:49:21+00:00","description":"Ningu\u00e9m sabe o que \u00e9, mas vai ser incr\u00edvel.","breadcrumb":{"@id":"https:\/\/obeneficio.com\/new\/#breadcrumb"},"inLanguage":"en-GB","potentialAction":[{"@type":"ReadAction","target":["https:\/\/obeneficio.com\/new\/"]}]},{"@type":"BreadcrumbList","@id":"https:\/\/obeneficio.com\/new\/#breadcrumb","itemListElement":[{"@type":"ListItem","position":1,"name":"In\u00edcio","item":"https:\/\/obeneficio.com\/en\/"},{"@type":"ListItem","position":2,"name":"Novidades"}]},{"@type":"WebSite","@id":"https:\/\/obeneficio.com\/#website","url":"https:\/\/obeneficio.com\/","name":"O Benef\u00edcio","description":"Nobody knows what it is, but it will be amazing!","potentialAction":[{"@type":"SearchAction","target":{"@type":"EntryPoint","urlTemplate":"https:\/\/obeneficio.com\/?s={search_term_string}"},"query-input":{"@type":"PropertyValueSpecification","valueRequired":true,"valueName":"search_term_string"}}],"inLanguage":"en-GB"}]}},"_links":{"self":[{"href":"https:\/\/obeneficio.com\/en\/wp-json\/wp\/v2\/pages\/7011","targetHints":{"allow":["GET"]}}],"collection":[{"href":"https:\/\/obeneficio.com\/en\/wp-json\/wp\/v2\/pages"}],"about":[{"href":"https:\/\/obeneficio.com\/en\/wp-json\/wp\/v2\/types\/page"}],"author":[{"embeddable":true,"href":"https:\/\/obeneficio.com\/en\/wp-json\/wp\/v2\/users\/1"}],"replies":[{"embeddable":true,"href":"https:\/\/obeneficio.com\/en\/wp-json\/wp\/v2\/comments?post=7011"}],"version-history":[{"count":56,"href":"https:\/\/obeneficio.com\/en\/wp-json\/wp\/v2\/pages\/7011\/revisions"}],"predecessor-version":[{"id":7513,"href":"https:\/\/obeneficio.com\/en\/wp-json\/wp\/v2\/pages\/7011\/revisions\/7513"}],"wp:attachment":[{"href":"https:\/\/obeneficio.com\/en\/wp-json\/wp\/v2\/media?parent=7011"}],"curies":[{"name":"wp","href":"https:\/\/api.w.org\/{rel}","templated":true}]}}