{"id":6283,"date":"2019-12-02T17:22:15","date_gmt":"2019-12-02T17:22:15","guid":{"rendered":"http:\/\/staging.obeneficio.com\/?page_id=6283"},"modified":"2020-05-06T09:17:39","modified_gmt":"2020-05-06T09:17:39","slug":"nas-noticias","status":"publish","type":"page","link":"https:\/\/obeneficio.com\/en\/nas-noticias\/","title":{"rendered":"In the News"},"content":{"rendered":"<div id=\"fws_69d9cad818cb6\"  data-column-margin=\"default\" data-midnight=\"dark\"  data-bg-mobile-hidden=\"\" class=\"wpb_row vc_row-fluid vc_row standard_section\"  style=\"padding-top: 0px; padding-bottom: 0px; \"><div class=\"row-bg-wrap\" data-bg-animation=\"none\" data-bg-overlay=\"false\"><div class=\"inner-wrap\"><div class=\"row-bg\"  style=\"\"><\/div><\/div><div class=\"row-bg-overlay\" ><\/div><\/div><div class=\"col span_12 dark center\">\n\t<div  class=\"vc_col-sm-12 wpb_column column_container vc_column_container col no-extra-padding\"  data-t-w-inherits=\"default\" data-border-radius=\"none\" data-shadow=\"none\" data-border-animation=\"\" data-border-animation-delay=\"\" data-border-width=\"none\" data-border-style=\"solid\" data-border-color=\"\" data-bg-cover=\"\" data-padding-pos=\"all\" data-has-bg-color=\"false\" data-bg-color=\"\" data-bg-opacity=\"1\" data-hover-bg=\"\" data-hover-bg-opacity=\"1\" data-animation=\"\" data-delay=\"0\" >\n\t\t<div class=\"vc_column-inner\" ><div class=\"column-bg-overlay-wrap\" data-bg-animation=\"none\"><div class=\"column-bg-overlay\"><\/div><\/div>\n\t\t\t<div class=\"wpb_wrapper\">\n\t\t\t\t<div class=\"nectar-highlighted-text\" data-style=\"full_text\" data-using-custom-color=\"true\" data-animation-delay=\"false\" data-color=\"#e1d1ae\" data-color-gradient=\"\" style=\"\">\n<h2 style=\"text-align: center;\">In the News<\/h2>\n<p style=\"text-align: center;\">The Benefit belongs to everyone and is in the news.<\/p>\n<\/div><div class=\"divider-wrap\" data-alignment=\"default\"><div style=\"height: 20px;\" class=\"divider\"><\/div><\/div>\n\t\t\t<\/div> \n\t\t<\/div>\n\t<\/div> \n<\/div><\/div>\n\t\t<div id=\"fws_69d9cad819071\"  data-column-margin=\"default\" data-midnight=\"dark\"  data-bg-mobile-hidden=\"\" class=\"wpb_row vc_row-fluid vc_row standard_section\"  style=\"padding-top: 0px; padding-bottom: 0px; \"><div class=\"row-bg-wrap\" data-bg-animation=\"none\" data-bg-overlay=\"false\"><div class=\"inner-wrap\"><div class=\"row-bg\"  style=\"\"><\/div><\/div><div class=\"row-bg-overlay\" ><\/div><\/div><div class=\"col span_12 dark center\">\n\t<div  class=\"vc_col-sm-12 wpb_column column_container vc_column_container col no-extra-padding\"  data-t-w-inherits=\"default\" data-border-radius=\"none\" data-shadow=\"none\" data-border-animation=\"\" data-border-animation-delay=\"\" data-border-width=\"none\" data-border-style=\"solid\" data-border-color=\"\" data-bg-cover=\"\" data-padding-pos=\"all\" data-has-bg-color=\"false\" data-bg-color=\"\" data-bg-opacity=\"1\" data-hover-bg=\"\" data-hover-bg-opacity=\"1\" data-animation=\"\" data-delay=\"0\" >\n\t\t<div class=\"vc_column-inner\" ><div class=\"column-bg-overlay-wrap\" data-bg-animation=\"none\"><div class=\"column-bg-overlay\"><\/div><\/div>\n\t\t\t<div class=\"wpb_wrapper\">\n\t\t\t\t\r\n<div class=\"wpb_text_column wpb_content_element\" >\r\n\t<div class=\"wpb_wrapper\">\r\n\t\t<h3 style=\"text-align: center;\">2019<\/h3>\n\t<\/div>\r\n<\/div>\r\n\r\n\r\n\r\n<div class=\"divider-wrap\" data-alignment=\"default\"><div style=\"height: 10px;\" class=\"divider\"><\/div><\/div>\r\n<div class=\"wpb_text_column wpb_content_element\" >\r\n\t<div class=\"wpb_wrapper\">\r\n\t\t<p><strong><a href=\"https:\/\/www.behindbusiness.org\/ricardo-nunes-o-beneficio\" target=\"_blank\" rel=\"noopener noreferrer\">Behind Business<\/a> with Ricardo Nunes<\/strong> in Behind Business (07\/31\/19)<\/p>\n<p><a href=\"https:\/\/www.publico.pt\/2019\/04\/20\/fugas\/opiniao\/afinal-so-ha-duas-ginjinhas-portuguesas-valem-pena-msr-oppidum-1869595\" target=\"_blank\" rel=\"noopener noreferrer\"><strong>After all there are only two Portuguese ginjinhas that are worth<\/strong><\/a> in Public (20\/04\/19)<\/p>\n<p><a href=\"https:\/\/youtu.be\/cdUHy8sxF00\"><strong>The Next Big Idea with Benefit<\/strong><\/a> in The Next Big Idea (03\/29\/19)<\/p>\n\t<\/div>\r\n<\/div>\r\n\r\n\r\n\r\n<div class=\"divider-wrap\" data-alignment=\"default\"><div style=\"height: 20px;\" class=\"divider\"><\/div><\/div>\r\n<div class=\"wpb_text_column wpb_content_element\" >\r\n\t<div class=\"wpb_wrapper\">\r\n\t\t<h3 style=\"text-align: center;\">2018<\/h3>\n\t<\/div>\r\n<\/div>\r\n\r\n\r\n\r\n<div class=\"divider-wrap\" data-alignment=\"default\"><div style=\"height: 10px;\" class=\"divider\"><\/div><\/div>\r\n<div class=\"wpb_text_column wpb_content_element\" >\r\n\t<div class=\"wpb_wrapper\">\r\n\t\t<p><a href=\"http:\/\/boasnoticias.pt\/o-beneficio-e-convidado-a-expor-a-sua-visao-la-fora\/\" target=\"_blank\" rel=\"noopener noreferrer\"><strong>Beneficio is invited to expose its vision abroad<\/strong><\/a> in Good News (19\/05\/18)<\/p>\n<p><a href=\"http:\/\/www.empreendedor.com\/beneficio-afirma-laboratorio-inovacao\/\" target=\"_blank\" rel=\"noopener noreferrer\"><strong>Benefit asserts itself as an Innovation Laboratory<\/strong><\/a><br \/>\nin Entrepreneur (02\/09\/18)<\/p>\n<p><a href=\"http:\/\/www.startandgo.pt\/pt\/rs?i=article&amp;art=MOCHILA-BENEFICIO\" target=\"_blank\" rel=\"noopener noreferrer\"><strong>Benefit Backpack<\/strong><\/a> in Start &amp; Go (03\/30\/18)<\/p>\n<p><a href=\"https:\/\/roof-magazine.com\/en\/post\/o-benefcio\" target=\"_blank\" rel=\"noopener noreferrer\"><strong>The Benefit - \u201cPRODUCTS WITH HISTORY\u201d<\/strong><\/a> in Roof Magazine (05\/02\/18)<\/p>\n<p><a href=\"http:\/\/portal.i9magazine.pt\/beneficio-afirma-laboratorio-inovacao\/\" target=\"_blank\" rel=\"noopener noreferrer\"><strong>The Benefit asserts itself as an Innovation Laboratory<\/strong><\/a> in i9 (02\/11\/18)<\/p>\n<p><a href=\"http:\/\/www.jornaleconomico.sapo.pt\/noticias\/o-beneficio-afirma-se-enquanto-laboratorio-de-inovacao-263828?utm_source=dlvr.it&amp;utm_medium=facebook\" target=\"_blank\" rel=\"noopener noreferrer\"><strong>The Benefit asserts itself as an Innovation Laboratory<\/strong><\/a> in Jornal Econ\u00f3mico \/ Startup Magazine (30\/01\/18)<\/p>\n\t<\/div>\r\n<\/div>\r\n\r\n\r\n\r\n<div class=\"divider-wrap\" data-alignment=\"default\"><div style=\"height: 20px;\" class=\"divider\"><\/div><\/div>\r\n<div class=\"wpb_text_column wpb_content_element\" >\r\n\t<div class=\"wpb_wrapper\">\r\n\t\t<h3 style=\"text-align: center;\">2017<\/h3>\n\t<\/div>\r\n<\/div>\r\n\r\n\r\n\r\n<div class=\"divider-wrap\" data-alignment=\"default\"><div style=\"height: 10px;\" class=\"divider\"><\/div><\/div>\r\n<div class=\"wpb_text_column wpb_content_element\" >\r\n\t<div class=\"wpb_wrapper\">\r\n\t\t<p><a href=\"http:\/\/boasnoticias.pt\/beneficio-esgota-3a-edicao-numa-semana\/\" target=\"_blank\" rel=\"noopener noreferrer\"><strong>The Benefit sells out 3rd edition in a week<\/strong><\/a> in Good News (12\/20\/17)<\/p>\n<p><a href=\"http:\/\/marketeer.pt\/2017\/12\/12\/o-beneficio-lanca-ginja-e-prepara-produto-com-iscte\/\" target=\"_blank\" rel=\"noopener noreferrer\"><strong>Benef\u00edcio launches sour cherry and prepares product with ISCTE<\/strong><\/a> in Marketeer (12\/12\/17)<\/p>\n<p><a href=\"https:\/\/www.dinheirovivo.pt\/fazedores\/benficio-esgota-edicao-licor-de-ginja\/\" target=\"_blank\" rel=\"noopener noreferrer\"><strong>Benefit runs out of Cherry liquor edition in one week<\/strong><\/a> in Dinheiro Vivo (12\/20\/17)<\/p>\n<p><a href=\"http:\/\/www.jornaleconomico.sapo.pt\/noticias\/licor-de-ginja-e-o-terceiro-produto-do-beneficio-243727\" target=\"_blank\" rel=\"noopener noreferrer\"><strong>Cherry liqueur is the third benefit product<\/strong><\/a> in Jornal Econ\u00f3mico and Startup Magazine (12\/12\/17)<\/p>\n<p><a href=\"https:\/\/www.leiriaeconomica.com\/2017\/12\/18397\/\" target=\"_blank\" rel=\"noopener noreferrer\"><strong>Benefit launches \u00d3bidos Edition<\/strong><\/a> in Economic Leira (12\/15\/17)<\/p>\n<p><a href=\"https:\/\/www.briefing.pt\/marketing\/41721-este-licor-de-ginja-tem-benef%C3%ADcio.html\" target=\"_blank\" rel=\"noopener noreferrer\"><strong>This Cherry Liqueur has Benefit<\/strong><\/a> in Briefing (12\/13\/17)<\/p>\n<div class=\"x-column x-sm x-1-3\">\n<div class=\"x-text cs-ta-left\">\n<p><a href=\"https:\/\/www.ruadebaixo.com\/o-beneficio-lanca-edicao-obidos-o-licor-de-ginja-deste-natal-12-12-2017.html\" target=\"_blank\" rel=\"noopener noreferrer\"><strong>Benef\u00edcio launches \u00d3bidos edition, the sour liquor this Christmas<\/strong><\/a> in Rua de Baixo (12\/12\/17)<\/p>\n<p><a href=\"https:\/\/www.facebook.com\/obeneficio\/posts\/1409499975765378\" target=\"_blank\" rel=\"noopener noreferrer\"><strong>Janela Urbana shares our vision and the history of our backpacks<\/strong><\/a> in Urban Window (08\/31\/17)<\/p>\n<p><a href=\"https:\/\/www.facebook.com\/obeneficio\/posts\/1412684025446973\" target=\"_blank\" rel=\"noopener noreferrer\"><strong>ACTIVA shares our backpack in its top trends<\/strong><\/a> in Active (09\/04\/17)<\/p>\n<p><a href=\"https:\/\/www.facebook.com\/obeneficio\/posts\/1413355368713172\" target=\"_blank\" rel=\"noopener noreferrer\"><strong>Caras shares our backpack in the \u201cIdeas\u201d section<\/strong><\/a> in Guys (05\/09\/17)<\/p>\n<p><a href=\"https:\/\/www.facebook.com\/obeneficio\/posts\/1398715130177196\" target=\"_blank\" rel=\"noopener noreferrer\"><strong>The benefit. Interesting, creative and engaged Portuguese company in a fair and environmentally friendly production process<\/strong><\/a> in Yellow Consultoria (17\/08\/17)<\/p>\n<p><a href=\"http:\/\/www.rtp.pt\/play\/p3519\/e297812\/portugal-com-ideias\" target=\"_blank\" rel=\"noopener noreferrer\"><strong>The Benefit Backpack - Beltimore Series, made of car seat belts, by hand and with limited edition<\/strong><\/a> in Portugal with Ideas (13\/07\/17)<\/p>\n<p><a href=\"https:\/\/www.facebook.com\/obeneficio\/photos\/a.503483939700324.1073741825.438589306189788\/1391653490883360\/\" target=\"_blank\" rel=\"noopener noreferrer\"><strong>Vis\u00e3o Magazine highlights our backpack made of recycled seat belts<\/strong><\/a> in Vision (11\/08\/17)<\/p>\n<p><a href=\"https:\/\/www.facebook.com\/obeneficio\/photos\/a.438621562853229.92920.438589306189788\/1364374850277891\/?type=3\" target=\"_blank\" rel=\"noopener noreferrer\"><strong>Umbigo highlights our backpack as a unique design piece<\/strong><\/a> in Navel (11\/07\/17)<\/p>\n<p><a href=\"https:\/\/www.facebook.com\/obeneficio\/posts\/1370207193027990\" target=\"_blank\" rel=\"noopener noreferrer\"><strong>Di\u00e1rio de Not\u00edcias highlights our backpack made of recycled seat belts<\/strong><\/a> in Di\u00e1rio de Not\u00edcias (07\/18\/17)<\/p>\n<p><a href=\"http:\/\/www.empreendedor.com\/index.php?page_id=5065&amp;item_id=2261\" target=\"_blank\" rel=\"noopener noreferrer\"><strong>The benefit of exclusivity and innovation<\/strong><\/a> in Entrepreneur (05\/07\/17)<\/p>\n<p><a href=\"https:\/\/www.facebook.com\/StartupPortugal\/posts\/1580783671932540\" target=\"_blank\" rel=\"noopener noreferrer\"><strong>This backpack is made out of car seat belts and each edition only has 100 units to sell<\/strong><\/a> in Startup Portugal (01\/07\/17)<\/p>\n<p><a href=\"https:\/\/www.noticiasaominuto.com\/economia\/820787\/uma-mochila-reciclada-o-segundo-passo-da-economia-de-colmeia-portuguesa\" target=\"_blank\" rel=\"noopener noreferrer\"><strong>A recycled backpack: The second step in the Portuguese beehive economy<\/strong><\/a> in News to the Minute (06\/26\/17)<\/p>\n<p><a href=\"http:\/\/bonsrapazes.com\/2017\/06\/uma-mochila-feita-a-partir-de-cintos-de-seguranca\/\" target=\"_blank\" rel=\"noopener noreferrer\"><strong>A backpack made from seat belts<\/strong><\/a> in Good Guys (06\/29\/17)<\/p>\n<p><a href=\"http:\/\/www.briefing.pt\/criatividade\/40270-e-do-desperdicio-se-fez-uma-mochila-com-beneficio.html#ixzz4tyFKY2Zu\" target=\"_blank\" rel=\"noopener noreferrer\"><strong>And from the waste a backpack was made. With Benefit<\/strong><\/a> in Briefing (06\/26\/17)<\/p>\n<p><a href=\"http:\/\/www.jornaleconomico.sapo.pt\/noticias\/uma-mochila-que-nasce-a-partir-de-cintos-de-seguranca-de-automoveis-177060\" target=\"_blank\" rel=\"noopener noreferrer\"><strong>A backpack born out of car seat belts<\/strong><\/a> in Jornal Econ\u00f3mico &amp; Startup Magazine (29\/06\/17)<\/p>\n<p><a href=\"http:\/\/marketeer.pt\/2017\/06\/26\/o-beneficio-transforma-cintos-de-seguranca-em-mochilas\/\" target=\"_blank\" rel=\"noopener noreferrer\"><strong>The Benefit turns seat belts into backpacks<\/strong><\/a> in Marketeer (06\/26\/17)<\/p>\n<p><a href=\"https:\/\/nit.pt\/vanity\/moda\/esta-mochila-feita-cintos-seguranca\" target=\"_blank\" rel=\"noopener noreferrer\"><strong>This backpack is made with seat belts<\/strong><\/a> in NIT (06\/26\/17)<\/p>\n<p><a href=\"http:\/\/www.e-konomista.pt\/artigo\/beltimore-mochila-feita-de-cintos-de-seguranca\/\" target=\"_blank\" rel=\"noopener noreferrer\"><strong>Benefit launches Beltimore, the backpack made of seat belts<\/strong><\/a> in E-Konomista (06\/23\/17)<\/p>\n<p><a href=\"https:\/\/www.dinheirovivo.pt\/fazedores\/startup-beneficio-lanca-mochilas-feitas-de-cintos-de-seguranca\/\" target=\"_blank\" rel=\"noopener noreferrer\"><strong>Benefit launches backpacks made of seat belts<\/strong><\/a> in Dinheiro Vivo (06\/25\/17)<\/p>\n<p><a href=\"http:\/\/marketeer.pt\/2017\/04\/24\/o-beneficio-segunda-edicao-limitada-a-caminho\/\" target=\"_blank\" rel=\"noopener noreferrer\"><strong>The Benefit: second limited edition on the way<\/strong><\/a> in Markeeter (24\/04\/17)<\/p>\n<p><a href=\"http:\/\/portal.i9magazine.pt\/colaborar-varios-beneficios\/\" target=\"_blank\" rel=\"noopener noreferrer\"><strong>Collaborate with \u201cbenefits\u201d<\/strong><\/a> in i9 Magazine (06\/24\/17)<\/p>\n<p><a href=\"http:\/\/www.nos.pt\/empresas\/repositorio-informacao\/criar-uma-empresa\/casos-sucesso\/Pages\/beneficio.aspx\" target=\"_blank\" rel=\"noopener noreferrer\"><strong>O Benef\u00edcio<\/strong><\/a> in NOS Success Cases (11\/04\/17)<\/p>\n<p><a href=\"https:\/\/www.dinheirovivo.pt\/fazedores\/744344\/\" target=\"_blank\" rel=\"noopener noreferrer\"><strong>Benefit. Anthem to sustainable capitalism<\/strong><\/a> in Dinheiro Vivo (02\/11\/17)<\/p>\n<p><a href=\"http:\/\/bonsrapazes.com\/2017\/01\/esta-start-up-portuguesa-so-produz-para-o-beneficio-de-todos\/\" target=\"_blank\" rel=\"noopener noreferrer\"><strong>This Portuguese Startup only produces for the benefit of all<\/strong><\/a> in Good Guys (01\/30\/17)<\/p>\n<p><a href=\"http:\/\/observador.pt\/2017\/02\/09\/beneficio-a-hashtag-que-e-um-negocio-e-nao-quer-passar-dos-100\/\" target=\"_blank\" rel=\"noopener noreferrer\"><strong>Benefit. The hashtag that is a business and does not want to exceed 100<\/strong><\/a> in Observer (02\/09\/17)<\/p>\n<p><a href=\"https:\/\/www.noticiasaominuto.com\/economia\/729584\/o-beneficio-a-economia-de-colmeia-a-moda-portuguesa\" target=\"_blank\" rel=\"noopener noreferrer\"><strong>The Benefit: The Portuguese-style &#039;beehive economy&#039;<\/strong><\/a> in News to the Minute (01\/28\/17)<\/p>\n<p><a href=\"https:\/\/www.facebook.com\/STARTUPLISBOA\/videos\/1220292198066687\/\" target=\"_blank\" rel=\"noopener noreferrer\"><strong>Startup Lisboa: Five Years, Five-star People, Five-star Companies<\/strong><\/a> in Startup Lisboa (06\/02\/17)<\/p>\n<p><a href=\"http:\/\/www.empreendedor.com\/index.php?page_id=5065&amp;item_id=2099\" target=\"_blank\" rel=\"noopener noreferrer\"><strong>The Benefit: the startup that values small producers<\/strong><\/a> in Entrepreneur (23\/01\/17)<\/p>\n<p><a href=\"http:\/\/www.briefing.pt\/entrevistas\/38894-qual-a-escala-d-o-beneficio-o-ricardo-responde.html?utm_source=dlvr.it&amp;utm_medium=facebook#ixzz4k60nIl8d\" target=\"_blank\" rel=\"noopener noreferrer\"><strong>What is the scale of O Benef\u00edcio: Ricardo answers<\/strong><\/a> in Briefing (20\/01\/17)<\/p>\n<p><a href=\"https:\/\/www.agroportal.pt\/o-beneficio-a-startup-com-uma-visao-capitalista-humanista\/\" target=\"_blank\" rel=\"noopener noreferrer\"><strong>The Benefit: the startup with a capitalist-humanist vision<\/strong><\/a> in AGROPORTAL (1\/17\/17)<\/p>\n<p><a href=\"http:\/\/marketeer.pt\/2017\/01\/20\/desta-editora-so-saem-edicoes-limitadas\/\" target=\"_blank\" rel=\"noopener noreferrer\"><strong>Only limited editions come out of this publisher<\/strong><\/a> in Marketeer (1\/20\/17)<\/p>\n<p><a href=\"http:\/\/www.jornaleconomico.sapo.pt\/noticias\/beneficio-startup-visao-capitalista-humanista-111519\" target=\"_blank\" rel=\"noopener noreferrer\"><strong>The Benefit: the startup with a capitalist-humanist vision<\/strong><\/a> in Jornal Econ\u00f3mico \/ StartUP Magazine (17\/01\/17)<\/p>\n<p><a href=\"http:\/\/www.verportugal.net\/vp\/pt\/012017\/Empreendedorismo\/6827\/O-Benef%C3%ADcio-a-startup-com-uma-vis%C3%A3o-capitalista-humanista.htm\" target=\"_blank\" rel=\"noopener noreferrer\"><strong>The Benefit: the startup with a capitalist-humanist vision<\/strong><\/a> in See Portugal (1\/18\/17)<\/p>\n<\/div>\n<\/div>\n\t<\/div>\r\n<\/div>\r\n\r\n\r\n\r\n\n\t\t\t<\/div> \n\t\t<\/div>\n\t<\/div> \n<\/div><\/div>\n\t\t<div id=\"fws_69d9cad81957d\"  data-column-margin=\"default\" data-midnight=\"dark\"  data-bg-mobile-hidden=\"\" class=\"wpb_row vc_row-fluid vc_row standard_section\"  style=\"padding-top: 0px; padding-bottom: 0px; \"><div class=\"row-bg-wrap\" data-bg-animation=\"none\" data-bg-overlay=\"false\"><div class=\"inner-wrap\"><div class=\"row-bg\"  style=\"\"><\/div><\/div><div class=\"row-bg-overlay\" ><\/div><\/div><div class=\"col span_12 dark left\">\n\t<div  class=\"vc_col-sm-12 wpb_column column_container vc_column_container col no-extra-padding\"  data-t-w-inherits=\"default\" data-border-radius=\"none\" data-shadow=\"none\" data-border-animation=\"\" data-border-animation-delay=\"\" data-border-width=\"none\" data-border-style=\"solid\" data-border-color=\"\" data-bg-cover=\"\" data-padding-pos=\"all\" data-has-bg-color=\"false\" data-bg-color=\"\" data-bg-opacity=\"1\" data-hover-bg=\"\" data-hover-bg-opacity=\"1\" data-animation=\"\" data-delay=\"0\" >\n\t\t<div class=\"vc_column-inner\" ><div class=\"column-bg-overlay-wrap\" data-bg-animation=\"none\"><div class=\"column-bg-overlay\"><\/div><\/div>\n\t\t\t<div class=\"wpb_wrapper\">\n\t\t\t\t\r\n<div class=\"wpb_text_column wpb_content_element\" >\r\n\t<div class=\"wpb_wrapper\">\r\n\t\t\t<\/div>\r\n<\/div>\r\n\r\n\r\n\r\n\n\t\t\t<\/div> \n\t\t<\/div>\n\t<\/div> \n<\/div><\/div>","protected":false},"excerpt":{"rendered":"Nas Not\u00edcias O Benef\u00edcio \u00e9 de todos e \u00e9 not\u00edcia. 2019 Behind Business with Ricardo Nunes in Behind Business (31\/07\/19) Afinal s\u00f3 h\u00e1 duas ginjinhas portuguesas que valem a pena...","protected":false},"author":1,"featured_media":0,"parent":0,"menu_order":0,"comment_status":"closed","ping_status":"closed","template":"","meta":{"footnotes":""},"class_list":["post-6283","page","type-page","status-publish"],"yoast_head":"<!-- This site is optimized with the Yoast SEO plugin v27.3 - https:\/\/yoast.com\/product\/yoast-seo-wordpress\/ -->\n<title>Nas Not\u00edcias \u2013 O Benef\u00edcio<\/title>\n<meta name=\"description\" content=\"Ningu\u00e9m sabe o que \u00e9, mas vai ser incr\u00edvel.\" \/>\n<meta name=\"robots\" content=\"index, follow, max-snippet:-1, max-image-preview:large, max-video-preview:-1\" \/>\n<link rel=\"canonical\" href=\"https:\/\/obeneficio.com\/en\/nas-noticias\/\" \/>\n<meta name=\"twitter:label1\" content=\"Estimated reading time\" \/>\n\t<meta name=\"twitter:data1\" content=\"5 minutes\" \/>\n<script type=\"application\/ld+json\" class=\"yoast-schema-graph\">{\"@context\":\"https:\\\/\\\/schema.org\",\"@graph\":[{\"@type\":\"WebPage\",\"@id\":\"https:\\\/\\\/obeneficio.com\\\/en\\\/nas-noticias\\\/\",\"url\":\"https:\\\/\\\/obeneficio.com\\\/en\\\/nas-noticias\\\/\",\"name\":\"Nas Not\u00edcias \u2013 O Benef\u00edcio\",\"isPartOf\":{\"@id\":\"https:\\\/\\\/obeneficio.com\\\/#website\"},\"datePublished\":\"2019-12-02T17:22:15+00:00\",\"dateModified\":\"2020-05-06T09:17:39+00:00\",\"description\":\"Ningu\u00e9m sabe o que \u00e9, mas vai ser incr\u00edvel.\",\"breadcrumb\":{\"@id\":\"https:\\\/\\\/obeneficio.com\\\/en\\\/nas-noticias\\\/#breadcrumb\"},\"inLanguage\":\"en-GB\",\"potentialAction\":[{\"@type\":\"ReadAction\",\"target\":[\"https:\\\/\\\/obeneficio.com\\\/en\\\/nas-noticias\\\/\"]}]},{\"@type\":\"BreadcrumbList\",\"@id\":\"https:\\\/\\\/obeneficio.com\\\/en\\\/nas-noticias\\\/#breadcrumb\",\"itemListElement\":[{\"@type\":\"ListItem\",\"position\":1,\"name\":\"In\u00edcio\",\"item\":\"https:\\\/\\\/obeneficio.com\\\/en\\\/\"},{\"@type\":\"ListItem\",\"position\":2,\"name\":\"Nas Not\u00edcias\"}]},{\"@type\":\"WebSite\",\"@id\":\"https:\\\/\\\/obeneficio.com\\\/#website\",\"url\":\"https:\\\/\\\/obeneficio.com\\\/\",\"name\":\"O Benef\u00edcio\",\"description\":\"Ningu\u00e9m sabe o que \u00e9, mas vai ser incr\u00edvel!\",\"potentialAction\":[{\"@type\":\"SearchAction\",\"target\":{\"@type\":\"EntryPoint\",\"urlTemplate\":\"https:\\\/\\\/obeneficio.com\\\/?s={search_term_string}\"},\"query-input\":{\"@type\":\"PropertyValueSpecification\",\"valueRequired\":true,\"valueName\":\"search_term_string\"}}],\"inLanguage\":\"en-GB\"}]}<\/script>\n<!-- \/ Yoast SEO plugin. -->","yoast_head_json":{"title":"Nas Not\u00edcias \u2013 O Benef\u00edcio","description":"Ningu\u00e9m sabe o que \u00e9, mas vai ser incr\u00edvel.","robots":{"index":"index","follow":"follow","max-snippet":"max-snippet:-1","max-image-preview":"max-image-preview:large","max-video-preview":"max-video-preview:-1"},"canonical":"https:\/\/obeneficio.com\/en\/nas-noticias\/","twitter_misc":{"Estimated reading time":"5 minutes"},"schema":{"@context":"https:\/\/schema.org","@graph":[{"@type":"WebPage","@id":"https:\/\/obeneficio.com\/en\/nas-noticias\/","url":"https:\/\/obeneficio.com\/en\/nas-noticias\/","name":"Nas Not\u00edcias \u2013 O Benef\u00edcio","isPartOf":{"@id":"https:\/\/obeneficio.com\/#website"},"datePublished":"2019-12-02T17:22:15+00:00","dateModified":"2020-05-06T09:17:39+00:00","description":"Ningu\u00e9m sabe o que \u00e9, mas vai ser incr\u00edvel.","breadcrumb":{"@id":"https:\/\/obeneficio.com\/en\/nas-noticias\/#breadcrumb"},"inLanguage":"en-GB","potentialAction":[{"@type":"ReadAction","target":["https:\/\/obeneficio.com\/en\/nas-noticias\/"]}]},{"@type":"BreadcrumbList","@id":"https:\/\/obeneficio.com\/en\/nas-noticias\/#breadcrumb","itemListElement":[{"@type":"ListItem","position":1,"name":"In\u00edcio","item":"https:\/\/obeneficio.com\/en\/"},{"@type":"ListItem","position":2,"name":"Nas Not\u00edcias"}]},{"@type":"WebSite","@id":"https:\/\/obeneficio.com\/#website","url":"https:\/\/obeneficio.com\/","name":"O Benef\u00edcio","description":"Nobody knows what it is, but it will be amazing!","potentialAction":[{"@type":"SearchAction","target":{"@type":"EntryPoint","urlTemplate":"https:\/\/obeneficio.com\/?s={search_term_string}"},"query-input":{"@type":"PropertyValueSpecification","valueRequired":true,"valueName":"search_term_string"}}],"inLanguage":"en-GB"}]}},"_links":{"self":[{"href":"https:\/\/obeneficio.com\/en\/wp-json\/wp\/v2\/pages\/6283","targetHints":{"allow":["GET"]}}],"collection":[{"href":"https:\/\/obeneficio.com\/en\/wp-json\/wp\/v2\/pages"}],"about":[{"href":"https:\/\/obeneficio.com\/en\/wp-json\/wp\/v2\/types\/page"}],"author":[{"embeddable":true,"href":"https:\/\/obeneficio.com\/en\/wp-json\/wp\/v2\/users\/1"}],"replies":[{"embeddable":true,"href":"https:\/\/obeneficio.com\/en\/wp-json\/wp\/v2\/comments?post=6283"}],"version-history":[{"count":11,"href":"https:\/\/obeneficio.com\/en\/wp-json\/wp\/v2\/pages\/6283\/revisions"}],"predecessor-version":[{"id":6755,"href":"https:\/\/obeneficio.com\/en\/wp-json\/wp\/v2\/pages\/6283\/revisions\/6755"}],"wp:attachment":[{"href":"https:\/\/obeneficio.com\/en\/wp-json\/wp\/v2\/media?parent=6283"}],"curies":[{"name":"wp","href":"https:\/\/api.w.org\/{rel}","templated":true}]}}