{"id":5959,"date":"2019-11-29T20:12:13","date_gmt":"2019-11-29T20:12:13","guid":{"rendered":"http:\/\/staging.obeneficio.com\/?page_id=5959"},"modified":"2021-05-18T16:23:20","modified_gmt":"2021-05-18T16:23:20","slug":"on-the-road","status":"publish","type":"page","link":"https:\/\/obeneficio.com\/en\/on-the-road\/","title":{"rendered":"On the road"},"content":{"rendered":"<div id=\"fws_69d9cb0248222\"  data-column-margin=\"default\" data-midnight=\"dark\"  data-bg-mobile-hidden=\"\" class=\"wpb_row vc_row-fluid vc_row standard_section\"  style=\"padding-top: 0px; padding-bottom: 0px; \"><div class=\"row-bg-wrap\" data-bg-animation=\"none\" data-bg-overlay=\"false\"><div class=\"inner-wrap\"><div class=\"row-bg\"  style=\"\"><\/div><\/div><div class=\"row-bg-overlay\" ><\/div><\/div><div class=\"col span_12 dark left\">\n\t<div  class=\"vc_col-sm-2 wpb_column column_container vc_column_container col no-extra-padding\"  data-t-w-inherits=\"default\" data-border-radius=\"none\" data-shadow=\"none\" data-border-animation=\"\" data-border-animation-delay=\"\" data-border-width=\"none\" data-border-style=\"solid\" data-border-color=\"\" data-bg-cover=\"\" data-padding-pos=\"all\" data-has-bg-color=\"false\" data-bg-color=\"\" data-bg-opacity=\"1\" data-hover-bg=\"\" data-hover-bg-opacity=\"1\" data-animation=\"\" data-delay=\"0\" >\n\t\t<div class=\"vc_column-inner\" ><div class=\"column-bg-overlay-wrap\" data-bg-animation=\"none\"><div class=\"column-bg-overlay\"><\/div><\/div>\n\t\t\t<div class=\"wpb_wrapper\">\n\t\t\t\t\n\t\t\t<\/div> \n\t\t<\/div>\n\t<\/div> \n\n\t<div  class=\"vc_col-sm-8 wpb_column column_container vc_column_container col no-extra-padding\"  data-t-w-inherits=\"default\" data-border-radius=\"none\" data-shadow=\"none\" data-border-animation=\"\" data-border-animation-delay=\"\" data-border-width=\"none\" data-border-style=\"solid\" data-border-color=\"\" data-bg-cover=\"\" data-padding-pos=\"all\" data-has-bg-color=\"false\" data-bg-color=\"\" data-bg-opacity=\"1\" data-hover-bg=\"\" data-hover-bg-opacity=\"1\" data-animation=\"\" data-delay=\"0\" >\n\t\t<div class=\"vc_column-inner\" ><div class=\"column-bg-overlay-wrap\" data-bg-animation=\"none\"><div class=\"column-bg-overlay\"><\/div><\/div>\n\t\t\t<div class=\"wpb_wrapper\">\n\t\t\t\t\r\n<div class=\"row\">\r\n\r\n <div class=\"post-area col  span_12 col_last\" data-ams=\"\" data-remove-post-date=\"\" data-remove-post-author=\"\" data-remove-post-comment-number=\"\" data-remove-post-nectar-love=\"\"> <div class=\"posts-container\" data-load-animation=\"none\">     \r\n     \r\n<article id=\"post-5891\" class=\"post-5891 post type-post status-publish format-standard has-post-thumbnail category-na-estrada\">  \r\n  \r\n  <div class=\"inner-wrap animated\">\r\n    \r\n    <div class=\"post-content classic\">\r\n      \r\n      \r\n<div class=\"post-meta\">\r\n  \r\n  <div class=\"date\">\r\n    <span class=\"month\">Dec<\/span>\r\n    <span class=\"day\">02<\/span>\r\n      <\/div>\r\n  \r\n  <div class=\"nectar-love-wrap\">\r\n    <a href=\"#\" class=\"nectar-love\" id=\"nectar-love-5891\" title=\"Love this\"> <i class=\"icon-salient-heart-2\"><\/i><span class=\"love-text\">Love<\/span><span class=\"total_loves\"><span class=\"nectar-love-count\">0<\/span><\/span><\/a>  <\/div>\r\n  \r\n<\/div><!--post-meta-->      \r\n      <div class=\"content-inner\">\r\n        \r\n        <a href=\"https:\/\/obeneficio.com\/en\/2019\/12\/sleeve-4a-edicao-subtil-loom\/\"><span class=\"post-featured-img\"><img loading=\"lazy\" decoding=\"async\" width=\"2048\" height=\"1151\" src=\"https:\/\/obeneficio.com\/wp-content\/uploads\/2019\/12\/naestrada4.jpg\" class=\"attachment-full size-full skip-lazy wp-post-image\" alt=\"\" title=\"\" srcset=\"https:\/\/obeneficio.com\/wp-content\/uploads\/2019\/12\/naestrada4.jpg 2048w, https:\/\/obeneficio.com\/wp-content\/uploads\/2019\/12\/naestrada4-300x169.jpg 300w, https:\/\/obeneficio.com\/wp-content\/uploads\/2019\/12\/naestrada4-1024x576.jpg 1024w, https:\/\/obeneficio.com\/wp-content\/uploads\/2019\/12\/naestrada4-768x432.jpg 768w, https:\/\/obeneficio.com\/wp-content\/uploads\/2019\/12\/naestrada4-1536x863.jpg 1536w, https:\/\/obeneficio.com\/wp-content\/uploads\/2019\/12\/naestrada4-600x337.jpg 600w\" sizes=\"auto, (max-width: 2048px) 100vw, 2048px\" \/><\/span><\/a>        \r\n        <div class=\"article-content-wrap\">\r\n          \r\n          <div class=\"post-header\">\r\n            \r\n            <h2 class=\"title\"><a href=\"https:\/\/obeneficio.com\/en\/2019\/12\/sleeve-4a-edicao-subtil-loom\/\"> Sleeve \u2013 4th Edition (Subtil Loom)<\/a><\/h2>\r\n            \r\n            <span class=\"meta-author\">\r\n              <span>By<\/span> <a href=\"https:\/\/obeneficio.com\/en\/author\/admin\/\" title=\"Posts by admin\" rel=\"author\">admin<\/a>            <\/span> \r\n            <span class=\"meta-category\"><a href=\"https:\/\/obeneficio.com\/en\/category\/na-estrada\/\">On the road<\/a>            <\/span>            \r\n          <\/div><!--\/post-header-->\r\n          \r\n          <div class=\"excerpt\"><p>A computer sleeve and a multipurpose bag are born from the tradition of the Minde Looms. Inspired by grandma's blankets and keep-alive the tradition of pure sheepskin weaving and with an original standard for this edition.<\/p>\n<\/div><a class=\"more-link\" href=\"https:\/\/obeneficio.com\/en\/2019\/12\/sleeve-4a-edicao-subtil-loom\/\"><span class=\"continue-reading\">Read More<\/span><\/a>          \r\n        <\/div><!--article-content-wrap-->\r\n        \r\n      <\/div><!--content-inner-->\r\n      \r\n    <\/div><!--\/post-content-->\r\n    \r\n  <\/div><!--\/inner-wrap-->\r\n  \r\n<\/article>     \r\n     \r\n<article id=\"post-5927\" class=\"post-5927 post type-post status-publish format-standard has-post-thumbnail category-na-estrada\">  \r\n  \r\n  <div class=\"inner-wrap animated\">\r\n    \r\n    <div class=\"post-content classic\">\r\n      \r\n      \r\n<div class=\"post-meta\">\r\n  \r\n  <div class=\"date\">\r\n    <span class=\"month\">Nov<\/span>\r\n    <span class=\"day\">29<\/span>\r\n      <\/div>\r\n  \r\n  <div class=\"nectar-love-wrap\">\r\n    <a href=\"#\" class=\"nectar-love\" id=\"nectar-love-5927\" title=\"Love this\"> <i class=\"icon-salient-heart-2\"><\/i><span class=\"love-text\">Love<\/span><span class=\"total_loves\"><span class=\"nectar-love-count\">0<\/span><\/span><\/a>  <\/div>\r\n  \r\n<\/div><!--post-meta-->      \r\n      <div class=\"content-inner\">\r\n        \r\n        <a href=\"https:\/\/obeneficio.com\/en\/2019\/11\/licor-de-ginja-3a-edicao-obidos\/\"><span class=\"post-featured-img\"><img loading=\"lazy\" decoding=\"async\" width=\"2048\" height=\"1152\" src=\"https:\/\/obeneficio.com\/wp-content\/uploads\/2019\/11\/naestrada3.jpg\" class=\"attachment-full size-full skip-lazy wp-post-image\" alt=\"\" title=\"\" srcset=\"https:\/\/obeneficio.com\/wp-content\/uploads\/2019\/11\/naestrada3.jpg 2048w, https:\/\/obeneficio.com\/wp-content\/uploads\/2019\/11\/naestrada3-300x169.jpg 300w, https:\/\/obeneficio.com\/wp-content\/uploads\/2019\/11\/naestrada3-1024x576.jpg 1024w, https:\/\/obeneficio.com\/wp-content\/uploads\/2019\/11\/naestrada3-768x432.jpg 768w, https:\/\/obeneficio.com\/wp-content\/uploads\/2019\/11\/naestrada3-1536x864.jpg 1536w, https:\/\/obeneficio.com\/wp-content\/uploads\/2019\/11\/naestrada3-600x338.jpg 600w\" sizes=\"auto, (max-width: 2048px) 100vw, 2048px\" \/><\/span><\/a>        \r\n        <div class=\"article-content-wrap\">\r\n          \r\n          <div class=\"post-header\">\r\n            \r\n            <h2 class=\"title\"><a href=\"https:\/\/obeneficio.com\/en\/2019\/11\/licor-de-ginja-3a-edicao-obidos\/\"> Sour Cherry Liqueur \u2013 3rd Edition (\u00d3bidos)<\/a><\/h2>\r\n            \r\n            <span class=\"meta-author\">\r\n              <span>By<\/span> <a href=\"https:\/\/obeneficio.com\/en\/author\/admin\/\" title=\"Posts by admin\" rel=\"author\">admin<\/a>            <\/span> \r\n            <span class=\"meta-category\"><a href=\"https:\/\/obeneficio.com\/en\/category\/na-estrada\/\">On the road<\/a>            <\/span>            \r\n          <\/div><!--\/post-header-->\r\n          \r\n          <div class=\"excerpt\"><p>The Sour Cherry Benef\u00edcio is made from the traditional wisdom and guarantees originality at the level of sensations \u2013 sight, touch, smell and taste. This is an exclusive blend of Benef\u00edcio, developed in partnership with Oppidum.<\/p>\n<\/div><a class=\"more-link\" href=\"https:\/\/obeneficio.com\/en\/2019\/11\/licor-de-ginja-3a-edicao-obidos\/\"><span class=\"continue-reading\">Read More<\/span><\/a>          \r\n        <\/div><!--article-content-wrap-->\r\n        \r\n      <\/div><!--content-inner-->\r\n      \r\n    <\/div><!--\/post-content-->\r\n    \r\n  <\/div><!--\/inner-wrap-->\r\n  \r\n<\/article>     \r\n     \r\n<article id=\"post-5925\" class=\"post-5925 post type-post status-publish format-standard has-post-thumbnail category-na-estrada\">  \r\n  \r\n  <div class=\"inner-wrap animated\">\r\n    \r\n    <div class=\"post-content classic\">\r\n      \r\n      \r\n<div class=\"post-meta\">\r\n  \r\n  <div class=\"date\">\r\n    <span class=\"month\">Nov<\/span>\r\n    <span class=\"day\">29<\/span>\r\n      <\/div>\r\n  \r\n  <div class=\"nectar-love-wrap\">\r\n    <a href=\"#\" class=\"nectar-love\" id=\"nectar-love-5925\" title=\"Love this\"> <i class=\"icon-salient-heart-2\"><\/i><span class=\"love-text\">Love<\/span><span class=\"total_loves\"><span class=\"nectar-love-count\">0<\/span><\/span><\/a>  <\/div>\r\n  \r\n<\/div><!--post-meta-->      \r\n      <div class=\"content-inner\">\r\n        \r\n        <a href=\"https:\/\/obeneficio.com\/en\/2019\/11\/mochila-2a-edicao-beltimore\/\"><span class=\"post-featured-img\"><img loading=\"lazy\" decoding=\"async\" width=\"2048\" height=\"1152\" src=\"https:\/\/obeneficio.com\/wp-content\/uploads\/2019\/11\/naestrada2.jpg\" class=\"attachment-full size-full skip-lazy wp-post-image\" alt=\"\" title=\"\" srcset=\"https:\/\/obeneficio.com\/wp-content\/uploads\/2019\/11\/naestrada2.jpg 2048w, https:\/\/obeneficio.com\/wp-content\/uploads\/2019\/11\/naestrada2-300x169.jpg 300w, https:\/\/obeneficio.com\/wp-content\/uploads\/2019\/11\/naestrada2-1024x576.jpg 1024w, https:\/\/obeneficio.com\/wp-content\/uploads\/2019\/11\/naestrada2-768x432.jpg 768w, https:\/\/obeneficio.com\/wp-content\/uploads\/2019\/11\/naestrada2-1536x864.jpg 1536w, https:\/\/obeneficio.com\/wp-content\/uploads\/2019\/11\/naestrada2-600x338.jpg 600w\" sizes=\"auto, (max-width: 2048px) 100vw, 2048px\" \/><\/span><\/a>        \r\n        <div class=\"article-content-wrap\">\r\n          \r\n          <div class=\"post-header\">\r\n            \r\n            <h2 class=\"title\"><a href=\"https:\/\/obeneficio.com\/en\/2019\/11\/mochila-2a-edicao-beltimore\/\"> Backpack \u2013 2nd Edition (Beltimore)<\/a><\/h2>\r\n            \r\n            <span class=\"meta-author\">\r\n              <span>By<\/span> <a href=\"https:\/\/obeneficio.com\/en\/author\/admin\/\" title=\"Posts by admin\" rel=\"author\">admin<\/a>            <\/span> \r\n            <span class=\"meta-category\"><a href=\"https:\/\/obeneficio.com\/en\/category\/na-estrada\/\">On the road<\/a>            <\/span>            \r\n          <\/div><!--\/post-header-->\r\n          \r\n          <div class=\"excerpt\"><p>From fleeting fuel to a backpack for life. The Benefit Backpack, Beltimore Edition, is made up of seat belts and so we increase the useful life of a material which is nothing but fuel to burn.<\/p>\n<\/div><a class=\"more-link\" href=\"https:\/\/obeneficio.com\/en\/2019\/11\/mochila-2a-edicao-beltimore\/\"><span class=\"continue-reading\">Read More<\/span><\/a>          \r\n        <\/div><!--article-content-wrap-->\r\n        \r\n      <\/div><!--content-inner-->\r\n      \r\n    <\/div><!--\/post-content-->\r\n    \r\n  <\/div><!--\/inner-wrap-->\r\n  \r\n<\/article>     \r\n     \r\n<article id=\"post-5895\" class=\"post-5895 post type-post status-publish format-standard has-post-thumbnail category-na-estrada\">  \r\n  \r\n  <div class=\"inner-wrap animated\">\r\n    \r\n    <div class=\"post-content classic\">\r\n      \r\n      \r\n<div class=\"post-meta\">\r\n  \r\n  <div class=\"date\">\r\n    <span class=\"month\">Nov<\/span>\r\n    <span class=\"day\">29<\/span>\r\n      <\/div>\r\n  \r\n  <div class=\"nectar-love-wrap\">\r\n    <a href=\"#\" class=\"nectar-love\" id=\"nectar-love-5895\" title=\"Love this\"> <i class=\"icon-salient-heart-2\"><\/i><span class=\"love-text\">Love<\/span><span class=\"total_loves\"><span class=\"nectar-love-count\">0<\/span><\/span><\/a>  <\/div>\r\n  \r\n<\/div><!--post-meta-->      \r\n      <div class=\"content-inner\">\r\n        \r\n        <a href=\"https:\/\/obeneficio.com\/en\/2019\/11\/azeite-1a-edicao\/\"><span class=\"post-featured-img\"><img loading=\"lazy\" decoding=\"async\" width=\"2048\" height=\"1152\" src=\"https:\/\/obeneficio.com\/wp-content\/uploads\/2019\/11\/naestrada1.jpg\" class=\"attachment-full size-full skip-lazy wp-post-image\" alt=\"\" title=\"\" srcset=\"https:\/\/obeneficio.com\/wp-content\/uploads\/2019\/11\/naestrada1.jpg 2048w, https:\/\/obeneficio.com\/wp-content\/uploads\/2019\/11\/naestrada1-300x169.jpg 300w, https:\/\/obeneficio.com\/wp-content\/uploads\/2019\/11\/naestrada1-1024x576.jpg 1024w, https:\/\/obeneficio.com\/wp-content\/uploads\/2019\/11\/naestrada1-768x432.jpg 768w, https:\/\/obeneficio.com\/wp-content\/uploads\/2019\/11\/naestrada1-1536x864.jpg 1536w, https:\/\/obeneficio.com\/wp-content\/uploads\/2019\/11\/naestrada1-600x338.jpg 600w\" sizes=\"auto, (max-width: 2048px) 100vw, 2048px\" \/><\/span><\/a>        \r\n        <div class=\"article-content-wrap\">\r\n          \r\n          <div class=\"post-header\">\r\n            \r\n            <h2 class=\"title\"><a href=\"https:\/\/obeneficio.com\/en\/2019\/11\/azeite-1a-edicao\/\"> Olive Oil \u2013 1st Edition<\/a><\/h2>\r\n            \r\n            <span class=\"meta-author\">\r\n              <span>By<\/span> <a href=\"https:\/\/obeneficio.com\/en\/author\/admin\/\" title=\"Posts by admin\" rel=\"author\">admin<\/a>            <\/span> \r\n            <span class=\"meta-category\"><a href=\"https:\/\/obeneficio.com\/en\/category\/na-estrada\/\">On the road<\/a>            <\/span>              <span class=\"meta-comment-count\"> <a href=\"https:\/\/obeneficio.com\/en\/2019\/11\/azeite-1a-edicao\/#respond\">\r\n                No comments<\/a>\r\n              <\/span>\r\n                        \r\n          <\/div><!--\/post-header-->\r\n          \r\n          <div class=\"excerpt\"><p>The Olive Oil Benef\u00edcio is produced at Herdade da Tapada da Tojeira. The new series of this Olive Oil has the particularity of being our first product with a Designation of Protected Origin. The 1st edition of olive oil was our first product.<\/p>\n<\/div><a class=\"more-link\" href=\"https:\/\/obeneficio.com\/en\/2019\/11\/azeite-1a-edicao\/\"><span class=\"continue-reading\">Read More<\/span><\/a>          \r\n        <\/div><!--article-content-wrap-->\r\n        \r\n      <\/div><!--content-inner-->\r\n      \r\n    <\/div><!--\/post-content-->\r\n    \r\n  <\/div><!--\/inner-wrap-->\r\n  \r\n<\/article>    \r\n    <\/div><!--\/posts container-->\r\n    \r\n      \r\n<\/div><!--\/post area-->\r\n\r\n  \r\n\r\n<\/div>\r\n\r\n\n\t\t\t<\/div> \n\t\t<\/div>\n\t<\/div> \n\n\t<div  class=\"vc_col-sm-2 wpb_column column_container vc_column_container col no-extra-padding\"  data-t-w-inherits=\"default\" data-border-radius=\"none\" data-shadow=\"none\" data-border-animation=\"\" data-border-animation-delay=\"\" data-border-width=\"none\" data-border-style=\"solid\" data-border-color=\"\" data-bg-cover=\"\" data-padding-pos=\"all\" data-has-bg-color=\"false\" data-bg-color=\"\" data-bg-opacity=\"1\" data-hover-bg=\"\" data-hover-bg-opacity=\"1\" data-animation=\"\" data-delay=\"0\" >\n\t\t<div class=\"vc_column-inner\" ><div class=\"column-bg-overlay-wrap\" data-bg-animation=\"none\"><div class=\"column-bg-overlay\"><\/div><\/div>\n\t\t\t<div class=\"wpb_wrapper\">\n\t\t\t\t\n\t\t\t<\/div> \n\t\t<\/div>\n\t<\/div> \n<\/div><\/div>","protected":false},"excerpt":{"rendered":"O Azeite Benef\u00edcio \u00e9 produzido na Tapada Herdade da Tojeira. A segunda s\u00e9rie de Azeite tem a particularidade de ser o primeiro produto Benef\u00edcio com a Designa\u00e7\u00e3o de Origem Protegida....","protected":false},"author":1,"featured_media":0,"parent":0,"menu_order":0,"comment_status":"closed","ping_status":"closed","template":"","meta":{"footnotes":""},"class_list":["post-5959","page","type-page","status-publish"],"yoast_head":"<!-- This site is optimized with the Yoast SEO plugin v27.3 - https:\/\/yoast.com\/product\/yoast-seo-wordpress\/ -->\n<title>Na Estrada \u2013 O Benef\u00edcio<\/title>\n<meta name=\"description\" content=\"Ningu\u00e9m sabe o que \u00e9, mas vai ser incr\u00edvel.\" \/>\n<meta name=\"robots\" content=\"index, follow, max-snippet:-1, max-image-preview:large, max-video-preview:-1\" \/>\n<link rel=\"canonical\" href=\"https:\/\/obeneficio.com\/en\/on-the-road\/\" \/>\n<meta name=\"twitter:label1\" content=\"Estimated reading time\" \/>\n\t<meta name=\"twitter:data1\" content=\"1 minute\" \/>\n<script type=\"application\/ld+json\" class=\"yoast-schema-graph\">{\"@context\":\"https:\\\/\\\/schema.org\",\"@graph\":[{\"@type\":\"WebPage\",\"@id\":\"https:\\\/\\\/obeneficio.com\\\/on-the-road\\\/\",\"url\":\"https:\\\/\\\/obeneficio.com\\\/on-the-road\\\/\",\"name\":\"Na Estrada \u2013 O Benef\u00edcio\",\"isPartOf\":{\"@id\":\"https:\\\/\\\/obeneficio.com\\\/#website\"},\"datePublished\":\"2019-11-29T20:12:13+00:00\",\"dateModified\":\"2021-05-18T16:23:20+00:00\",\"description\":\"Ningu\u00e9m sabe o que \u00e9, mas vai ser incr\u00edvel.\",\"breadcrumb\":{\"@id\":\"https:\\\/\\\/obeneficio.com\\\/on-the-road\\\/#breadcrumb\"},\"inLanguage\":\"en-GB\",\"potentialAction\":[{\"@type\":\"ReadAction\",\"target\":[\"https:\\\/\\\/obeneficio.com\\\/on-the-road\\\/\"]}]},{\"@type\":\"BreadcrumbList\",\"@id\":\"https:\\\/\\\/obeneficio.com\\\/on-the-road\\\/#breadcrumb\",\"itemListElement\":[{\"@type\":\"ListItem\",\"position\":1,\"name\":\"In\u00edcio\",\"item\":\"https:\\\/\\\/obeneficio.com\\\/en\\\/\"},{\"@type\":\"ListItem\",\"position\":2,\"name\":\"Na Estrada\"}]},{\"@type\":\"WebSite\",\"@id\":\"https:\\\/\\\/obeneficio.com\\\/#website\",\"url\":\"https:\\\/\\\/obeneficio.com\\\/\",\"name\":\"O Benef\u00edcio\",\"description\":\"Ningu\u00e9m sabe o que \u00e9, mas vai ser incr\u00edvel!\",\"potentialAction\":[{\"@type\":\"SearchAction\",\"target\":{\"@type\":\"EntryPoint\",\"urlTemplate\":\"https:\\\/\\\/obeneficio.com\\\/?s={search_term_string}\"},\"query-input\":{\"@type\":\"PropertyValueSpecification\",\"valueRequired\":true,\"valueName\":\"search_term_string\"}}],\"inLanguage\":\"en-GB\"}]}<\/script>\n<!-- \/ Yoast SEO plugin. -->","yoast_head_json":{"title":"Na Estrada \u2013 O Benef\u00edcio","description":"Ningu\u00e9m sabe o que \u00e9, mas vai ser incr\u00edvel.","robots":{"index":"index","follow":"follow","max-snippet":"max-snippet:-1","max-image-preview":"max-image-preview:large","max-video-preview":"max-video-preview:-1"},"canonical":"https:\/\/obeneficio.com\/en\/on-the-road\/","twitter_misc":{"Estimated reading time":"1 minute"},"schema":{"@context":"https:\/\/schema.org","@graph":[{"@type":"WebPage","@id":"https:\/\/obeneficio.com\/on-the-road\/","url":"https:\/\/obeneficio.com\/on-the-road\/","name":"Na Estrada \u2013 O Benef\u00edcio","isPartOf":{"@id":"https:\/\/obeneficio.com\/#website"},"datePublished":"2019-11-29T20:12:13+00:00","dateModified":"2021-05-18T16:23:20+00:00","description":"Ningu\u00e9m sabe o que \u00e9, mas vai ser incr\u00edvel.","breadcrumb":{"@id":"https:\/\/obeneficio.com\/on-the-road\/#breadcrumb"},"inLanguage":"en-GB","potentialAction":[{"@type":"ReadAction","target":["https:\/\/obeneficio.com\/on-the-road\/"]}]},{"@type":"BreadcrumbList","@id":"https:\/\/obeneficio.com\/on-the-road\/#breadcrumb","itemListElement":[{"@type":"ListItem","position":1,"name":"In\u00edcio","item":"https:\/\/obeneficio.com\/en\/"},{"@type":"ListItem","position":2,"name":"Na Estrada"}]},{"@type":"WebSite","@id":"https:\/\/obeneficio.com\/#website","url":"https:\/\/obeneficio.com\/","name":"O Benef\u00edcio","description":"Nobody knows what it is, but it will be amazing!","potentialAction":[{"@type":"SearchAction","target":{"@type":"EntryPoint","urlTemplate":"https:\/\/obeneficio.com\/?s={search_term_string}"},"query-input":{"@type":"PropertyValueSpecification","valueRequired":true,"valueName":"search_term_string"}}],"inLanguage":"en-GB"}]}},"_links":{"self":[{"href":"https:\/\/obeneficio.com\/en\/wp-json\/wp\/v2\/pages\/5959","targetHints":{"allow":["GET"]}}],"collection":[{"href":"https:\/\/obeneficio.com\/en\/wp-json\/wp\/v2\/pages"}],"about":[{"href":"https:\/\/obeneficio.com\/en\/wp-json\/wp\/v2\/types\/page"}],"author":[{"embeddable":true,"href":"https:\/\/obeneficio.com\/en\/wp-json\/wp\/v2\/users\/1"}],"replies":[{"embeddable":true,"href":"https:\/\/obeneficio.com\/en\/wp-json\/wp\/v2\/comments?post=5959"}],"version-history":[{"count":5,"href":"https:\/\/obeneficio.com\/en\/wp-json\/wp\/v2\/pages\/5959\/revisions"}],"predecessor-version":[{"id":5964,"href":"https:\/\/obeneficio.com\/en\/wp-json\/wp\/v2\/pages\/5959\/revisions\/5964"}],"wp:attachment":[{"href":"https:\/\/obeneficio.com\/en\/wp-json\/wp\/v2\/media?parent=5959"}],"curies":[{"name":"wp","href":"https:\/\/api.w.org\/{rel}","templated":true}]}}