{"id":5913,"date":"2019-11-29T17:29:31","date_gmt":"2019-11-29T17:29:31","guid":{"rendered":"http:\/\/staging.obeneficio.com\/?page_id=5913"},"modified":"2021-04-20T18:04:55","modified_gmt":"2021-04-20T18:04:55","slug":"politica-servico","status":"publish","type":"page","link":"https:\/\/obeneficio.com\/en\/termos-condicoes\/politica-servico\/","title":{"rendered":"Service Policy"},"content":{"rendered":"<div id=\"fws_69d9cb258c385\"  data-column-margin=\"default\" data-midnight=\"dark\"  data-bg-mobile-hidden=\"\" class=\"wpb_row vc_row-fluid vc_row standard_section\"  style=\"padding-top: 0px; padding-bottom: 0px; \"><div class=\"row-bg-wrap\" data-bg-animation=\"none\" data-bg-overlay=\"false\"><div class=\"inner-wrap\"><div class=\"row-bg\"  style=\"\"><\/div><\/div><div class=\"row-bg-overlay\" ><\/div><\/div><div class=\"col span_12 dark left\">\n\t<div  class=\"vc_col-sm-2 wpb_column column_container vc_column_container col no-extra-padding\"  data-t-w-inherits=\"default\" data-border-radius=\"none\" data-shadow=\"none\" data-border-animation=\"\" data-border-animation-delay=\"\" data-border-width=\"none\" data-border-style=\"solid\" data-border-color=\"\" data-bg-cover=\"\" data-padding-pos=\"all\" data-has-bg-color=\"false\" data-bg-color=\"\" data-bg-opacity=\"1\" data-hover-bg=\"\" data-hover-bg-opacity=\"1\" data-animation=\"\" data-delay=\"0\" >\n\t\t<div class=\"vc_column-inner\" ><div class=\"column-bg-overlay-wrap\" data-bg-animation=\"none\"><div class=\"column-bg-overlay\"><\/div><\/div>\n\t\t\t<div class=\"wpb_wrapper\">\n\t\t\t\t\n\t\t\t<\/div> \n\t\t<\/div>\n\t<\/div> \n\n\t<div  class=\"vc_col-sm-8 wpb_column column_container vc_column_container col no-extra-padding\"  data-t-w-inherits=\"default\" data-border-radius=\"none\" data-shadow=\"none\" data-border-animation=\"\" data-border-animation-delay=\"\" data-border-width=\"none\" data-border-style=\"solid\" data-border-color=\"\" data-bg-cover=\"\" data-padding-pos=\"all\" data-has-bg-color=\"false\" data-bg-color=\"\" data-bg-opacity=\"1\" data-hover-bg=\"\" data-hover-bg-opacity=\"1\" data-animation=\"\" data-delay=\"0\" >\n\t\t<div class=\"vc_column-inner\" ><div class=\"column-bg-overlay-wrap\" data-bg-animation=\"none\"><div class=\"column-bg-overlay\"><\/div><\/div>\n\t\t\t<div class=\"wpb_wrapper\">\n\t\t\t\t<div class=\"col span_12 section-title text-align-center extra-padding\"><h2>\n<h2 style=\"text-align: center\">Service Policy<\/h2>\n<\/h2><\/div><div class=\"clear\"><\/div><div class=\"divider-wrap\" data-alignment=\"default\"><div style=\"height: 30px;\" class=\"divider\"><\/div><\/div>\r\n<div class=\"wpb_text_column wpb_content_element\" >\r\n\t<div class=\"wpb_wrapper\">\r\n\t\t<p>Benef\u00edcio sends orders to Mainland Portugal, Portugal Islands and the whole world. The carrier with which we have a protocol is CTT Expresso and makes deliveries from Monday to Friday, until 6 pm on any business day, at the address indicated in the checkout process.<\/p>\n<div class=\"shopify-policy__body\">\n<p>All orders paid after 12pm are processed the next day.<\/p>\n<h3>Delivery Times and Costs<\/h3>\n<p>Benef\u00edcio publishes unique, unrepeatable pieces and because they have to be done with care and time, all the work of production, customization and serialization starts from the moment of the payment notification. However, there are Particular Conditions for each edition, which you will find next to the description of each product and which take into account the execution and \/ or delivery times.<\/p>\n<p>The customer has several options in the checkout process regarding the delivery method:<\/p>\n<ul>\n<li><strong>Continental Portugal National Expedition Service:<\/strong> delivery is made to the address provided to us for this purpose within 48 hours after sending via the CTT Expresso Service (orders paid after 12 pm are processed the next day).<\/li>\n<li><strong>National Islands Expedition Service (Madeira and Azores):<\/strong> delivery is made to the address provided to us for this purpose within 48 hours after sending via the CTT Expresso Service (orders paid after 12 pm are processed the next day).<\/li>\n<li><strong>International Shipping Service:<\/strong> delivery takes place between 5 and 7 working days after the order is shipped (orders paid after 12 pm are processed the next day). The cost of this service will be given on a case-by-case basis and according to the destination.<\/li>\n<\/ul>\n<p>If the recipient is not at the address, a transit notice will be left, in order to schedule a new delivery attempt or to indicate a delivery point.<\/p>\n<p class=\"entry-wrap\">If you have any questions regarding your order, please contact us through <a class=\"gmail_msg\" href=\"mailto:edetodos@obeneficio.com\" target=\"_blank\" rel=\"noopener noreferrer\" aria-describedby=\"a11y-new-window-external-message\">edetodos@obeneficio.com<\/a>.<\/p>\n<h3>Refund policy<\/h3>\n<p>Benef\u00edcio is a unique experience and we don't want you to feel cheated. However, if your copy of Benef\u00edcio is defective or visibly deteriorated, we suggest that you contact us: <a href=\"mailto:edetodos@obeneficio.com\" aria-describedby=\"a11y-external-message\">edetodos@obeneficio.com<\/a><\/p>\n<p>Put right away:<\/p>\n<ul>\n<li>Order number<\/li>\n<li>Product reference and name<\/li>\n<li>Defect details<\/li>\n<li>A photograph of the problem detected<\/li>\n<\/ul>\n<p>With the data provided above we will make a careful and rigorous assessment. If there is a problem with the product, we will give instructions for return and logistical details and subsequent replacement through <a href=\"mailto:edetodos@obeneficio.com\" aria-describedby=\"a11y-external-message\">edetodos@obeneficio.com<\/a><\/p>\n<p>The exchange will be processed within 5 working days.<\/p>\n<h3>Prices and Payment Methods<\/h3>\n<p class=\"entry-wrap\">Benef\u00edcio uses as payment method: Paypal and Credit Card associated with Paypal account (VISA, VISA ELECTRON, MASTER CARD AND MAESTRO) and direct payment by Credit Card through Braintree to Paypal Company (VISA, VISA ELECTRON, MASTER CARD E CONDUCTOR).<\/p>\n<p>Please go to www.paypal.com for more information on PayPal payments.<\/p>\n<p>All prices shown already include VAT at the legal rate in force.<br \/>\nCredit card verification<\/p>\n<p>Credit card users are subject to validation and authorization of the card by their issuer. If the card is declined, you will be immediately informed by our system, when you are completing the order.<\/p>\n<p>When evaluating your order request, it is possible to disclose your data, such as address and postal code, for the verification of security alerts and the effects of preventing and detecting any type of fraudulent scheme.<\/p>\n<p>Even so, whenever your data is released, it will remain secure.<\/p>\n<p>If you think your data is not correct, you can correct it by following the procedure in our Privacy Policy.<\/p>\n<h3>Product Information<\/h3>\n<p>At Benef\u00edcio we do everything in our power to ensure that all details, descriptions and prices of the products presented are correct. However, it may happen that the information about our products was made wrongly published (including prices or promotions), Benef\u00edcio may refuse an order taking into account these criteria. The refusal of an order may also be related to the following problems: product out of stock, inability to obtain payment authorization, fraudulent orders.<\/p>\n<p>If there is a problem with your order, you will be contacted immediately by Benef\u00edcio.<\/p>\n<p>It is possible to cancel orders that have not yet been sent, for this you must contact us through <a href=\"mailto:edetodos@obeneficio.com\" aria-describedby=\"a11y-external-message\">edetodos@obeneficio.com<\/a>.<\/p>\n<p>Benef\u00edcio may change prices without prior notice. All prices shown include VAT at the legal rate in force.<\/p>\n<\/div>\n\t<\/div>\r\n<\/div>\r\n\r\n\r\n\r\n\n\t\t\t<\/div> \n\t\t<\/div>\n\t<\/div> \n\n\t<div  class=\"vc_col-sm-2 wpb_column column_container vc_column_container col no-extra-padding\"  data-t-w-inherits=\"default\" data-border-radius=\"none\" data-shadow=\"none\" data-border-animation=\"\" data-border-animation-delay=\"\" data-border-width=\"none\" data-border-style=\"solid\" data-border-color=\"\" data-bg-cover=\"\" data-padding-pos=\"all\" data-has-bg-color=\"false\" data-bg-color=\"\" data-bg-opacity=\"1\" data-hover-bg=\"\" data-hover-bg-opacity=\"1\" data-animation=\"\" data-delay=\"0\" >\n\t\t<div class=\"vc_column-inner\" ><div class=\"column-bg-overlay-wrap\" data-bg-animation=\"none\"><div class=\"column-bg-overlay\"><\/div><\/div>\n\t\t\t<div class=\"wpb_wrapper\">\n\t\t\t\t\n\t\t\t<\/div> \n\t\t<\/div>\n\t<\/div> \n<\/div><\/div>","protected":false},"excerpt":{"rendered":"Pol\u00edtica de Servi\u00e7o O Benef\u00edcio envia encomendas para Portugal Continental, Ilhas Portugal e todo o Mundo. A transportadora com quem temos protocolo s\u00e3o a CTT Expresso e efectua entregas de...","protected":false},"author":1,"featured_media":0,"parent":5893,"menu_order":0,"comment_status":"closed","ping_status":"closed","template":"","meta":{"footnotes":""},"class_list":["post-5913","page","type-page","status-publish"],"yoast_head":"<!-- This site is optimized with the Yoast SEO plugin v27.3 - https:\/\/yoast.com\/product\/yoast-seo-wordpress\/ -->\n<title>Pol\u00edtica de Servi\u00e7o \u2013 O Benef\u00edcio<\/title>\n<meta name=\"description\" content=\"Ningu\u00e9m sabe o que \u00e9, mas vai ser incr\u00edvel.\" \/>\n<meta name=\"robots\" content=\"index, follow, max-snippet:-1, max-image-preview:large, max-video-preview:-1\" \/>\n<link rel=\"canonical\" href=\"https:\/\/obeneficio.com\/en\/termos-condicoes\/politica-servico\/\" \/>\n<meta name=\"twitter:label1\" content=\"Estimated reading time\" \/>\n\t<meta name=\"twitter:data1\" content=\"5 minutes\" \/>\n<script type=\"application\/ld+json\" class=\"yoast-schema-graph\">{\"@context\":\"https:\\\/\\\/schema.org\",\"@graph\":[{\"@type\":\"WebPage\",\"@id\":\"https:\\\/\\\/obeneficio.com\\\/termos-condicoes\\\/politica-servico\\\/\",\"url\":\"https:\\\/\\\/obeneficio.com\\\/termos-condicoes\\\/politica-servico\\\/\",\"name\":\"Pol\u00edtica de Servi\u00e7o \u2013 O Benef\u00edcio\",\"isPartOf\":{\"@id\":\"https:\\\/\\\/obeneficio.com\\\/#website\"},\"datePublished\":\"2019-11-29T17:29:31+00:00\",\"dateModified\":\"2021-04-20T18:04:55+00:00\",\"description\":\"Ningu\u00e9m sabe o que \u00e9, mas vai ser incr\u00edvel.\",\"breadcrumb\":{\"@id\":\"https:\\\/\\\/obeneficio.com\\\/termos-condicoes\\\/politica-servico\\\/#breadcrumb\"},\"inLanguage\":\"en-GB\",\"potentialAction\":[{\"@type\":\"ReadAction\",\"target\":[\"https:\\\/\\\/obeneficio.com\\\/termos-condicoes\\\/politica-servico\\\/\"]}]},{\"@type\":\"BreadcrumbList\",\"@id\":\"https:\\\/\\\/obeneficio.com\\\/termos-condicoes\\\/politica-servico\\\/#breadcrumb\",\"itemListElement\":[{\"@type\":\"ListItem\",\"position\":1,\"name\":\"In\u00edcio\",\"item\":\"https:\\\/\\\/obeneficio.com\\\/en\\\/\"},{\"@type\":\"ListItem\",\"position\":2,\"name\":\"Termos e Condi\u00e7\u00f5es\",\"item\":\"https:\\\/\\\/obeneficio.com\\\/termos-condicoes\\\/\"},{\"@type\":\"ListItem\",\"position\":3,\"name\":\"Pol\u00edtica de Servi\u00e7o\"}]},{\"@type\":\"WebSite\",\"@id\":\"https:\\\/\\\/obeneficio.com\\\/#website\",\"url\":\"https:\\\/\\\/obeneficio.com\\\/\",\"name\":\"O Benef\u00edcio\",\"description\":\"Ningu\u00e9m sabe o que \u00e9, mas vai ser incr\u00edvel!\",\"potentialAction\":[{\"@type\":\"SearchAction\",\"target\":{\"@type\":\"EntryPoint\",\"urlTemplate\":\"https:\\\/\\\/obeneficio.com\\\/?s={search_term_string}\"},\"query-input\":{\"@type\":\"PropertyValueSpecification\",\"valueRequired\":true,\"valueName\":\"search_term_string\"}}],\"inLanguage\":\"en-GB\"}]}<\/script>\n<!-- \/ Yoast SEO plugin. -->","yoast_head_json":{"title":"Pol\u00edtica de Servi\u00e7o \u2013 O Benef\u00edcio","description":"Ningu\u00e9m sabe o que \u00e9, mas vai ser incr\u00edvel.","robots":{"index":"index","follow":"follow","max-snippet":"max-snippet:-1","max-image-preview":"max-image-preview:large","max-video-preview":"max-video-preview:-1"},"canonical":"https:\/\/obeneficio.com\/en\/termos-condicoes\/politica-servico\/","twitter_misc":{"Estimated reading time":"5 minutes"},"schema":{"@context":"https:\/\/schema.org","@graph":[{"@type":"WebPage","@id":"https:\/\/obeneficio.com\/termos-condicoes\/politica-servico\/","url":"https:\/\/obeneficio.com\/termos-condicoes\/politica-servico\/","name":"Pol\u00edtica de Servi\u00e7o \u2013 O Benef\u00edcio","isPartOf":{"@id":"https:\/\/obeneficio.com\/#website"},"datePublished":"2019-11-29T17:29:31+00:00","dateModified":"2021-04-20T18:04:55+00:00","description":"Ningu\u00e9m sabe o que \u00e9, mas vai ser incr\u00edvel.","breadcrumb":{"@id":"https:\/\/obeneficio.com\/termos-condicoes\/politica-servico\/#breadcrumb"},"inLanguage":"en-GB","potentialAction":[{"@type":"ReadAction","target":["https:\/\/obeneficio.com\/termos-condicoes\/politica-servico\/"]}]},{"@type":"BreadcrumbList","@id":"https:\/\/obeneficio.com\/termos-condicoes\/politica-servico\/#breadcrumb","itemListElement":[{"@type":"ListItem","position":1,"name":"In\u00edcio","item":"https:\/\/obeneficio.com\/en\/"},{"@type":"ListItem","position":2,"name":"Termos e Condi\u00e7\u00f5es","item":"https:\/\/obeneficio.com\/termos-condicoes\/"},{"@type":"ListItem","position":3,"name":"Pol\u00edtica de Servi\u00e7o"}]},{"@type":"WebSite","@id":"https:\/\/obeneficio.com\/#website","url":"https:\/\/obeneficio.com\/","name":"O Benef\u00edcio","description":"Nobody knows what it is, but it will be amazing!","potentialAction":[{"@type":"SearchAction","target":{"@type":"EntryPoint","urlTemplate":"https:\/\/obeneficio.com\/?s={search_term_string}"},"query-input":{"@type":"PropertyValueSpecification","valueRequired":true,"valueName":"search_term_string"}}],"inLanguage":"en-GB"}]}},"_links":{"self":[{"href":"https:\/\/obeneficio.com\/en\/wp-json\/wp\/v2\/pages\/5913","targetHints":{"allow":["GET"]}}],"collection":[{"href":"https:\/\/obeneficio.com\/en\/wp-json\/wp\/v2\/pages"}],"about":[{"href":"https:\/\/obeneficio.com\/en\/wp-json\/wp\/v2\/types\/page"}],"author":[{"embeddable":true,"href":"https:\/\/obeneficio.com\/en\/wp-json\/wp\/v2\/users\/1"}],"replies":[{"embeddable":true,"href":"https:\/\/obeneficio.com\/en\/wp-json\/wp\/v2\/comments?post=5913"}],"version-history":[{"count":6,"href":"https:\/\/obeneficio.com\/en\/wp-json\/wp\/v2\/pages\/5913\/revisions"}],"predecessor-version":[{"id":6461,"href":"https:\/\/obeneficio.com\/en\/wp-json\/wp\/v2\/pages\/5913\/revisions\/6461"}],"up":[{"embeddable":true,"href":"https:\/\/obeneficio.com\/en\/wp-json\/wp\/v2\/pages\/5893"}],"wp:attachment":[{"href":"https:\/\/obeneficio.com\/en\/wp-json\/wp\/v2\/media?parent=5913"}],"curies":[{"name":"wp","href":"https:\/\/api.w.org\/{rel}","templated":true}]}}