{"id":5819,"date":"2018-08-02T14:45:08","date_gmt":"2018-08-02T14:45:08","guid":{"rendered":"http:\/\/themenectar.com\/demo\/salient-ecommerce-ultimate\/?page_id=173"},"modified":"2023-02-14T17:12:34","modified_gmt":"2023-02-14T17:12:34","slug":"manifest","status":"publish","type":"page","link":"https:\/\/obeneficio.com\/en\/manifest\/","title":{"rendered":"Manifest"},"content":{"rendered":"<div id=\"fws_69d9cb258cb85\"  data-column-margin=\"default\" data-midnight=\"dark\"  data-bg-mobile-hidden=\"\" class=\"wpb_row vc_row-fluid vc_row standard_section\"  style=\"padding-top: 0px; padding-bottom: 0px; \"><div class=\"row-bg-wrap\" data-bg-animation=\"none\" data-bg-overlay=\"false\"><div class=\"inner-wrap\"><div class=\"row-bg\"  style=\"\"><\/div><\/div><div class=\"row-bg-overlay\" ><\/div><\/div><div class=\"col span_12 dark left\">\n\t<div  class=\"vc_col-sm-2 wpb_column column_container vc_column_container col no-extra-padding\"  data-t-w-inherits=\"default\" data-border-radius=\"none\" data-shadow=\"none\" data-border-animation=\"\" data-border-animation-delay=\"\" data-border-width=\"none\" data-border-style=\"solid\" data-border-color=\"\" data-bg-cover=\"\" data-padding-pos=\"all\" data-has-bg-color=\"false\" data-bg-color=\"\" data-bg-opacity=\"1\" data-hover-bg=\"\" data-hover-bg-opacity=\"1\" data-animation=\"\" data-delay=\"0\" >\n\t\t<div class=\"vc_column-inner\" ><div class=\"column-bg-overlay-wrap\" data-bg-animation=\"none\"><div class=\"column-bg-overlay\"><\/div><\/div>\n\t\t\t<div class=\"wpb_wrapper\">\n\t\t\t\t\n\t\t\t<\/div> \n\t\t<\/div>\n\t<\/div> \n\n\t<div  class=\"vc_col-sm-8 wpb_column column_container vc_column_container col centered-text no-extra-padding\"  data-t-w-inherits=\"default\" data-border-radius=\"none\" data-shadow=\"none\" data-border-animation=\"\" data-border-animation-delay=\"\" data-border-width=\"none\" data-border-style=\"solid\" data-border-color=\"\" data-bg-cover=\"\" data-padding-pos=\"all\" data-has-bg-color=\"false\" data-bg-color=\"\" data-bg-opacity=\"1\" data-hover-bg=\"\" data-hover-bg-opacity=\"1\" data-animation=\"\" data-delay=\"0\" >\n\t\t<div class=\"vc_column-inner\" ><div class=\"column-bg-overlay-wrap\" data-bg-animation=\"none\"><div class=\"column-bg-overlay\"><\/div><\/div>\n\t\t\t<div class=\"wpb_wrapper\">\n\t\t\t\t<div class=\"nectar-highlighted-text\" data-style=\"full_text\" data-using-custom-color=\"true\" data-animation-delay=\"false\" data-color=\"#e1d1ae\" data-color-gradient=\"\" style=\"\">\n<h2 style=\"text-align: center;\">Manifest<\/h2>\n<\/div>\r\n<div class=\"wpb_text_column wpb_content_element\" >\r\n\t<div class=\"wpb_wrapper\">\r\n\t\t<p><img loading=\"lazy\" decoding=\"async\" class=\"alignnone size-medium wp-image-6944\" role=\"img\" src=\"http:\/\/obeneficio.com\/wp-content\/uploads\/2020\/04\/assinatura_en.svg\" alt=\"\" width=\"1000\" height=\"300\" \/><\/p>\n<p>O Benef\u00edcio exists since 2016.<\/p>\n<p>Our products are the result of a manufacturing process that uses artisanal and sustainable methods.<\/p>\n<p>We are a talent-oriented company that operates as an engine of local economic development. Our co-creation model is a differentiating factor which we use as an engine to provide fair remuneration for those who create and produce.<\/p>\n<p>We want to put out in the market products that are, in fact, a benefit for everyone.<\/p>\n\t<\/div>\r\n<\/div>\r\n\r\n\r\n\r\n\n\t\t\t<\/div> \n\t\t<\/div>\n\t<\/div> \n\n\t<div  class=\"vc_col-sm-2 wpb_column column_container vc_column_container col no-extra-padding\"  data-t-w-inherits=\"default\" data-border-radius=\"none\" data-shadow=\"none\" data-border-animation=\"\" data-border-animation-delay=\"\" data-border-width=\"none\" data-border-style=\"solid\" data-border-color=\"\" data-bg-cover=\"\" data-padding-pos=\"all\" data-has-bg-color=\"false\" data-bg-color=\"\" data-bg-opacity=\"1\" data-hover-bg=\"\" data-hover-bg-opacity=\"1\" data-animation=\"\" data-delay=\"0\" >\n\t\t<div class=\"vc_column-inner\" ><div class=\"column-bg-overlay-wrap\" data-bg-animation=\"none\"><div class=\"column-bg-overlay\"><\/div><\/div>\n\t\t\t<div class=\"wpb_wrapper\">\n\t\t\t\t\n\t\t\t<\/div> \n\t\t<\/div>\n\t<\/div> \n<\/div><\/div>","protected":false},"excerpt":{"rendered":"Manifesto O Benef\u00edcio existe desde 2016. Os nossos produtos s\u00e3o fruto de um processo de fabrico que utiliza m\u00e9todos artesanais e sustent\u00e1veis. Somos uma empresa orientada para o talento enquanto...","protected":false},"author":1,"featured_media":0,"parent":0,"menu_order":0,"comment_status":"closed","ping_status":"closed","template":"","meta":{"footnotes":""},"class_list":["post-5819","page","type-page","status-publish"],"yoast_head":"<!-- This site is optimized with the Yoast SEO plugin v27.3 - https:\/\/yoast.com\/product\/yoast-seo-wordpress\/ -->\n<title>Manifesto \u2013 O Benef\u00edcio<\/title>\n<meta name=\"description\" content=\"Ningu\u00e9m sabe o que \u00e9, mas vai ser incr\u00edvel.\" \/>\n<meta name=\"robots\" content=\"index, follow, max-snippet:-1, max-image-preview:large, max-video-preview:-1\" \/>\n<link rel=\"canonical\" href=\"https:\/\/obeneficio.com\/en\/manifest\/\" \/>\n<meta name=\"twitter:label1\" content=\"Estimated reading time\" \/>\n\t<meta name=\"twitter:data1\" content=\"1 minute\" \/>\n<script type=\"application\/ld+json\" class=\"yoast-schema-graph\">{\"@context\":\"https:\\\/\\\/schema.org\",\"@graph\":[{\"@type\":\"WebPage\",\"@id\":\"https:\\\/\\\/obeneficio.com\\\/manifest\\\/\",\"url\":\"https:\\\/\\\/obeneficio.com\\\/manifest\\\/\",\"name\":\"Manifesto \u2013 O Benef\u00edcio\",\"isPartOf\":{\"@id\":\"https:\\\/\\\/obeneficio.com\\\/#website\"},\"primaryImageOfPage\":{\"@id\":\"https:\\\/\\\/obeneficio.com\\\/manifest\\\/#primaryimage\"},\"image\":{\"@id\":\"https:\\\/\\\/obeneficio.com\\\/manifest\\\/#primaryimage\"},\"thumbnailUrl\":\"http:\\\/\\\/obeneficio.com\\\/wp-content\\\/uploads\\\/2020\\\/04\\\/assinatura_pt.svg\",\"datePublished\":\"2018-08-02T14:45:08+00:00\",\"dateModified\":\"2023-02-14T17:12:34+00:00\",\"description\":\"Ningu\u00e9m sabe o que \u00e9, mas vai ser incr\u00edvel.\",\"breadcrumb\":{\"@id\":\"https:\\\/\\\/obeneficio.com\\\/manifest\\\/#breadcrumb\"},\"inLanguage\":\"en-GB\",\"potentialAction\":[{\"@type\":\"ReadAction\",\"target\":[\"https:\\\/\\\/obeneficio.com\\\/manifest\\\/\"]}]},{\"@type\":\"ImageObject\",\"inLanguage\":\"en-GB\",\"@id\":\"https:\\\/\\\/obeneficio.com\\\/manifest\\\/#primaryimage\",\"url\":\"http:\\\/\\\/obeneficio.com\\\/wp-content\\\/uploads\\\/2020\\\/04\\\/assinatura_pt.svg\",\"contentUrl\":\"http:\\\/\\\/obeneficio.com\\\/wp-content\\\/uploads\\\/2020\\\/04\\\/assinatura_pt.svg\"},{\"@type\":\"BreadcrumbList\",\"@id\":\"https:\\\/\\\/obeneficio.com\\\/manifest\\\/#breadcrumb\",\"itemListElement\":[{\"@type\":\"ListItem\",\"position\":1,\"name\":\"In\u00edcio\",\"item\":\"https:\\\/\\\/obeneficio.com\\\/en\\\/\"},{\"@type\":\"ListItem\",\"position\":2,\"name\":\"Manifesto\"}]},{\"@type\":\"WebSite\",\"@id\":\"https:\\\/\\\/obeneficio.com\\\/#website\",\"url\":\"https:\\\/\\\/obeneficio.com\\\/\",\"name\":\"O Benef\u00edcio\",\"description\":\"Ningu\u00e9m sabe o que \u00e9, mas vai ser incr\u00edvel!\",\"potentialAction\":[{\"@type\":\"SearchAction\",\"target\":{\"@type\":\"EntryPoint\",\"urlTemplate\":\"https:\\\/\\\/obeneficio.com\\\/?s={search_term_string}\"},\"query-input\":{\"@type\":\"PropertyValueSpecification\",\"valueRequired\":true,\"valueName\":\"search_term_string\"}}],\"inLanguage\":\"en-GB\"}]}<\/script>\n<!-- \/ Yoast SEO plugin. -->","yoast_head_json":{"title":"Manifesto \u2013 O Benef\u00edcio","description":"Ningu\u00e9m sabe o que \u00e9, mas vai ser incr\u00edvel.","robots":{"index":"index","follow":"follow","max-snippet":"max-snippet:-1","max-image-preview":"max-image-preview:large","max-video-preview":"max-video-preview:-1"},"canonical":"https:\/\/obeneficio.com\/en\/manifest\/","twitter_misc":{"Estimated reading time":"1 minute"},"schema":{"@context":"https:\/\/schema.org","@graph":[{"@type":"WebPage","@id":"https:\/\/obeneficio.com\/manifest\/","url":"https:\/\/obeneficio.com\/manifest\/","name":"Manifesto \u2013 O Benef\u00edcio","isPartOf":{"@id":"https:\/\/obeneficio.com\/#website"},"primaryImageOfPage":{"@id":"https:\/\/obeneficio.com\/manifest\/#primaryimage"},"image":{"@id":"https:\/\/obeneficio.com\/manifest\/#primaryimage"},"thumbnailUrl":"http:\/\/obeneficio.com\/wp-content\/uploads\/2020\/04\/assinatura_pt.svg","datePublished":"2018-08-02T14:45:08+00:00","dateModified":"2023-02-14T17:12:34+00:00","description":"Ningu\u00e9m sabe o que \u00e9, mas vai ser incr\u00edvel.","breadcrumb":{"@id":"https:\/\/obeneficio.com\/manifest\/#breadcrumb"},"inLanguage":"en-GB","potentialAction":[{"@type":"ReadAction","target":["https:\/\/obeneficio.com\/manifest\/"]}]},{"@type":"ImageObject","inLanguage":"en-GB","@id":"https:\/\/obeneficio.com\/manifest\/#primaryimage","url":"http:\/\/obeneficio.com\/wp-content\/uploads\/2020\/04\/assinatura_pt.svg","contentUrl":"http:\/\/obeneficio.com\/wp-content\/uploads\/2020\/04\/assinatura_pt.svg"},{"@type":"BreadcrumbList","@id":"https:\/\/obeneficio.com\/manifest\/#breadcrumb","itemListElement":[{"@type":"ListItem","position":1,"name":"In\u00edcio","item":"https:\/\/obeneficio.com\/en\/"},{"@type":"ListItem","position":2,"name":"Manifesto"}]},{"@type":"WebSite","@id":"https:\/\/obeneficio.com\/#website","url":"https:\/\/obeneficio.com\/","name":"O Benef\u00edcio","description":"Nobody knows what it is, but it will be amazing!","potentialAction":[{"@type":"SearchAction","target":{"@type":"EntryPoint","urlTemplate":"https:\/\/obeneficio.com\/?s={search_term_string}"},"query-input":{"@type":"PropertyValueSpecification","valueRequired":true,"valueName":"search_term_string"}}],"inLanguage":"en-GB"}]}},"_links":{"self":[{"href":"https:\/\/obeneficio.com\/en\/wp-json\/wp\/v2\/pages\/5819","targetHints":{"allow":["GET"]}}],"collection":[{"href":"https:\/\/obeneficio.com\/en\/wp-json\/wp\/v2\/pages"}],"about":[{"href":"https:\/\/obeneficio.com\/en\/wp-json\/wp\/v2\/types\/page"}],"author":[{"embeddable":true,"href":"https:\/\/obeneficio.com\/en\/wp-json\/wp\/v2\/users\/1"}],"replies":[{"embeddable":true,"href":"https:\/\/obeneficio.com\/en\/wp-json\/wp\/v2\/comments?post=5819"}],"version-history":[{"count":42,"href":"https:\/\/obeneficio.com\/en\/wp-json\/wp\/v2\/pages\/5819\/revisions"}],"predecessor-version":[{"id":7331,"href":"https:\/\/obeneficio.com\/en\/wp-json\/wp\/v2\/pages\/5819\/revisions\/7331"}],"wp:attachment":[{"href":"https:\/\/obeneficio.com\/en\/wp-json\/wp\/v2\/media?parent=5819"}],"curies":[{"name":"wp","href":"https:\/\/api.w.org\/{rel}","templated":true}]}}