{"id":369,"date":"2019-11-29T14:17:29","date_gmt":"2019-11-29T14:17:29","guid":{"rendered":"http:\/\/staging.obeneficio.com\/cart\/"},"modified":"2026-01-07T01:15:52","modified_gmt":"2026-01-07T01:15:52","slug":"cesto","status":"publish","type":"page","link":"https:\/\/obeneficio.com\/en\/cesto\/","title":{"rendered":"Basket"},"content":{"rendered":"","protected":false},"excerpt":{"rendered":"","protected":false},"author":1,"featured_media":0,"parent":0,"menu_order":0,"comment_status":"closed","ping_status":"closed","template":"","meta":{"footnotes":""},"class_list":["post-369","page","type-page","status-publish"],"yoast_head":"<!-- This site is optimized with the Yoast SEO plugin v27.3 - https:\/\/yoast.com\/product\/yoast-seo-wordpress\/ -->\n<title>Cesto \u2013 O Benef\u00edcio<\/title>\n<meta name=\"description\" content=\"Ningu\u00e9m sabe o que \u00e9, mas vai ser incr\u00edvel.\" \/>\n<meta name=\"robots\" content=\"index, follow, max-snippet:-1, max-image-preview:large, max-video-preview:-1\" \/>\n<link rel=\"canonical\" href=\"https:\/\/obeneficio.com\/en\/cesto\/\" \/>\n<script type=\"application\/ld+json\" class=\"yoast-schema-graph\">{\"@context\":\"https:\\\/\\\/schema.org\",\"@graph\":[{\"@type\":\"WebPage\",\"@id\":\"https:\\\/\\\/obeneficio.com\\\/cesto\\\/\",\"url\":\"https:\\\/\\\/obeneficio.com\\\/cesto\\\/\",\"name\":\"Cesto \u2013 O Benef\u00edcio\",\"isPartOf\":{\"@id\":\"https:\\\/\\\/obeneficio.com\\\/#website\"},\"datePublished\":\"2019-11-29T14:17:29+00:00\",\"dateModified\":\"2026-01-07T01:15:52+00:00\",\"description\":\"Ningu\u00e9m sabe o que \u00e9, mas vai ser incr\u00edvel.\",\"breadcrumb\":{\"@id\":\"https:\\\/\\\/obeneficio.com\\\/cesto\\\/#breadcrumb\"},\"inLanguage\":\"en-GB\",\"potentialAction\":[{\"@type\":\"ReadAction\",\"target\":[\"https:\\\/\\\/obeneficio.com\\\/cesto\\\/\"]}]},{\"@type\":\"BreadcrumbList\",\"@id\":\"https:\\\/\\\/obeneficio.com\\\/cesto\\\/#breadcrumb\",\"itemListElement\":[{\"@type\":\"ListItem\",\"position\":1,\"name\":\"In\u00edcio\",\"item\":\"https:\\\/\\\/obeneficio.com\\\/en\\\/\"},{\"@type\":\"ListItem\",\"position\":2,\"name\":\"Cesto\"}]},{\"@type\":\"WebSite\",\"@id\":\"https:\\\/\\\/obeneficio.com\\\/#website\",\"url\":\"https:\\\/\\\/obeneficio.com\\\/\",\"name\":\"O Benef\u00edcio\",\"description\":\"Ningu\u00e9m sabe o que \u00e9, mas vai ser incr\u00edvel!\",\"potentialAction\":[{\"@type\":\"SearchAction\",\"target\":{\"@type\":\"EntryPoint\",\"urlTemplate\":\"https:\\\/\\\/obeneficio.com\\\/?s={search_term_string}\"},\"query-input\":{\"@type\":\"PropertyValueSpecification\",\"valueRequired\":true,\"valueName\":\"search_term_string\"}}],\"inLanguage\":\"en-GB\"}]}<\/script>\n<!-- \/ Yoast SEO plugin. -->","yoast_head_json":{"title":"Cesto \u2013 O Benef\u00edcio","description":"Ningu\u00e9m sabe o que \u00e9, mas vai ser incr\u00edvel.","robots":{"index":"index","follow":"follow","max-snippet":"max-snippet:-1","max-image-preview":"max-image-preview:large","max-video-preview":"max-video-preview:-1"},"canonical":"https:\/\/obeneficio.com\/en\/cesto\/","schema":{"@context":"https:\/\/schema.org","@graph":[{"@type":"WebPage","@id":"https:\/\/obeneficio.com\/cesto\/","url":"https:\/\/obeneficio.com\/cesto\/","name":"Cesto \u2013 O Benef\u00edcio","isPartOf":{"@id":"https:\/\/obeneficio.com\/#website"},"datePublished":"2019-11-29T14:17:29+00:00","dateModified":"2026-01-07T01:15:52+00:00","description":"Ningu\u00e9m sabe o que \u00e9, mas vai ser incr\u00edvel.","breadcrumb":{"@id":"https:\/\/obeneficio.com\/cesto\/#breadcrumb"},"inLanguage":"en-GB","potentialAction":[{"@type":"ReadAction","target":["https:\/\/obeneficio.com\/cesto\/"]}]},{"@type":"BreadcrumbList","@id":"https:\/\/obeneficio.com\/cesto\/#breadcrumb","itemListElement":[{"@type":"ListItem","position":1,"name":"In\u00edcio","item":"https:\/\/obeneficio.com\/en\/"},{"@type":"ListItem","position":2,"name":"Cesto"}]},{"@type":"WebSite","@id":"https:\/\/obeneficio.com\/#website","url":"https:\/\/obeneficio.com\/","name":"O Benef\u00edcio","description":"Nobody knows what it is, but it will be amazing!","potentialAction":[{"@type":"SearchAction","target":{"@type":"EntryPoint","urlTemplate":"https:\/\/obeneficio.com\/?s={search_term_string}"},"query-input":{"@type":"PropertyValueSpecification","valueRequired":true,"valueName":"search_term_string"}}],"inLanguage":"en-GB"}]}},"_links":{"self":[{"href":"https:\/\/obeneficio.com\/en\/wp-json\/wp\/v2\/pages\/369","targetHints":{"allow":["GET"]}}],"collection":[{"href":"https:\/\/obeneficio.com\/en\/wp-json\/wp\/v2\/pages"}],"about":[{"href":"https:\/\/obeneficio.com\/en\/wp-json\/wp\/v2\/types\/page"}],"author":[{"embeddable":true,"href":"https:\/\/obeneficio.com\/en\/wp-json\/wp\/v2\/users\/1"}],"replies":[{"embeddable":true,"href":"https:\/\/obeneficio.com\/en\/wp-json\/wp\/v2\/comments?post=369"}],"version-history":[{"count":2,"href":"https:\/\/obeneficio.com\/en\/wp-json\/wp\/v2\/pages\/369\/revisions"}],"predecessor-version":[{"id":6953,"href":"https:\/\/obeneficio.com\/en\/wp-json\/wp\/v2\/pages\/369\/revisions\/6953"}],"wp:attachment":[{"href":"https:\/\/obeneficio.com\/en\/wp-json\/wp\/v2\/media?parent=369"}],"curies":[{"name":"wp","href":"https:\/\/api.w.org\/{rel}","templated":true}]}}